{"id":123124,"date":"2022-02-08T00:00:00","date_gmt":"2022-02-08T05:00:00","guid":{"rendered":"https:\/\/gpl-love.com\/es\/producto\/wpforms-form-templates-pack\/"},"modified":"2026-03-09T08:31:02","modified_gmt":"2026-03-09T13:31:02","slug":"wpforms-form-templates-pack","status":"publish","type":"product","link":"https:\/\/gpl-love.com\/es\/producto\/wpforms-form-templates-pack\/","title":{"rendered":"WPForms Form Templates Pack 1.2.2"},"content":{"rendered":"<h3>WPForms Form Templates Pack Caracteristicas<\/h3>\n<p>El paquete de plantillas de formulario WPFORMS proporciona una herramienta indispensable para empresas y personas que desean construir formularios web profesionales y personalizables. Con una extensa colecci\u00f3n de m\u00e1s de 100 plantillas predise\u00f1adas, este paquete ofrece la m\u00e1xima conveniencia en la personalizaci\u00f3n para cumplir con sus requisitos espec\u00edficos, ya sea creando un formulario de contacto, encuesta, formulario de registro o cualquier otra forma de su elecci\u00f3n. Estas plantillas no solo responden, aseguran una apariencia perfecta en todos los dispositivos, sino que tambi\u00e9n ofrecen una integraci\u00f3n sin esfuerzo con servicios de marketing por correo electr\u00f3nico de renombre como MailChimp y Constant Contact. Adem\u00e1s de eso, el paquete de plantillas de formulario WPForms cuenta con un constructor de formulario de arrastre y ca\u00edda f\u00e1cil de usar, junto con una variedad de caracter\u00edsticas avanzadas, lo que le permite crear formas visualmente cautivadoras y altamente funcionales. En consecuencia, al utilizar este paquete, puede ahorrar tiempo y energ\u00eda valiosos, al tiempo que garantiza que sus formularios se alineen a la perfecci\u00f3n con su marca y recopilen efectivamente la informaci\u00f3n deseada de su audiencia.<\/p>\n<ul>\n<li>M\u00e1s de 100 plantillas de formularios dise\u00f1ados profesionalmente<\/li>\n<li>Compatible con el complemento WPFORMS<\/li>\n<li>F\u00e1cil de usar y personalizar<\/li>\n<li>Ahorra tiempo y esfuerzo para crear formularios desde cero<\/li>\n<li>Perfecto para empresas, organizaciones y sitios web personales<\/li>\n<li>Cubre una amplia gama de formularios que incluyen contacto, registro, encuestas y m\u00e1s<\/li>\n<li>Acceso a nuevas plantillas agregadas regularmente<\/li>\n<li>Precio de precio asequible para el valor proporcionado<\/li>\n<li>Atenci\u00f3n al cliente disponible para cualquier pregunta o inquietud<\/li>\n<li>Aumenta la funcionalidad general y la profesionalidad de su sitio web.<\/li>\n<\/ul>\n","protected":false},"excerpt":{"rendered":"<p>El paquete de plantillas de formulario WPForms ofrece una soluci\u00f3n ideal para las personas que buscan producir formas visualmente impresionantes y de primera categor\u00eda. Este paquete integral abarca una variedad de plantillas meticulosamente elaboradas adaptadas para satisfacer diversos tipos de forma, abarcar formularios de contacto, formularios de retroalimentaci\u00f3n, formularios de registro y una variedad de otros. Cada plantilla dentro de este paquete es totalmente personalizable, lo que lo permite con la capacidad de modificar y ajustar cada elemento para alinearse impecablemente con su marca y requisitos distintivos. Al aprovechar el paquete de plantillas de formulario WPFORMS, puede economizar de manera efectiva el tiempo y acelerar su proceso de creaci\u00f3n de formularios, todo al tiempo que garantiza la entrega de un producto final refinado y profesional.<\/p>\n","protected":false},"featured_media":168499,"comment_status":"open","ping_status":"open","template":"","meta":[],"product_brand":[2628],"product_cat":[1214,1206,1211],"product_tag":[1440],"class_list":{"0":"post-123124","1":"product","2":"type-product","3":"status-publish","4":"has-post-thumbnail","6":"product_brand-wp-forms","7":"product_cat-personalizacion","8":"product_cat-plugins","9":"product_cat-wordpress-plugins","10":"product_tag-wp-forms","11":"member-discount","12":"discount-restricted","14":"first","15":"instock","16":"sale","17":"downloadable","18":"virtual","19":"sold-individually","20":"purchasable","21":"product-type-simple"},"_links":{"self":[{"href":"https:\/\/gpl-love.com\/es\/wp-json\/wp\/v2\/product\/123124","targetHints":{"allow":["GET"]}}],"collection":[{"href":"https:\/\/gpl-love.com\/es\/wp-json\/wp\/v2\/product"}],"about":[{"href":"https:\/\/gpl-love.com\/es\/wp-json\/wp\/v2\/types\/product"}],"replies":[{"embeddable":true,"href":"https:\/\/gpl-love.com\/es\/wp-json\/wp\/v2\/comments?post=123124"}],"wp:featuredmedia":[{"embeddable":true,"href":"https:\/\/gpl-love.com\/es\/wp-json\/wp\/v2\/media\/168499"}],"wp:attachment":[{"href":"https:\/\/gpl-love.com\/es\/wp-json\/wp\/v2\/media?parent=123124"}],"wp:term":[{"taxonomy":"product_brand","embeddable":true,"href":"https:\/\/gpl-love.com\/es\/wp-json\/wp\/v2\/product_brand?post=123124"},{"taxonomy":"product_cat","embeddable":true,"href":"https:\/\/gpl-love.com\/es\/wp-json\/wp\/v2\/product_cat?post=123124"},{"taxonomy":"product_tag","embeddable":true,"href":"https:\/\/gpl-love.com\/es\/wp-json\/wp\/v2\/product_tag?post=123124"}],"curies":[{"name":"wp","href":"https:\/\/api.w.org\/{rel}","templated":true}]}}