{"id":123122,"date":"2023-11-21T00:00:00","date_gmt":"2023-11-21T05:00:00","guid":{"rendered":"https:\/\/gpl-love.com\/es\/producto\/wp-job-manager-simple-paid-listings-addon\/"},"modified":"2026-03-09T08:28:46","modified_gmt":"2026-03-09T13:28:46","slug":"wp-job-manager-simple-paid-listings-addon","status":"publish","type":"product","link":"https:\/\/gpl-love.com\/es\/producto\/wp-job-manager-simple-paid-listings-addon\/","title":{"rendered":"WP Job Manager Simple Paid Listings Addon 2.0.2"},"content":{"rendered":"<h3>WP Job Manager Simple Paid Listings Addon Caracteristicas<\/h3>\n<p>El complemento de WP Job Manager Simple Pagado demuestra ser un instrumento invaluable para los propietarios de sitios web que aspiran a capitalizar su junta de trabajo. Ofreciendo a los solicitantes de empleo la oportunidad de adquirir listados superiores, este complemento les confiere una posici\u00f3n m\u00e1s llamativa en la junta de trabajo. Adem\u00e1s, faculta a los propietarios del sitio web recaudar cargos por las publicaciones de trabajo, lo que genera una fuente adicional de ingresos. Este complemento se caracteriza por su naturaleza f\u00e1cil de usar y su integraci\u00f3n perfecta con WP Job Manager, lo que lo convierte en un activo indispensable para cualquier administrador de la junta de trabajo. Al aprovechar el complemento simple de los listados pagados, los propietarios del sitio web pueden aumentar sus ganancias mientras mejoran simult\u00e1neamente la experiencia del usuario para los solicitantes de empleo.<\/p>\n<ul>\n<li>Habilita la creaci\u00f3n de listados de trabajo de pago simples en su sitio de WP Job Manager<\/li>\n<li>Ofrece paquetes de precios personalizables para que los empleadores elijan<\/li>\n<li>Admite pasarelas de pago comunes como PayPal y Stripe<\/li>\n<li>Proporciona a los empleadores la capacidad de renovar los listados o establecerlos para expirar autom\u00e1ticamente<\/li>\n<li>Permite la creaci\u00f3n de categor\u00edas y etiquetas de listado de trabajo<\/li>\n<li>Incluye un sistema de informes integral que rastrea el estado y las ganancias de cada listado de trabajo<\/li>\n<li>Se integra a la perfecci\u00f3n con otros complementos y temas de WP Job Manager<\/li>\n<li>Proporciona opciones de shortcode y widget f\u00e1ciles de usar para mostrar listados de trabajo en su sitio<\/li>\n<li>Ofrece soporte multiling\u00fce para empresas globales<\/li>\n<li>Proporciona una excelente atenci\u00f3n al cliente y actualizaciones frecuentes para garantizar la compatibilidad con las \u00faltimas versiones de WordPress y WP Job Manager.<\/li>\n<\/ul>\n","protected":false},"excerpt":{"rendered":"<p>El complemento de WP Job Manager Simple Pagado es una caracter\u00edstica incre\u00edblemente beneficiosa que proporciona a los usuarios una soluci\u00f3n conveniente para administrar y monetizar de manera efectiva sus listados de trabajo. Este complemento en particular ofrece un m\u00e9todo perfecto y sin esfuerzo para establecer listados de trabajo pagados en su sitio web, lo que le permite generar ingresos a partir de su tr\u00e1fico existente y potencialmente obtener ingresos adicionales. Con esta caracter\u00edstica notable, tiene la capacidad de establecer y supervisar r\u00e1pida y f\u00e1cilmente sus listados de trabajo pagados, as\u00ed como adaptar los precios y los paquetes para satisfacer sus requisitos espec\u00edficos. En consecuencia, esta soluci\u00f3n demuestra ser una opci\u00f3n ideal para las personas que buscan generar ingresos complementarios de su portal de trabajo o sitio de reclutamiento.<\/p>\n","protected":false},"featured_media":168408,"comment_status":"open","ping_status":"open","template":"","meta":[],"product_brand":[2626],"product_cat":[1214,1206,1211],"product_tag":[1444],"class_list":{"0":"post-123122","1":"product","2":"type-product","3":"status-publish","4":"has-post-thumbnail","6":"product_brand-wp-job-manager","7":"product_cat-personalizacion","8":"product_cat-plugins","9":"product_cat-wordpress-plugins","10":"product_tag-wp-job-manager","11":"member-discount","12":"discount-restricted","14":"first","15":"instock","16":"sale","17":"downloadable","18":"virtual","19":"sold-individually","20":"purchasable","21":"product-type-simple"},"_links":{"self":[{"href":"https:\/\/gpl-love.com\/es\/wp-json\/wp\/v2\/product\/123122","targetHints":{"allow":["GET"]}}],"collection":[{"href":"https:\/\/gpl-love.com\/es\/wp-json\/wp\/v2\/product"}],"about":[{"href":"https:\/\/gpl-love.com\/es\/wp-json\/wp\/v2\/types\/product"}],"replies":[{"embeddable":true,"href":"https:\/\/gpl-love.com\/es\/wp-json\/wp\/v2\/comments?post=123122"}],"wp:featuredmedia":[{"embeddable":true,"href":"https:\/\/gpl-love.com\/es\/wp-json\/wp\/v2\/media\/168408"}],"wp:attachment":[{"href":"https:\/\/gpl-love.com\/es\/wp-json\/wp\/v2\/media?parent=123122"}],"wp:term":[{"taxonomy":"product_brand","embeddable":true,"href":"https:\/\/gpl-love.com\/es\/wp-json\/wp\/v2\/product_brand?post=123122"},{"taxonomy":"product_cat","embeddable":true,"href":"https:\/\/gpl-love.com\/es\/wp-json\/wp\/v2\/product_cat?post=123122"},{"taxonomy":"product_tag","embeddable":true,"href":"https:\/\/gpl-love.com\/es\/wp-json\/wp\/v2\/product_tag?post=123122"}],"curies":[{"name":"wp","href":"https:\/\/api.w.org\/{rel}","templated":true}]}}