{"id":123120,"date":"2023-09-09T00:00:00","date_gmt":"2023-09-09T05:00:00","guid":{"rendered":"https:\/\/gpl-love.com\/es\/producto\/wp-job-manager-products-addon\/"},"modified":"2026-03-09T08:28:43","modified_gmt":"2026-03-09T13:28:43","slug":"wp-job-manager-products-addon","status":"publish","type":"product","link":"https:\/\/gpl-love.com\/es\/producto\/wp-job-manager-products-addon\/","title":{"rendered":"WP Job Manager Products Addon 1.8.4"},"content":{"rendered":"<h3>WP Job Manager Products Addon Caracteristicas<\/h3>\n<p>El complemento de productos de WP Job Manager, una herramienta muy robusta y eficiente, otorga a las empresas la capacidad de generar y regular sin esfuerzo sus propios productos a trav\u00e9s de la aclamada plataforma WP Job Manager. Este complemento de vanguardia equipa a las empresas con la capacidad de integrar a la perfecci\u00f3n los productos frescos, administrar efectivamente las ofertas existentes y exhibir efectivamente su amplia gama de productos a la posible clientela. Al proporcionar a los usuarios una interfaz intuitiva, este complemento optimiza la ardua tarea de la gesti\u00f3n de productos al facilitar la adici\u00f3n de descripciones integrales de productos, im\u00e1genes cautivadoras e informaci\u00f3n de precios pertinentes. Adem\u00e1s, permite a las empresas adaptar expertamente la presentaci\u00f3n de sus productos para alinearse impecablemente con sus requisitos \u00fanicos. En consecuencia, el complemento de productos de WP Job Manager emerge como la soluci\u00f3n por excelencia para las empresas, independientemente de su escala, que aspiran a promover sus productos de manera efectiva con la m\u00e1xima profesionalidad y eficiencia inquebrantable.<\/p>\n<ul>\n<li>Agrega un nuevo tipo de producto a su WP Job Manager<\/li>\n<li>Le permite crear y administrar nuevos listados de productos<\/li>\n<li>Incluye un formulario personalizable para agregar detalles del producto y precios<\/li>\n<li>Muestra las im\u00e1genes del producto, las descripciones y otros detalles en la p\u00e1gina de listado de trabajo<\/li>\n<li>Le permite especificar la categor\u00eda de producto, las etiquetas y otros atributos<\/li>\n<li>Admite m\u00faltiples opciones de precios, como tarifas por hora o fijas<\/li>\n<li>Permite a los visitantes comprar productos directamente desde su sitio web, utilizando PayPal o Stripe<\/li>\n<li>Proporciona informes detallados sobre la venta de productos y los ingresos<\/li>\n<li>Se integra a la perfecci\u00f3n con WP Job Manager y otros complementos de WordPress<\/li>\n<li>Ofrece apoyo y documentaci\u00f3n incomparables del equipo en WP Job Manager.<\/li>\n<\/ul>\n","protected":false},"excerpt":{"rendered":"<p>El complemento de productos de WP Job Manager se presenta como una herramienta extremadamente formidable y robusta que confiere a sus usuarios la capacidad de autor, generar y supervisar productos dentro del \u00e1mbito de su tablero de trabajo. Utilizando este complemento, uno puede agregar convenientemente productos a sus listados de empleo y ofrecer a los solicitantes de empleo la oportunidad de obtener dichos productos sin intermediaci\u00f3n directamente a trav\u00e9s de su sitio web. Adem\u00e1s, este complemento en particular extiende su apoyo para adoptar pagos recurrentes, adem\u00e1s de numerosas alternativas de precios, lo que lo convierte en una soluci\u00f3n particularmente \u00f3ptima y excelente para las empresas que est\u00e1n interesadas en capitalizar su junta de trabajo. Independientemente de si la intenci\u00f3n de uno es vender publicaciones de trabajo u otros tipos de mercanc\u00edas, el complemento de productos de WP Job Manager es indudablemente una adquisici\u00f3n imperativa y no negociable para cualquier operador de la Junta de Job.<\/p>\n","protected":false},"featured_media":168406,"comment_status":"open","ping_status":"open","template":"","meta":[],"product_brand":[2626],"product_cat":[1214,1206,1211],"product_tag":[1444],"class_list":{"0":"post-123120","1":"product","2":"type-product","3":"status-publish","4":"has-post-thumbnail","6":"product_brand-wp-job-manager","7":"product_cat-personalizacion","8":"product_cat-plugins","9":"product_cat-wordpress-plugins","10":"product_tag-wp-job-manager","11":"member-discount","12":"discount-restricted","14":"first","15":"instock","16":"sale","17":"downloadable","18":"virtual","19":"sold-individually","20":"purchasable","21":"product-type-simple"},"_links":{"self":[{"href":"https:\/\/gpl-love.com\/es\/wp-json\/wp\/v2\/product\/123120","targetHints":{"allow":["GET"]}}],"collection":[{"href":"https:\/\/gpl-love.com\/es\/wp-json\/wp\/v2\/product"}],"about":[{"href":"https:\/\/gpl-love.com\/es\/wp-json\/wp\/v2\/types\/product"}],"replies":[{"embeddable":true,"href":"https:\/\/gpl-love.com\/es\/wp-json\/wp\/v2\/comments?post=123120"}],"wp:featuredmedia":[{"embeddable":true,"href":"https:\/\/gpl-love.com\/es\/wp-json\/wp\/v2\/media\/168406"}],"wp:attachment":[{"href":"https:\/\/gpl-love.com\/es\/wp-json\/wp\/v2\/media?parent=123120"}],"wp:term":[{"taxonomy":"product_brand","embeddable":true,"href":"https:\/\/gpl-love.com\/es\/wp-json\/wp\/v2\/product_brand?post=123120"},{"taxonomy":"product_cat","embeddable":true,"href":"https:\/\/gpl-love.com\/es\/wp-json\/wp\/v2\/product_cat?post=123120"},{"taxonomy":"product_tag","embeddable":true,"href":"https:\/\/gpl-love.com\/es\/wp-json\/wp\/v2\/product_tag?post=123120"}],"curies":[{"name":"wp","href":"https:\/\/api.w.org\/{rel}","templated":true}]}}