{"id":123118,"date":"2023-12-19T00:00:00","date_gmt":"2023-12-19T05:00:00","guid":{"rendered":"https:\/\/gpl-love.com\/es\/producto\/wp-job-manager-listing-payments\/"},"modified":"2026-03-09T08:28:42","modified_gmt":"2026-03-09T13:28:42","slug":"wp-job-manager-listing-payments","status":"publish","type":"product","link":"https:\/\/gpl-love.com\/es\/producto\/wp-job-manager-listing-payments\/","title":{"rendered":"WP Job Manager Listing Payments 2.2.5"},"content":{"rendered":"<h3>WP Job Manager Listing Payments Caracteristicas<\/h3>\n<p>WP Job Manager Listing Payments, una integraci\u00f3n excepcional del sistema de pago, proporciona un medio sin esfuerzo y altamente seguro para que los empleadores paguen convenientemente sus presentaciones de listado de trabajo. Al incorporar a la perfecci\u00f3n con pasarelas de pago de renombre como PayPal, Stripe y Authorize.net, este notable complemento simplifica enormemente el proceso de pago, proporcionando a los empleadores un notable grado de flexibilidad con respecto a sus opciones de pago. Adem\u00e1s, cuenta con un tablero completo que permite a los empleadores monitorear meticulosamente sus pagos y listados de trabajo. Sin lugar a dudas, este complemento indispensable representa una necesidad absoluta para cualquier propietario de un negocio astuto o reclutador exigente que busque un enfoque eficiente y sin problemas para administrar sus listados de trabajo y pagos en su estimado sitio web.<\/p>\n<ul>\n<li>Permite a los propietarios de sitios web cobrar a los usuarios por enumerar las publicaciones de trabajo en su sitio<\/li>\n<li>Se integra a la perfecci\u00f3n con el complemento de WP Job Manager<\/li>\n<li>Ofrece una variedad de pasarelas de pago que incluyen PayPal, Stripe y m\u00e1s<\/li>\n<li>Permite a los propietarios de sitios web establecer opciones de precios para diferentes paquetes de listado de trabajo<\/li>\n<li>Proporciona informes de pago detallados tanto para el propietario del sitio web como para el usuario<\/li>\n<li>Ofrece recordatorios de pago autom\u00e1ticos para garantizar el pago oportuno de los listados<\/li>\n<li>Se puede personalizar con opciones de marca para que coincidan con el dise\u00f1o del sitio web<\/li>\n<li>Proporciona un procesamiento de pago seguro para proteger la informaci\u00f3n confidencial<\/li>\n<li>Ofrece opciones de pago flexibles, como pagos \u00fanicos o suscripciones recurrentes<\/li>\n<li>Se pueden usar tanto para las publicaciones de trabajo o paquetes de trabajo a granel.<\/li>\n<\/ul>\n","protected":false},"excerpt":{"rendered":"<p>WP Job Manager Listing Payments es un complemento de WordPress extremadamente robusto y rico en funciones que sirve como un conducto para que los usuarios recopilen los pagos sin esfuerzo para sus listados de trabajo en su sitio web. Este complemento f\u00e1cil e intuitivo faculta a los propietarios de sitios web con la capacidad de generar ingresos de manera efectiva de su tablero de trabajo mediante la implementaci\u00f3n de un sistema que cobra a los usuarios por el privilegio de publicar listados de trabajo. En virtud de sus estructuras de precios altamente personalizables y opciones de pago notablemente flexibles, los pagos de la lista de WP Job Manager ofrecen a los administradores del sitio web un medio sin problemas y sin complicaciones para monitorear y supervisar sus operaciones de pago en su sitio web. Adem\u00e1s, este complemento es perfectamente compatible con una variedad diversa de pasarelas de pago inmensamente populares, facilitando as\u00ed un proceso de publicaci\u00f3n de empleo simplificado y acelerado al tiempo que refuerza sus ganancias financieras. Le imploramos de todo coraz\u00f3n que experimente las capacidades incomparables y el potencial ilimitado de WP Job Manager que enumera los pagos de primera mano y impulse su tablero de trabajo a un nivel de \u00e9xito y prosperidad sin precedentes.<\/p>\n","protected":false},"featured_media":168405,"comment_status":"open","ping_status":"open","template":"","meta":[],"product_brand":[2626],"product_cat":[1278,1206,1211],"product_tag":[1444],"class_list":{"0":"post-123118","1":"product","2":"type-product","3":"status-publish","4":"has-post-thumbnail","6":"product_brand-wp-job-manager","7":"product_cat-pago","8":"product_cat-plugins","9":"product_cat-wordpress-plugins","10":"product_tag-wp-job-manager","11":"member-discount","12":"discount-restricted","14":"first","15":"instock","16":"sale","17":"downloadable","18":"virtual","19":"sold-individually","20":"purchasable","21":"product-type-simple"},"_links":{"self":[{"href":"https:\/\/gpl-love.com\/es\/wp-json\/wp\/v2\/product\/123118","targetHints":{"allow":["GET"]}}],"collection":[{"href":"https:\/\/gpl-love.com\/es\/wp-json\/wp\/v2\/product"}],"about":[{"href":"https:\/\/gpl-love.com\/es\/wp-json\/wp\/v2\/types\/product"}],"replies":[{"embeddable":true,"href":"https:\/\/gpl-love.com\/es\/wp-json\/wp\/v2\/comments?post=123118"}],"wp:featuredmedia":[{"embeddable":true,"href":"https:\/\/gpl-love.com\/es\/wp-json\/wp\/v2\/media\/168405"}],"wp:attachment":[{"href":"https:\/\/gpl-love.com\/es\/wp-json\/wp\/v2\/media?parent=123118"}],"wp:term":[{"taxonomy":"product_brand","embeddable":true,"href":"https:\/\/gpl-love.com\/es\/wp-json\/wp\/v2\/product_brand?post=123118"},{"taxonomy":"product_cat","embeddable":true,"href":"https:\/\/gpl-love.com\/es\/wp-json\/wp\/v2\/product_cat?post=123118"},{"taxonomy":"product_tag","embeddable":true,"href":"https:\/\/gpl-love.com\/es\/wp-json\/wp\/v2\/product_tag?post=123118"}],"curies":[{"name":"wp","href":"https:\/\/api.w.org\/{rel}","templated":true}]}}