{"id":123114,"date":"2022-09-20T00:00:00","date_gmt":"2022-09-20T05:00:00","guid":{"rendered":"https:\/\/gpl-love.com\/es\/producto\/wp-job-manager-indeed-integration-addon\/"},"modified":"2026-03-09T08:28:38","modified_gmt":"2026-03-09T13:28:38","slug":"wp-job-manager-indeed-integration-addon","status":"publish","type":"product","link":"https:\/\/gpl-love.com\/es\/producto\/wp-job-manager-indeed-integration-addon\/","title":{"rendered":"WP Job Manager Indeed Integration Addon 2.2.0"},"content":{"rendered":"<h3>WP Job Manager Indeed Integration Addon Caracteristicas<\/h3>\n<p>El Addon de WP Job Manager, una herramienta altamente eficiente, se ha desarrollado espec\u00edficamente para facilitar el procedimiento de publicaci\u00f3n de trabajo para los empleadores. A trav\u00e9s de este complemento, los empleadores pueden importar sin esfuerzo listados de empleo desde el motor de b\u00fasqueda de empleo m\u00e1s grande a nivel mundial y publicarlos de inmediato en su propio sitio web. En consecuencia, este complemento evita la necesidad de ingresar manualmente los detalles del trabajo en el sitio web, ahorrando as\u00ed el tiempo y el esfuerzo. Adem\u00e1s, este complemento est\u00e1 equipado con filtros avanzados que permiten a los usuarios descubrir f\u00e1cilmente los listados de trabajo m\u00e1s pertinentes de acuerdo con su industria y ubicaci\u00f3n geogr\u00e1fica. Adem\u00e1s, se integra perfectamente con el complemento de WP Job Manager, asegurando as\u00ed la gesti\u00f3n sin esfuerzo y el monitoreo de las solicitudes de empleo. Si desea optimizar su procedimiento de contrataci\u00f3n y atraer talento de primer nivel, el Administrador de Job Manager de WP constituye la soluci\u00f3n \u00f3ptima para usted.<\/p>\n<ul>\n<li>Integra WP Job Manager con el motor de b\u00fasqueda de empleo de hecho<\/li>\n<li>Permite que los listados de trabajo en su sitio se env\u00eden autom\u00e1ticamente a realmente<\/li>\n<li>Aumenta la visibilidad y el alcance de sus listados de trabajo<\/li>\n<li>Proceso de configuraci\u00f3n f\u00e1cil con instrucciones paso a paso<\/li>\n<li>Proporciona informes detallados sobre el rendimiento del listado de empleo en realmente<\/li>\n<li>Actualiza autom\u00e1ticamente los listados de trabajo en realidad cuando haya cambios en su sitio<\/li>\n<li>Mejora la eficiencia al eliminar la necesidad de enumerar manualmente los trabajos en m\u00faltiples plataformas<\/li>\n<li>Aumenta las posibilidades de atraer candidatos calificados al llegar a un p\u00fablico m\u00e1s amplio<\/li>\n<li>Compatible con todos los complementos y temas de WP Job Manager<\/li>\n<li>Equipo de apoyo receptivo disponible para ayudar con cualquier problema o pregunta.<\/li>\n<\/ul>\n","protected":false},"excerpt":{"rendered":"<p>El Addon de integraci\u00f3n de WP Manager de WP sirve como un complemento muy valioso que provoca una integraci\u00f3n perfecta de la publicaci\u00f3n de empleo y la b\u00fasqueda de funcionalidades en su sitio de WordPress. Al incorporar este complemento en su plataforma, puede amalgamar sin esfuerzo a su gerente de trabajo de WP con la famosa junta de trabajo, mejorando significativamente su visibilidad a un grupo expansivo de solicitantes de empleo que abarca el mundo. Sorprendentemente, este complemento importa sin problemas listados de empleo de realmente y los incorpora sin esfuerzo a su tablero de trabajo existente, lo que permite a su audiencia a explorar y buscar un espectro m\u00e1s amplio de oportunidades de empleo. Adem\u00e1s, este complemento facilita la carga r\u00e1pida y sin problemas de los curr\u00edculums por parte de los solicitantes de empleo en su sitio, en consecuencia, simplificando el proceso para que los empleadores busquen e identifiquen eficientemente al candidato m\u00e1s adecuado para su vacante de empleo. Abrace la utilizaci\u00f3n de este complemento de inmediato y revolucione su proceso de reclutamiento como nunca antes.<\/p>\n","protected":false},"featured_media":168402,"comment_status":"open","ping_status":"open","template":"","meta":[],"product_brand":[2626],"product_cat":[1232,1206,1211],"product_tag":[1444],"class_list":{"0":"post-123114","1":"product","2":"type-product","3":"status-publish","4":"has-post-thumbnail","6":"product_brand-wp-job-manager","7":"product_cat-marketing-wordpress-plugins","8":"product_cat-plugins","9":"product_cat-wordpress-plugins","10":"product_tag-wp-job-manager","11":"member-discount","12":"discount-restricted","14":"first","15":"instock","16":"sale","17":"downloadable","18":"virtual","19":"sold-individually","20":"purchasable","21":"product-type-simple"},"_links":{"self":[{"href":"https:\/\/gpl-love.com\/es\/wp-json\/wp\/v2\/product\/123114","targetHints":{"allow":["GET"]}}],"collection":[{"href":"https:\/\/gpl-love.com\/es\/wp-json\/wp\/v2\/product"}],"about":[{"href":"https:\/\/gpl-love.com\/es\/wp-json\/wp\/v2\/types\/product"}],"replies":[{"embeddable":true,"href":"https:\/\/gpl-love.com\/es\/wp-json\/wp\/v2\/comments?post=123114"}],"wp:featuredmedia":[{"embeddable":true,"href":"https:\/\/gpl-love.com\/es\/wp-json\/wp\/v2\/media\/168402"}],"wp:attachment":[{"href":"https:\/\/gpl-love.com\/es\/wp-json\/wp\/v2\/media?parent=123114"}],"wp:term":[{"taxonomy":"product_brand","embeddable":true,"href":"https:\/\/gpl-love.com\/es\/wp-json\/wp\/v2\/product_brand?post=123114"},{"taxonomy":"product_cat","embeddable":true,"href":"https:\/\/gpl-love.com\/es\/wp-json\/wp\/v2\/product_cat?post=123114"},{"taxonomy":"product_tag","embeddable":true,"href":"https:\/\/gpl-love.com\/es\/wp-json\/wp\/v2\/product_tag?post=123114"}],"curies":[{"name":"wp","href":"https:\/\/api.w.org\/{rel}","templated":true}]}}