{"id":123112,"date":"2023-11-21T00:00:00","date_gmt":"2023-11-21T05:00:00","guid":{"rendered":"https:\/\/gpl-love.com\/es\/producto\/wp-job-manager-embeddable-job-widget\/"},"modified":"2026-03-09T08:28:35","modified_gmt":"2026-03-09T13:28:35","slug":"wp-job-manager-embeddable-job-widget","status":"publish","type":"product","link":"https:\/\/gpl-love.com\/es\/producto\/wp-job-manager-embeddable-job-widget\/","title":{"rendered":"WP Job Manager Embeddable Job Widget 1.1.6"},"content":{"rendered":"<h3>WP Job Manager Embeddable Job Widget Caracteristicas<\/h3>\n<p>El widget de trabajo integral de trabajo de WP se presenta como el remedio final para los propietarios de sitios web que desean ardientemente exhibir listados de trabajo sin esfuerzo en sus respectivos sitios. Este widget integrado perfectamente amalgamatos armoniosamente con su sitio web, lo que le otorga la capacidad de exhibir sin problemas listados de trabajo de su base de datos de WP Job Manager. Con una interfaz que es inherentemente instintiva, se le otorga la capacidad de personalizar la est\u00e9tica y el comportamiento general del widget para alinearse sin problemas con la identidad \u00fanica de su marca. Adem\u00e1s, el widget de trabajo integral de trabajo de WP Manager est\u00e1 perfectamente optimizado para plataformas m\u00f3viles, lo que hace que sus listados de trabajo no sean sin esfuerzo en cualquier dispositivo. Al incorporar este innovador widget en su plataforma, finalmente mejorar\u00e1 la experiencia del usuario y atraer\u00e1 a un grupo aumentado de candidatos altamente calificados para su variedad de aperturas de trabajo.<\/p>\n<ul>\n<li>Incrustar listados de trabajo en cualquier sitio web con facilidad<\/li>\n<li>Personalice la apariencia del widget para que coincida con su marca<\/li>\n<li>Filtrar listados de trabajo por categor\u00eda, ubicaci\u00f3n y otros criterios<\/li>\n<li>Incluir o excluir trabajos espec\u00edficos de la pantalla de widgets<\/li>\n<li>El dise\u00f1o receptivo asegura que el widget se vea muy bien en cualquier dispositivo<\/li>\n<li>F\u00e1cil de instalar y usar sin codificaci\u00f3n requerida<\/li>\n<li>Admite m\u00faltiples idiomas para una audiencia global<\/li>\n<li>Interfaz f\u00e1cil de usar para que los solicitantes de empleo naveguen y apliquen f\u00e1cilmente a los trabajos<\/li>\n<li>Compatible con WP Job Manager y otros complementos de WordPress.<\/li>\n<\/ul>\n","protected":false},"excerpt":{"rendered":"<p>El widget de trabajo integral del gerente de trabajo de WP es una herramienta incre\u00edblemente robusta y efectiva que otorga a los propietarios de sitios web la capacidad de mostrar sin esfuerzo listados de trabajo en sus sitios web. Simplemente incrustar el widget en su sitio web, recuperar\u00e1 sin esfuerzo listados de trabajo del complemento de WP Job Manager. El widget se puede personalizar f\u00e1cilmente para armonizar con la marca y el estilo de su sitio web. Este notable widget es particularmente ideal para empresas que buscan talento excepcional, as\u00ed como para juntas de trabajo y reclutadores que buscan exhibir sus listados.<\/p>\n","protected":false},"featured_media":168400,"comment_status":"open","ping_status":"open","template":"","meta":[],"product_brand":[2626],"product_cat":[1214,1206,1211],"product_tag":[1444],"class_list":{"0":"post-123112","1":"product","2":"type-product","3":"status-publish","4":"has-post-thumbnail","6":"product_brand-wp-job-manager","7":"product_cat-personalizacion","8":"product_cat-plugins","9":"product_cat-wordpress-plugins","10":"product_tag-wp-job-manager","11":"member-discount","12":"discount-restricted","14":"first","15":"instock","16":"sale","17":"downloadable","18":"virtual","19":"sold-individually","20":"purchasable","21":"product-type-simple"},"_links":{"self":[{"href":"https:\/\/gpl-love.com\/es\/wp-json\/wp\/v2\/product\/123112","targetHints":{"allow":["GET"]}}],"collection":[{"href":"https:\/\/gpl-love.com\/es\/wp-json\/wp\/v2\/product"}],"about":[{"href":"https:\/\/gpl-love.com\/es\/wp-json\/wp\/v2\/types\/product"}],"replies":[{"embeddable":true,"href":"https:\/\/gpl-love.com\/es\/wp-json\/wp\/v2\/comments?post=123112"}],"wp:featuredmedia":[{"embeddable":true,"href":"https:\/\/gpl-love.com\/es\/wp-json\/wp\/v2\/media\/168400"}],"wp:attachment":[{"href":"https:\/\/gpl-love.com\/es\/wp-json\/wp\/v2\/media?parent=123112"}],"wp:term":[{"taxonomy":"product_brand","embeddable":true,"href":"https:\/\/gpl-love.com\/es\/wp-json\/wp\/v2\/product_brand?post=123112"},{"taxonomy":"product_cat","embeddable":true,"href":"https:\/\/gpl-love.com\/es\/wp-json\/wp\/v2\/product_cat?post=123112"},{"taxonomy":"product_tag","embeddable":true,"href":"https:\/\/gpl-love.com\/es\/wp-json\/wp\/v2\/product_tag?post=123112"}],"curies":[{"name":"wp","href":"https:\/\/api.w.org\/{rel}","templated":true}]}}