{"id":123110,"date":"2023-09-09T00:00:00","date_gmt":"2023-09-09T05:00:00","guid":{"rendered":"https:\/\/gpl-love.com\/es\/producto\/wp-job-manager-claim-listing-addon\/"},"modified":"2026-03-09T08:28:33","modified_gmt":"2026-03-09T13:28:33","slug":"wp-job-manager-claim-listing-addon","status":"publish","type":"product","link":"https:\/\/gpl-love.com\/es\/producto\/wp-job-manager-claim-listing-addon\/","title":{"rendered":"WP Job Manager Claim Listing Addon 3.12.4"},"content":{"rendered":"<h3>WP Job Manager Claim Listing Addon Caracteristicas<\/h3>\n<p>El complemento de la lista de reclamos de WP Job Manager, que es una herramienta extremadamente poderosa, proporciona a las empresas e individuos los medios para afirmar su autoridad sobre sus listados de trabajo. Al utilizar este complemento, los usuarios tienen la capacidad conveniente de reclamar la propiedad de sus listados, lo que les permite realizar las actualizaciones o modificaciones necesarias. Esta funcionalidad sirve como un excelente medio para garantizar la precisi\u00f3n constante de los listados de trabajo y garantizar que reciban la exposici\u00f3n necesaria para atraer a personas altamente calificadas. Adem\u00e1s, el complemento de reclamos de gerentes de trabajo de WP ofrece a los usuarios una amplia gama de opciones de personalizaci\u00f3n, facilitando as\u00ed la adaptaci\u00f3n sin esfuerzo de listados de trabajo para adaptarse a requisitos y preferencias espec\u00edficas. Independientemente de si uno es un propietario de una empresa a peque\u00f1a escala o un especialista en reclutamiento, la adquisici\u00f3n de este complemento es una medida indispensable para aquellos que buscan optimizar sus procesos de listado de trabajo y maximizar el potencial de sus listados.<\/p>\n<ul>\n<li>Permite a los visitantes del sitio web reclamar la propiedad de una lista de trabajos<\/li>\n<li>Permite a los administradores del sitio web aprobar o negar reclamos de propiedad<\/li>\n<li>Proporciona una interfaz f\u00e1cil de usar para reclamar y administrar listados<\/li>\n<li>Asegura que solo las personas autorizadas tengan acceso para editar y actualizar listados de trabajo<\/li>\n<li>Optimizar el proceso de gesti\u00f3n de listados de trabajo<\/li>\n<li>Aumenta la confianza del usuario verificando la propiedad de los listados<\/li>\n<li>Se integra f\u00e1cilmente con WP Job Manager y otros complementos de WordPress<\/li>\n<li>Incluye documentaci\u00f3n detallada y atenci\u00f3n al cliente para una implementaci\u00f3n sin problemas<\/li>\n<li>Ahorra tiempo y esfuerzo tanto para los solicitantes de empleo como para los administradores del sitio web.<\/li>\n<\/ul>\n","protected":false},"excerpt":{"rendered":"<p>El complemento de reclamos de gerente de trabajo de WP facilita el proceso por el cual los usuarios pueden afirmar sus derechos para poseer y controlar los listados de trabajo que se muestran en su sitio web. Al incorporar esta caracter\u00edstica complementaria, los empleadores y los solicitantes de empleo pueden afirmar convenientemente su autor\u00eda sobre sus respectivos listados de empleo e implementar las modificaciones necesarias. Al aprovechar las capacidades de esta herramienta robusta, su sitio web puede mejorar efectivamente su funcionalidad, aumentando as\u00ed su importancia como un activo valioso tanto para los solicitantes de empleo como para los empleadores.<\/p>\n","protected":false},"featured_media":168399,"comment_status":"open","ping_status":"open","template":"","meta":[],"product_brand":[2626],"product_cat":[1214,1206,1211],"product_tag":[1444],"class_list":{"0":"post-123110","1":"product","2":"type-product","3":"status-publish","4":"has-post-thumbnail","6":"product_brand-wp-job-manager","7":"product_cat-personalizacion","8":"product_cat-plugins","9":"product_cat-wordpress-plugins","10":"product_tag-wp-job-manager","11":"member-discount","12":"discount-restricted","14":"first","15":"instock","16":"sale","17":"downloadable","18":"virtual","19":"sold-individually","20":"purchasable","21":"product-type-simple"},"_links":{"self":[{"href":"https:\/\/gpl-love.com\/es\/wp-json\/wp\/v2\/product\/123110","targetHints":{"allow":["GET"]}}],"collection":[{"href":"https:\/\/gpl-love.com\/es\/wp-json\/wp\/v2\/product"}],"about":[{"href":"https:\/\/gpl-love.com\/es\/wp-json\/wp\/v2\/types\/product"}],"replies":[{"embeddable":true,"href":"https:\/\/gpl-love.com\/es\/wp-json\/wp\/v2\/comments?post=123110"}],"wp:featuredmedia":[{"embeddable":true,"href":"https:\/\/gpl-love.com\/es\/wp-json\/wp\/v2\/media\/168399"}],"wp:attachment":[{"href":"https:\/\/gpl-love.com\/es\/wp-json\/wp\/v2\/media?parent=123110"}],"wp:term":[{"taxonomy":"product_brand","embeddable":true,"href":"https:\/\/gpl-love.com\/es\/wp-json\/wp\/v2\/product_brand?post=123110"},{"taxonomy":"product_cat","embeddable":true,"href":"https:\/\/gpl-love.com\/es\/wp-json\/wp\/v2\/product_cat?post=123110"},{"taxonomy":"product_tag","embeddable":true,"href":"https:\/\/gpl-love.com\/es\/wp-json\/wp\/v2\/product_tag?post=123110"}],"curies":[{"name":"wp","href":"https:\/\/api.w.org\/{rel}","templated":true}]}}