{"id":123108,"date":"2024-05-04T00:00:00","date_gmt":"2024-05-04T05:00:00","guid":{"rendered":"https:\/\/gpl-love.com\/es\/producto\/wp-job-manager-bookmarks-addon\/"},"modified":"2026-03-09T08:28:31","modified_gmt":"2026-03-09T13:28:31","slug":"wp-job-manager-bookmarks-addon","status":"publish","type":"product","link":"https:\/\/gpl-love.com\/es\/producto\/wp-job-manager-bookmarks-addon\/","title":{"rendered":"WP Job Manager Bookmarks Addon 1.5.0"},"content":{"rendered":"<h3>WP Job Manager Bookmarks Addon Caracteristicas<\/h3>\n<p>El complemento de Bookmarks de WP Manager, una herramienta robusta, ofrece a los usuarios la capacidad de marcar convenientemente los listados de trabajo, en \u00faltima instancia, facilitando su acceso y proceso de solicitud para futuras oportunidades de trabajo. A trav\u00e9s de la utilizaci\u00f3n de este complemento, los solicitantes de empleo pueden curar una compilaci\u00f3n personalizada de sus listados de trabajo preferidos, al tiempo que tienen la opci\u00f3n de incluir notas y etiquetas para referencias sin esfuerzo. Adem\u00e1s, las personas incluso pueden optar por recibir notificaciones por correo electr\u00f3nico cuando los trabajos reci\u00e9n publicados se alineen con sus intereses espec\u00edficos. Este complemento cuenta con una interfaz f\u00e1cil de usar, que permite facilitar la navegaci\u00f3n, al tiempo que proporciona una amplia gama de opciones de personalizaci\u00f3n. Adem\u00e1s, se integra perfectamente con el complemento de WP Job Manager, estableciendo as\u00ed una soluci\u00f3n integral de b\u00fasqueda de empleo y gesti\u00f3n tanto para solicitantes de empleo como para empleadores. Independientemente de si uno es un buscador de empleo con el objetivo de rastrear efectivamente sus solicitudes de empleo o un empleador que busca atraer y retener talento de primer nivel, el complemento de marcadores de WP Manager es inequ\u00edvocamente una herramienta indispensable que indudablemente ayudar\u00e1 en el logro de los objetivos deseados.<\/p>\n<ul>\n<li>Permite a los usuarios marcar los listados de trabajo como favorito en su sitio web<\/li>\n<li>Proporciona una interfaz de marcador simple e intuitiva<\/li>\n<li>Permite a los usuarios administrar f\u00e1cilmente sus marcadores y organizarlos por categor\u00eda<\/li>\n<li>Se integra sin problemas con el complemento de WP Job Manager<\/li>\n<li>Proporciona opciones de colocaci\u00f3n de c\u00f3digos cortos para una f\u00e1cil integraci\u00f3n en el dise\u00f1o de su sitio web<\/li>\n<li>Ofrece a los usuarios la capacidad de recibir notificaciones por correo electr\u00f3nico cuando se actualiza o vence una publicaci\u00f3n de trabajo que guardaron.<\/li>\n<li>Proporciona una caracter\u00edstica \u00fatil para los solicitantes de empleo que desean guardar listados de trabajo para referencia futura<\/li>\n<li>Puede ayudar a aumentar la participaci\u00f3n y retenci\u00f3n del usuario en su sitio web<\/li>\n<\/ul>\n","protected":false},"excerpt":{"rendered":"<p>El complemento de WP Manager Bookmarks, que es altamente eficiente, sirve como una herramienta notable que permite a los usuarios marcar los listados de trabajo convenientemente marcados en su sitio web. En consecuencia, elimina la necesidad de que se sometan al arduo proceso de b\u00fasqueda de sus listados deseados repetidamente. Adem\u00e1s, este complemento permite a los usuarios clasificar sus marcadores en carpetas distintas, simplificando as\u00ed la tarea de administrar y monitorear sus perspectivas de trabajo preferidas. En virtud de sus caracter\u00edsticas y ventajas notables, este complemento se convierte innegablemente en un activo indispensable para cualquier sitio de tablero de trabajo, aumentando significativamente la experiencia general del usuario y transformando la caza de empleos en un esfuerzo sin esfuerzo sin esfuerzo.<\/p>\n","protected":false},"featured_media":168398,"comment_status":"open","ping_status":"open","template":"","meta":[],"product_brand":[2626],"product_cat":[1214,1206,1211],"product_tag":[1444],"class_list":{"0":"post-123108","1":"product","2":"type-product","3":"status-publish","4":"has-post-thumbnail","6":"product_brand-wp-job-manager","7":"product_cat-personalizacion","8":"product_cat-plugins","9":"product_cat-wordpress-plugins","10":"product_tag-wp-job-manager","11":"member-discount","12":"discount-restricted","14":"first","15":"instock","16":"sale","17":"downloadable","18":"virtual","19":"sold-individually","20":"purchasable","21":"product-type-simple"},"_links":{"self":[{"href":"https:\/\/gpl-love.com\/es\/wp-json\/wp\/v2\/product\/123108","targetHints":{"allow":["GET"]}}],"collection":[{"href":"https:\/\/gpl-love.com\/es\/wp-json\/wp\/v2\/product"}],"about":[{"href":"https:\/\/gpl-love.com\/es\/wp-json\/wp\/v2\/types\/product"}],"replies":[{"embeddable":true,"href":"https:\/\/gpl-love.com\/es\/wp-json\/wp\/v2\/comments?post=123108"}],"wp:featuredmedia":[{"embeddable":true,"href":"https:\/\/gpl-love.com\/es\/wp-json\/wp\/v2\/media\/168398"}],"wp:attachment":[{"href":"https:\/\/gpl-love.com\/es\/wp-json\/wp\/v2\/media?parent=123108"}],"wp:term":[{"taxonomy":"product_brand","embeddable":true,"href":"https:\/\/gpl-love.com\/es\/wp-json\/wp\/v2\/product_brand?post=123108"},{"taxonomy":"product_cat","embeddable":true,"href":"https:\/\/gpl-love.com\/es\/wp-json\/wp\/v2\/product_cat?post=123108"},{"taxonomy":"product_tag","embeddable":true,"href":"https:\/\/gpl-love.com\/es\/wp-json\/wp\/v2\/product_tag?post=123108"}],"curies":[{"name":"wp","href":"https:\/\/api.w.org\/{rel}","templated":true}]}}