{"id":123106,"date":"2022-02-08T00:00:00","date_gmt":"2022-02-08T05:00:00","guid":{"rendered":"https:\/\/gpl-love.com\/es\/producto\/wp-job-manager-apply-with-xing-addon\/"},"modified":"2026-03-09T08:28:30","modified_gmt":"2026-03-09T13:28:30","slug":"wp-job-manager-apply-with-xing-addon","status":"publish","type":"product","link":"https:\/\/gpl-love.com\/es\/producto\/wp-job-manager-apply-with-xing-addon\/","title":{"rendered":"WP Job Manager Apply With Xing Addon 1.1.0"},"content":{"rendered":"<h3>WP Job Manager Apply With Xing Addon Caracteristicas<\/h3>\n<p>El WP Job Manager solicita con Xing Addon ofrece una multitud de beneficios tanto para los solicitantes de empleo como para los empleadores, lo que lo convierte en una herramienta indispensable para optimizar el proceso de solicitud de empleo. Al aprovechar el poder de Xing, este complemento permite a los solicitantes de empleo enviar sin esfuerzo sus solicitudes utilizando su cuenta de Xing existente, negando la necesidad de tediosos pasos de registro adicionales. Esto no solo ahorra un tiempo valioso para los solicitantes de empleo, sino que tambi\u00e9n elimina la molestia de crear otra cuenta m\u00e1s. Adem\u00e1s, este complemento simplifica el proceso de solicitud para los empleadores al extraer y capturar autom\u00e1ticamente la informaci\u00f3n del candidato esencial de Xing. Esta integraci\u00f3n perfecta garantiza que los empleadores tengan todos los detalles necesarios a su alcance, lo que hace que sea muy f\u00e1cil revisar y evaluar las aplicaciones. Con sus funciones de ahorro de tiempo y f\u00e1cil de usar, el WP Job Manager solicita con Xing Addon es una herramienta indispensable para cualquier empresa con visi\u00f3n de futuro con el objetivo de optimizar su proceso de contrataci\u00f3n y atraer talento de primer nivel.<\/p>\n<ul>\n<li>Aumentar las aplicaciones de empleo agregando la plataforma de red social Xing como una opci\u00f3n de aplicaci\u00f3n<\/li>\n<li>Integraci\u00f3n inteligente con WP Job Manager significa experiencia de usuario perfecta para solicitantes de empleo<\/li>\n<li>No se requiere inicio de sesi\u00f3n o registro adicional, los solicitantes pueden usar sus credenciales de Xing existentes para solicitar trabajos<\/li>\n<li>Los empleadores se benefician de conectarse con posibles candidatos a trav\u00e9s de Xing, al tiempo que reciben solicitudes de empleo en su cuenta de WP Job Manager<\/li>\n<li>Las opciones de aplicaci\u00f3n personalizables permiten a los empleadores seleccionar qu\u00e9 m\u00e9todos de aplicaci\u00f3n prefieren, incluida la XING y otras opciones populares, como el correo electr\u00f3nico y la carga de curr\u00edculums.<\/li>\n<\/ul>\n","protected":false},"excerpt":{"rendered":"<p>El WP Job Manager solicita con Xing Addon, que sirve como una herramienta potente tanto para los solicitantes de empleo como para los empleadores, ofrece una multitud de beneficios. Al utilizar este complemento en particular, a los solicitantes se les otorga la conveniencia de solicitar sin esfuerzo los puestos de trabajo a trav\u00e9s de sus perfiles de Xing, mientras que los empleadores pueden evaluar y manejar de manera r\u00e1pida y efectiva las aplicaciones entrantes. Independientemente de si usted es un propietario de una peque\u00f1a empresa o una persona que busca empleo con el deseo de optimizar sus esfuerzos de caza de empleo, el Gerente de Job WP solicita con Xing Addon se presenta como la soluci\u00f3n definitiva. Entonces, \u00bfpor qu\u00e9 prolongar la espera? \u00a1Comience su viaje hoy y eleve sus procedimientos de reclutamiento a alturas sin precedentes!<\/p>\n","protected":false},"featured_media":168397,"comment_status":"open","ping_status":"open","template":"","meta":[],"product_brand":[2626],"product_cat":[1206,1257,1211],"product_tag":[1444],"class_list":{"0":"post-123106","1":"product","2":"type-product","3":"status-publish","4":"has-post-thumbnail","6":"product_brand-wp-job-manager","7":"product_cat-plugins","8":"product_cat-social","9":"product_cat-wordpress-plugins","10":"product_tag-wp-job-manager","11":"member-discount","12":"discount-restricted","14":"first","15":"instock","16":"sale","17":"downloadable","18":"virtual","19":"sold-individually","20":"purchasable","21":"product-type-simple"},"_links":{"self":[{"href":"https:\/\/gpl-love.com\/es\/wp-json\/wp\/v2\/product\/123106","targetHints":{"allow":["GET"]}}],"collection":[{"href":"https:\/\/gpl-love.com\/es\/wp-json\/wp\/v2\/product"}],"about":[{"href":"https:\/\/gpl-love.com\/es\/wp-json\/wp\/v2\/types\/product"}],"replies":[{"embeddable":true,"href":"https:\/\/gpl-love.com\/es\/wp-json\/wp\/v2\/comments?post=123106"}],"wp:featuredmedia":[{"embeddable":true,"href":"https:\/\/gpl-love.com\/es\/wp-json\/wp\/v2\/media\/168397"}],"wp:attachment":[{"href":"https:\/\/gpl-love.com\/es\/wp-json\/wp\/v2\/media?parent=123106"}],"wp:term":[{"taxonomy":"product_brand","embeddable":true,"href":"https:\/\/gpl-love.com\/es\/wp-json\/wp\/v2\/product_brand?post=123106"},{"taxonomy":"product_cat","embeddable":true,"href":"https:\/\/gpl-love.com\/es\/wp-json\/wp\/v2\/product_cat?post=123106"},{"taxonomy":"product_tag","embeddable":true,"href":"https:\/\/gpl-love.com\/es\/wp-json\/wp\/v2\/product_tag?post=123106"}],"curies":[{"name":"wp","href":"https:\/\/api.w.org\/{rel}","templated":true}]}}