{"id":123104,"date":"2022-02-08T00:00:00","date_gmt":"2022-02-08T05:00:00","guid":{"rendered":"https:\/\/gpl-love.com\/es\/producto\/wp-job-manager-apply-with-facebook-addon\/"},"modified":"2026-03-09T08:28:28","modified_gmt":"2026-03-09T13:28:28","slug":"wp-job-manager-apply-with-facebook-addon","status":"publish","type":"product","link":"https:\/\/gpl-love.com\/es\/producto\/wp-job-manager-apply-with-facebook-addon\/","title":{"rendered":"WP Job Manager Apply With Facebook Addon 1.1.0"},"content":{"rendered":"<h3>WP Job Manager Apply With Facebook Addon Caracteristicas<\/h3>\n<p>El WP Job Manager solicita con Facebook Addon, conocido por su eficiencia y facilidad de uso, sirve como un complemento altamente efectivo que otorga a los solicitantes de empleo la capacidad de enviar de manera conveniente y expedita sus solicitudes para varios puestos de trabajo que utilizan sus perfiles de Facebook. Este complemento ofrece a los candidatos la oportunidad de establecer r\u00e1pidamente y sin esfuerzo una cuenta y enviar solicitudes para vacantes de empleo, eliminando por completo la carga pesada de completar formularios de solicitud extensos o adjuntar numerosos documentos. Integr\u00e1ndose sin problemas con el complemento de WP Job Manager, este complemento facilita un proceso de reclutamiento simplificado y eficiente que mejora significativamente la experiencia general del usuario tanto para candidatos como para reclutadores. Al simplificar las complejidades asociadas con el proceso de aplicaci\u00f3n y capitalizar el inmenso poder de las redes sociales, el WP Job Manager solicita con Facebook Addon sirve como una soluci\u00f3n pr\u00e1ctica que ayuda a las empresas en la atracci\u00f3n del talento de nivel superior y la optimizaci\u00f3n de sus procedimientos de contrataci\u00f3n .<\/p>\n<ul>\n<li>Agrega la opci\u00f3n de solicitar trabajos usando Facebook<\/li>\n<li>Integraci\u00f3n r\u00e1pida y f\u00e1cil con el complemento de WP Job Manager existente<\/li>\n<li>Ahorra tiempo a los solicitantes de empleo al llenar autom\u00e1ticamente su informaci\u00f3n de Facebook<\/li>\n<li>Proporciona una experiencia de usuario perfecta para los solicitantes de empleo que prefieren usar Facebook<\/li>\n<li>Aumenta la probabilidad de solicitudes de empleo ofreciendo una alternativa conveniente a los m\u00e9todos de aplicaci\u00f3n tradicionales<\/li>\n<li>Compatible con dispositivos de escritorio y m\u00f3viles<\/li>\n<li>Caracter\u00edstica opcional, lo que significa que puede elegir si incluye o no el bot\u00f3n Aplicar Facebook en sus listados de trabajo<\/li>\n<li>Proporciona an\u00e1lisis detallados sobre la cantidad de aplicaciones de empleo recibidas a trav\u00e9s de Facebook<\/li>\n<li>Interfaz f\u00e1cil de usar para una f\u00e1cil configuraci\u00f3n y configuraci\u00f3n del complemento<\/li>\n<li>Actualizaciones y soporte regulares proporcionados por el equipo de WP Job Manager<\/li>\n<\/ul>\n","protected":false},"excerpt":{"rendered":"<p>WP Job Manager solicita con Facebook Addon sirve como una herramienta incre\u00edblemente potente que otorga a los usuarios la capacidad de enviar aplicaciones para listados de trabajo a trav\u00e9s de la utilizaci\u00f3n de sus perfiles de Facebook. Esta herramienta optimiza efectivamente el proceso de solicitud, lo que lleva a una reducci\u00f3n significativa en el gasto de tiempo y esfuerzo tanto para los solicitantes de empleo como para los empleadores. A trav\u00e9s de este complemento, los solicitantes de empleo pueden proporcionar sin esfuerzo sus detalles pertinentes a trav\u00e9s del simple acto de un solo clic, todo mientras los empleadores obtienen la capacidad conveniente de acceder f\u00e1cilmente y manejar r\u00e1pidamente la afluencia de los solicitantes. En consecuencia, queda muy claro que este complemento es un activo verdaderamente indispensable para cualquier negocio que se esfuerce por optimizar su proceso de contrataci\u00f3n y aflarar efectivamente un talento excepcional.<\/p>\n","protected":false},"featured_media":168396,"comment_status":"open","ping_status":"open","template":"","meta":[],"product_brand":[2626],"product_cat":[1206,1257,1211],"product_tag":[1444],"class_list":{"0":"post-123104","1":"product","2":"type-product","3":"status-publish","4":"has-post-thumbnail","6":"product_brand-wp-job-manager","7":"product_cat-plugins","8":"product_cat-social","9":"product_cat-wordpress-plugins","10":"product_tag-wp-job-manager","11":"member-discount","12":"discount-restricted","14":"first","15":"instock","16":"sale","17":"downloadable","18":"virtual","19":"sold-individually","20":"purchasable","21":"product-type-simple"},"_links":{"self":[{"href":"https:\/\/gpl-love.com\/es\/wp-json\/wp\/v2\/product\/123104","targetHints":{"allow":["GET"]}}],"collection":[{"href":"https:\/\/gpl-love.com\/es\/wp-json\/wp\/v2\/product"}],"about":[{"href":"https:\/\/gpl-love.com\/es\/wp-json\/wp\/v2\/types\/product"}],"replies":[{"embeddable":true,"href":"https:\/\/gpl-love.com\/es\/wp-json\/wp\/v2\/comments?post=123104"}],"wp:featuredmedia":[{"embeddable":true,"href":"https:\/\/gpl-love.com\/es\/wp-json\/wp\/v2\/media\/168396"}],"wp:attachment":[{"href":"https:\/\/gpl-love.com\/es\/wp-json\/wp\/v2\/media?parent=123104"}],"wp:term":[{"taxonomy":"product_brand","embeddable":true,"href":"https:\/\/gpl-love.com\/es\/wp-json\/wp\/v2\/product_brand?post=123104"},{"taxonomy":"product_cat","embeddable":true,"href":"https:\/\/gpl-love.com\/es\/wp-json\/wp\/v2\/product_cat?post=123104"},{"taxonomy":"product_tag","embeddable":true,"href":"https:\/\/gpl-love.com\/es\/wp-json\/wp\/v2\/product_tag?post=123104"}],"curies":[{"name":"wp","href":"https:\/\/api.w.org\/{rel}","templated":true}]}}