{"id":123100,"date":"2022-02-08T00:00:00","date_gmt":"2022-02-08T05:00:00","guid":{"rendered":"https:\/\/gpl-love.com\/es\/producto\/woocommerce-wooslider-products-slideshow\/"},"modified":"2026-03-09T08:26:36","modified_gmt":"2026-03-09T13:26:36","slug":"woocommerce-wooslider-products-slideshow","status":"publish","type":"product","link":"https:\/\/gpl-love.com\/es\/producto\/woocommerce-wooslider-products-slideshow\/","title":{"rendered":"WooCommerce WooSlider Products Slideshow 1.0.23"},"content":{"rendered":"<h3>WooCommerce WooSlider Products Slideshow Caracteristicas<\/h3>\n<p>La presentaci\u00f3n de diapositivas de productos WooCommerce WooSlider, una herramienta muy robusta, satisface las necesidades de los propietarios de tiendas en l\u00ednea que buscan mostrar su mercanc\u00eda de una manera visualmente atractiva y atractiva. Este complemento faculta a los usuarios para modificar las presentaciones de diapositivas cautivadoras que resaltan sus productos, repletos de subt\u00edtulos y flechas de navegaci\u00f3n personalizadas. Adem\u00e1s, el complemento se integra perfectamente con WooCommerce, ofreciendo una v\u00eda conveniente para incorporar sin esfuerzo productos en las diapositivas y administrarlos de manera eficiente a trav\u00e9s del tablero de WordPress. Independientemente de si uno tiene como objetivo promover ofertas novedosas, acentuar art\u00edculos m\u00e1s vendidos o exhibir mercanc\u00edas estacionales, la presentaci\u00f3n de diapositivas de WooSlider Products presenta una soluci\u00f3n eficaz y adaptable para cualquier plataforma de comercio electr\u00f3nico.<\/p>\n<ul>\n<li>Integraci\u00f3n perfecta con la plataforma WooCommerce<\/li>\n<li>Interfaz f\u00e1cil de usar para una f\u00e1cil navegaci\u00f3n y personalizaci\u00f3n<\/li>\n<li>Capacidad para mostrar productos en un formato din\u00e1mico y atractivo de presentaci\u00f3n de diapositivas<\/li>\n<li>Elija entre varios efectos de animaci\u00f3n y transici\u00f3n para mejorar la experiencia de presentaci\u00f3n de diapositivas<\/li>\n<li>Opci\u00f3n para agregar subt\u00edtulos y etiquetas para cada diapositiva de producto<\/li>\n<li>Controle la velocidad de presentaci\u00f3n de diapositivas y las opciones de reproducci\u00f3n autom\u00e1tica<\/li>\n<li>Dise\u00f1o totalmente receptivo para una visualizaci\u00f3n \u00f3ptima en todos los dispositivos<\/li>\n<li>Compatibilidad con m\u00faltiples temas de WordPress<\/li>\n<li>Opci\u00f3n para mostrar categor\u00edas de productos espec\u00edficas o todos los productos en la presentaci\u00f3n de diapositivas<\/li>\n<li>Visibilidad mejorada del producto y potencial para una mayor conversi\u00f3n de ventas.<\/li>\n<\/ul>\n","protected":false},"excerpt":{"rendered":"<p>La presentaci\u00f3n de diapositivas de productos WooCommerce WooSlider, una herramienta incre\u00edblemente potente y notablemente vers\u00e1til, ha sido meticulosamente dise\u00f1ada para resaltar y presentar sus productos de manera m\u00e1s \u00f3ptima y cautivadora imaginable. Este complemento excepcional le permite elaborar sin esfuerzo presentaciones de diapositivas visualmente impresionantes y sin problemas que presentan los productos m\u00e1s vendidos y m\u00e1s buscados de su tienda, as\u00ed como cualquier otro producto que desee incluir. Con una extensa gama de configuraciones personalizables y una gran cantidad de opciones, la presentaci\u00f3n de diapositivas de WooSlider Products promete un potencial ilimitado para crear exhibiciones de productos impresionantes e impulsados \u200b\u200bpor la conversi\u00f3n que est\u00e1n obligados a reforzar significativamente sus cifras de ventas y fomentar el crecimiento empresarial exponencial. Independientemente de si opera una diminuta boutique en l\u00ednea o un establecimiento de comercio electr\u00f3nico a escala de gigantesca, este complemento representa indudablemente una herramienta indispensable para maximizar el profundo impacto de sus ofertas de productos y impulsar sus esfuerzos de generaci\u00f3n de ingresos a alturas sin precedentes.<\/p>\n","protected":false},"featured_media":168313,"comment_status":"open","ping_status":"open","template":"","meta":[],"product_brand":[2344],"product_cat":[1207,1248,1206],"product_tag":[1423],"class_list":{"0":"post-123100","1":"product","2":"type-product","3":"status-publish","4":"has-post-thumbnail","6":"product_brand-woocommerce","7":"product_cat-comercio-electronico-plugins","8":"product_cat-personalizacion-comercio-electronico-plugins","9":"product_cat-plugins","10":"product_tag-woocommerce","11":"member-discount","12":"discount-restricted","14":"first","15":"instock","16":"sale","17":"downloadable","18":"virtual","19":"sold-individually","20":"purchasable","21":"product-type-simple"},"_links":{"self":[{"href":"https:\/\/gpl-love.com\/es\/wp-json\/wp\/v2\/product\/123100","targetHints":{"allow":["GET"]}}],"collection":[{"href":"https:\/\/gpl-love.com\/es\/wp-json\/wp\/v2\/product"}],"about":[{"href":"https:\/\/gpl-love.com\/es\/wp-json\/wp\/v2\/types\/product"}],"replies":[{"embeddable":true,"href":"https:\/\/gpl-love.com\/es\/wp-json\/wp\/v2\/comments?post=123100"}],"wp:featuredmedia":[{"embeddable":true,"href":"https:\/\/gpl-love.com\/es\/wp-json\/wp\/v2\/media\/168313"}],"wp:attachment":[{"href":"https:\/\/gpl-love.com\/es\/wp-json\/wp\/v2\/media?parent=123100"}],"wp:term":[{"taxonomy":"product_brand","embeddable":true,"href":"https:\/\/gpl-love.com\/es\/wp-json\/wp\/v2\/product_brand?post=123100"},{"taxonomy":"product_cat","embeddable":true,"href":"https:\/\/gpl-love.com\/es\/wp-json\/wp\/v2\/product_cat?post=123100"},{"taxonomy":"product_tag","embeddable":true,"href":"https:\/\/gpl-love.com\/es\/wp-json\/wp\/v2\/product_tag?post=123100"}],"curies":[{"name":"wp","href":"https:\/\/api.w.org\/{rel}","templated":true}]}}