{"id":123098,"date":"2022-02-08T00:00:00","date_gmt":"2022-02-08T05:00:00","guid":{"rendered":"https:\/\/gpl-love.com\/es\/producto\/woocommerce-wooslider\/"},"modified":"2026-03-09T08:26:35","modified_gmt":"2026-03-09T13:26:35","slug":"woocommerce-wooslider","status":"publish","type":"product","link":"https:\/\/gpl-love.com\/es\/producto\/woocommerce-wooslider\/","title":{"rendered":"WooCommerce WooSlider 2.5.0"},"content":{"rendered":"<h3>WooCommerce WooSlider Caracteristicas<\/h3>\n<p>WooCommerce Wooslider, un complemento formidable y multifac\u00e9tico, ofrece a los usuarios la capacidad de fabricar presentaciones de diapositivas impresionantes y cautivadoras para su emporio digital. Este complemento se integra sin esfuerzo con WordPress y WooCommerce, otorgando a los usuarios la conveniencia de construir y personalizar sin esfuerzo las presentaciones de diapositivas utilizando una variedad de plantillas, dise\u00f1os y componentes de dise\u00f1o. Con la ayuda del wooslider, los usuarios tienen la capacidad de exhibir su mercanc\u00eda, promociones y mensajes de una manera visualmente atractiva, cautivando e involucrando as\u00ed a su clientela con contenido din\u00e1mico e interactivo. Independientemente de si uno busca reforzar las ventas, anunciar productos novedosos o mejorar su imagen de marca, el Wooslider es un instrumento indispensable para cualquier tienda virtual.<\/p>\n<ul>\n<li>Complemento f\u00e1cil de usar para crear hermosas presentaciones de diapositivas en su tienda WooCommerce<\/li>\n<li>Le permite agregar im\u00e1genes de productos atractivas y atractivas a su p\u00e1gina de inicio o p\u00e1ginas de productos<\/li>\n<li>Opciones de dise\u00f1o elegantes y personalizables para que coincidan con su marca y estilo<\/li>\n<li>Se puede utilizar como un banner o una herramienta promocional para exhibir nuevos productos o ventas<\/li>\n<li>El dise\u00f1o receptivo asegura que las presentaciones de diapositivas se vean muy bien en todos los dispositivos, incluido el m\u00f3vil<\/li>\n<li>Se integra a la perfecci\u00f3n con WooCommerce para la gesti\u00f3n de productos sin problemas<\/li>\n<li>Viene con varios efectos de transici\u00f3n y opciones de animaci\u00f3n para que sus diapositivas se destaquen<\/li>\n<li>Admite m\u00faltiples controles deslizantes por p\u00e1gina, lo que le permite crear oportunidades promocionales \u00fanicas y din\u00e1micas<\/li>\n<li>Cree controles deslizantes de cualquier galer\u00eda de im\u00e1genes de WordPress o use las im\u00e1genes de la galer\u00eda de productos de WooCommerce<\/li>\n<li>Documentaci\u00f3n y soporte extenso para guiarlo a trav\u00e9s de la instalaci\u00f3n y la configuraci\u00f3n.<\/li>\n<\/ul>\n","protected":false},"excerpt":{"rendered":"<p>El WooCommerce WooSlider, un complemento altamente efectivo, se ha desarrollado espec\u00edficamente para exhibir su variedad de productos, servicios o cualquier otro contenido dentro de su tienda WooCommerce utilizando un control deslizante exquisitamente dise\u00f1ado y receptivo. Equipado con una multitud de caracter\u00edsticas personalizables, como configuraciones deslizantes, opciones de estilo, efectos de transici\u00f3n y mucho m\u00e1s, este notable complemento le permite llamar de manera efectiva la atenci\u00f3n sobre sus productos destacados prominentemente, enriqueciendo as\u00ed la experiencia general del usuario para su estimado clientele. Adem\u00e1s, vale la pena se\u00f1alar que WooCommerce Wooslider ha sido meticulosamente optimizado tanto para la optimizaci\u00f3n de motores de b\u00fasqueda (SEO), lo que garantiza que su sitio web se cargar\u00e1 ampliamente tanto para sus visitantes como para los motores de b\u00fasqueda. Al hacer uso de WooCommerce Wooslider, podr\u00e1 mejorar significativamente el compromiso, estimular las conversiones y elevar el atractivo est\u00e9tico de su estimada tienda en l\u00ednea.<\/p>\n","protected":false},"featured_media":168312,"comment_status":"open","ping_status":"open","template":"","meta":[],"product_brand":[2344],"product_cat":[1207,1248,1206],"product_tag":[1423],"class_list":{"0":"post-123098","1":"product","2":"type-product","3":"status-publish","4":"has-post-thumbnail","6":"product_brand-woocommerce","7":"product_cat-comercio-electronico-plugins","8":"product_cat-personalizacion-comercio-electronico-plugins","9":"product_cat-plugins","10":"product_tag-woocommerce","11":"member-discount","12":"discount-restricted","14":"first","15":"instock","16":"sale","17":"downloadable","18":"virtual","19":"sold-individually","20":"purchasable","21":"product-type-simple"},"_links":{"self":[{"href":"https:\/\/gpl-love.com\/es\/wp-json\/wp\/v2\/product\/123098","targetHints":{"allow":["GET"]}}],"collection":[{"href":"https:\/\/gpl-love.com\/es\/wp-json\/wp\/v2\/product"}],"about":[{"href":"https:\/\/gpl-love.com\/es\/wp-json\/wp\/v2\/types\/product"}],"replies":[{"embeddable":true,"href":"https:\/\/gpl-love.com\/es\/wp-json\/wp\/v2\/comments?post=123098"}],"wp:featuredmedia":[{"embeddable":true,"href":"https:\/\/gpl-love.com\/es\/wp-json\/wp\/v2\/media\/168312"}],"wp:attachment":[{"href":"https:\/\/gpl-love.com\/es\/wp-json\/wp\/v2\/media?parent=123098"}],"wp:term":[{"taxonomy":"product_brand","embeddable":true,"href":"https:\/\/gpl-love.com\/es\/wp-json\/wp\/v2\/product_brand?post=123098"},{"taxonomy":"product_cat","embeddable":true,"href":"https:\/\/gpl-love.com\/es\/wp-json\/wp\/v2\/product_cat?post=123098"},{"taxonomy":"product_tag","embeddable":true,"href":"https:\/\/gpl-love.com\/es\/wp-json\/wp\/v2\/product_tag?post=123098"}],"curies":[{"name":"wp","href":"https:\/\/api.w.org\/{rel}","templated":true}]}}