{"id":123096,"date":"2021-02-09T00:00:00","date_gmt":"2021-02-09T05:00:00","guid":{"rendered":"https:\/\/gpl-love.com\/es\/producto\/woocommerce-ultimate-multi-currency-suite\/"},"modified":"2026-03-09T08:26:07","modified_gmt":"2026-03-09T13:26:07","slug":"woocommerce-ultimate-multi-currency-suite","status":"publish","type":"product","link":"https:\/\/gpl-love.com\/es\/producto\/woocommerce-ultimate-multi-currency-suite\/","title":{"rendered":"WooCommerce Ultimate Multi Currency Suite 1.12.1"},"content":{"rendered":"<h3>WooCommerce Ultimate Multi Currency Suite Caracteristicas<\/h3>\n<p>El suite de moneda multi -moneda de WooCommerce Ultimate es un complemento incre\u00edblemente robusto y sofisticado que se ha desarrollado intrincadamente para satisfacer las necesidades de los propietarios de tiendas en l\u00ednea que est\u00e1n interesados \u200b\u200ben proporcionar a sus valiosos clientes la opci\u00f3n de elegir entre una amplia gama de monedas. Al integrar este complemento excepcional en su tienda en l\u00ednea, tendr\u00e1 la incre\u00edble capacidad de exhibir los precios sin esfuerzo en numerosas monedas, convertir los precios sin esfuerzo en funci\u00f3n de los tipos de cambio fluctuantes y efectivamente redondear los precios para eliminar cualquier poco antiecurible y agradable numeros decimales. Adem\u00e1s de estas caracter\u00edsticas notables, tambi\u00e9n tendr\u00e1 la capacidad incomparable para personalizar y adaptar los tipos de cambio de acuerdo con sus requisitos \u00fanicos, actualizarlos r\u00e1pida y autom\u00e1ticamente estas tarifas, o alternativamente, ajustarlas manualmente de acuerdo con sus preferencias espec\u00edficas. Adem\u00e1s, tiene la notable opci\u00f3n de configurar y configurar efectivamente los conmutadores de divisas, lo que brinda a sus estimados clientes la oportunidad de seleccionar sin problemas y convenientemente su moneda deseada. Sin lugar a dudas, este complemento presenta una soluci\u00f3n extraordinaria e invaluable para las empresas que aspiran a ampliar sus horizontes y extender su base de clientes a nivel internacional, al tiempo que proporciona a sus clientes leales una experiencia de compra sin paralelo y supremamente conveniente.<\/p>\n<ul>\n<li>Habilita el soporte multi-monedas para su tienda WooCommerce<\/li>\n<li>Permite a los clientes comprar en su moneda local<\/li>\n<li>Apoya m\u00e1s de 200 monedas de todo el mundo<\/li>\n<li>Utiliza tipos de cambio en tiempo real para garantizar precios precisos<\/li>\n<li>Permite la colocaci\u00f3n de widget del conmutador de divisas, lo que facilita a los clientes cambiar entre monedas<\/li>\n<li>Funciona sin problemas con todas las pasarelas de pago de WooCommerce<\/li>\n<li>Instalaci\u00f3n f\u00e1cil y proceso de configuraci\u00f3n<\/li>\n<li>Servicios integrales de documentaci\u00f3n y soporte disponibles<\/li>\n<li>Actualizaciones peri\u00f3dicas para garantizar la compatibilidad con las \u00faltimas versiones de WooCommerce<\/li>\n<li>Traducci\u00f3n lista para usar en varios idiomas.<\/li>\n<\/ul>\n","protected":false},"excerpt":{"rendered":"<p>El suite de moneda multi -moneda de WooCommerce Ultimate es un complemento notablemente potente que le ofrece la capacidad de comercializar y vender su amplia gama de productos, al tiempo que acomoda simult\u00e1neamente una amplia gama de monedas en su estimada tienda de WooCommerce. Este complemento notable otorga a sus invaluables clientes la conveniencia de alternar sin esfuerzo entre una amplia selecci\u00f3n de monedas al tiempo que les proporciona simult\u00e1neamente los tipos de cambio m\u00e1s actuales y al d\u00eda. Adem\u00e1s, este complemento notable cuenta con un extenso repertorio de m\u00e1s de 170 monedas diferentes para elegir, junto con su habilidad notable e incomparable para actualizar autom\u00e1ticamente los tipos de cambio cada hora, asegurando as\u00ed que sus clientes siempre est\u00e9n al tanto de los m\u00e1s precisos y precisos. tipos de cambio disponibles. La suite de moneda multi -moneda de WooCommerce Ultimate tambi\u00e9n incluye un widget de conmutador de divisas exquisitamente dise\u00f1ado, as\u00ed como una herramienta de convertidor de divisas altamente funcional y meticulosamente dise\u00f1ada. Adem\u00e1s, la versi\u00f3n de WooCommerce Ultimate MultiMeNCe Suite Pro extiende a\u00fan m\u00e1s su gran parte de las caracter\u00edsticas al permitirle establecer y personalizar meticulosamente los tipos de cambio personalizados para cada moneda individual de su preferencia. En \u00faltima instancia, la suite de moneda multi -moneda de WooCommerce es una herramienta indispensable y absolutamente esencial que indudablemente demostrar\u00e1 ser un activo invaluable para todas y cada una de las tiendas en l\u00ednea que aspiran a comercializar con \u00e9xito su notable variedad de productos a una audiencia global extensa y diversa.<\/p>\n","protected":false},"featured_media":168292,"comment_status":"open","ping_status":"open","template":"","meta":[],"product_brand":[2339],"product_cat":[1207,1248,1206],"product_tag":[1256],"class_list":{"0":"post-123096","1":"product","2":"type-product","3":"status-publish","4":"has-post-thumbnail","6":"product_brand-codecanyon","7":"product_cat-comercio-electronico-plugins","8":"product_cat-personalizacion-comercio-electronico-plugins","9":"product_cat-plugins","10":"product_tag-codecanyon","11":"member-discount","12":"discount-restricted","14":"first","15":"instock","16":"sale","17":"downloadable","18":"virtual","19":"sold-individually","20":"purchasable","21":"product-type-simple"},"_links":{"self":[{"href":"https:\/\/gpl-love.com\/es\/wp-json\/wp\/v2\/product\/123096","targetHints":{"allow":["GET"]}}],"collection":[{"href":"https:\/\/gpl-love.com\/es\/wp-json\/wp\/v2\/product"}],"about":[{"href":"https:\/\/gpl-love.com\/es\/wp-json\/wp\/v2\/types\/product"}],"replies":[{"embeddable":true,"href":"https:\/\/gpl-love.com\/es\/wp-json\/wp\/v2\/comments?post=123096"}],"wp:featuredmedia":[{"embeddable":true,"href":"https:\/\/gpl-love.com\/es\/wp-json\/wp\/v2\/media\/168292"}],"wp:attachment":[{"href":"https:\/\/gpl-love.com\/es\/wp-json\/wp\/v2\/media?parent=123096"}],"wp:term":[{"taxonomy":"product_brand","embeddable":true,"href":"https:\/\/gpl-love.com\/es\/wp-json\/wp\/v2\/product_brand?post=123096"},{"taxonomy":"product_cat","embeddable":true,"href":"https:\/\/gpl-love.com\/es\/wp-json\/wp\/v2\/product_cat?post=123096"},{"taxonomy":"product_tag","embeddable":true,"href":"https:\/\/gpl-love.com\/es\/wp-json\/wp\/v2\/product_tag?post=123096"}],"curies":[{"name":"wp","href":"https:\/\/api.w.org\/{rel}","templated":true}]}}