{"id":123094,"date":"2026-05-09T00:00:00","date_gmt":"2026-05-09T05:00:00","guid":{"rendered":"https:\/\/gpl-love.com\/es\/producto\/woocommerce-software-addon\/"},"modified":"2026-05-08T17:16:17","modified_gmt":"2026-05-08T22:16:17","slug":"woocommerce-software-addon","status":"publish","type":"product","link":"https:\/\/gpl-love.com\/es\/producto\/woocommerce-software-addon\/","title":{"rendered":"WooCommerce Software Addon 1.10.1"},"content":{"rendered":"<h3>WooCommerce Software Addon Caracteristicas<\/h3>\n<p>El complemento de software de WooCommerce es una herramienta indispensable que es indispensable para las personas interesadas en participar en la venta de software a trav\u00e9s de plataformas en l\u00ednea. Este complemento notablemente potente se integra perfectamente con su tienda WooCommerce, facilitando efectivamente la gesti\u00f3n eficiente de las ventas de productos de software. La inclusi\u00f3n de este complemento le permite generar p\u00e1ginas de productos de software personalizadas sin esfuerzo, establecer claves de licencia, controlar las descargas de manera efectiva e incluso extender la oferta de pruebas gratuitas a clientes potenciales. El complemento del software en cuesti\u00f3n se caracteriza por su naturaleza f\u00e1cil de usar, asegurando que pueda navegar sin esfuerzo sus diversas funciones. Adem\u00e1s, es totalmente personalizable, lo que le permite adaptar sus caracter\u00edsticas para alinearse con los requisitos espec\u00edficos de su negocio. Al incorporar el complemento de software WooCommerce en sus operaciones, puede optimizar de manera efectiva su proceso de ventas de software y proporcionar una experiencia excepcionalmente fluida y perfecta a su estimada clientela.<\/p>\n<ul>\n<li>Agilizar su gesti\u00f3n de la tienda WooCommerce<\/li>\n<li>Aumenta la eficiencia y ahorra tiempo<\/li>\n<li>Permite un f\u00e1cil seguimiento y gesti\u00f3n de pedidos<\/li>\n<li>Proporciona informaci\u00f3n de inventario en tiempo real<\/li>\n<li>Le permite procesar reembolsos y cancelaciones sin problemas<\/li>\n<li>Mejora la experiencia del cliente con un proceso de pago f\u00e1cil y recomendaciones de productos personalizados<\/li>\n<li>Proporciona an\u00e1lisis detallados sobre ventas y comportamiento del cliente<\/li>\n<li>Admite una integraci\u00f3n perfecta con pasarelas de pago populares<\/li>\n<li>Personalizable para satisfacer sus necesidades comerciales espec\u00edficas<\/li>\n<li>Proporciona seguridad de primer nivel para la informaci\u00f3n de su tienda y clientes<\/li>\n<\/ul>\n","protected":false},"excerpt":{"rendered":"<p>La entrada WooCommerce Software Addon, una herramienta indispensable para personas que operan una tienda en l\u00ednea que utiliza WooCommerce, ofrece una mir\u00edada de funcionalidades. Este complemento robusto facilita la gesti\u00f3n y el seguimiento del inventario sin esfuerzo, el monitoreo eficiente de las ventas y los ingresos, e integraci\u00f3n perfecta con las reconocidas herramientas de comercio electr\u00f3nico. Al simplificar las tareas administrativas asociadas con su tienda virtual, utilizar\u00e1 de manera \u00f3ptima sus recursos, tanto tiempo como dinero, lo que le permitir\u00e1 desviar su atenci\u00f3n hacia otras facetas fundamentales de su empresa. Abrazar la entrada le permite aumentar sus cifras de ventas y acelerar el crecimiento de su negocio de manera experta y r\u00e1pida.<\/p>\n","protected":false},"featured_media":168274,"comment_status":"open","ping_status":"open","template":"","meta":[],"product_brand":[2344],"product_cat":[1208,1207,1206],"product_tag":[1423],"class_list":{"0":"post-123094","1":"product","2":"type-product","3":"status-publish","4":"has-post-thumbnail","6":"product_brand-woocommerce","7":"product_cat-administracion","8":"product_cat-comercio-electronico-plugins","9":"product_cat-plugins","10":"product_tag-woocommerce","11":"member-discount","12":"discount-restricted","14":"first","15":"instock","16":"sale","17":"downloadable","18":"virtual","19":"sold-individually","20":"purchasable","21":"product-type-simple"},"_links":{"self":[{"href":"https:\/\/gpl-love.com\/es\/wp-json\/wp\/v2\/product\/123094","targetHints":{"allow":["GET"]}}],"collection":[{"href":"https:\/\/gpl-love.com\/es\/wp-json\/wp\/v2\/product"}],"about":[{"href":"https:\/\/gpl-love.com\/es\/wp-json\/wp\/v2\/types\/product"}],"replies":[{"embeddable":true,"href":"https:\/\/gpl-love.com\/es\/wp-json\/wp\/v2\/comments?post=123094"}],"wp:featuredmedia":[{"embeddable":true,"href":"https:\/\/gpl-love.com\/es\/wp-json\/wp\/v2\/media\/168274"}],"wp:attachment":[{"href":"https:\/\/gpl-love.com\/es\/wp-json\/wp\/v2\/media?parent=123094"}],"wp:term":[{"taxonomy":"product_brand","embeddable":true,"href":"https:\/\/gpl-love.com\/es\/wp-json\/wp\/v2\/product_brand?post=123094"},{"taxonomy":"product_cat","embeddable":true,"href":"https:\/\/gpl-love.com\/es\/wp-json\/wp\/v2\/product_cat?post=123094"},{"taxonomy":"product_tag","embeddable":true,"href":"https:\/\/gpl-love.com\/es\/wp-json\/wp\/v2\/product_tag?post=123094"}],"curies":[{"name":"wp","href":"https:\/\/api.w.org\/{rel}","templated":true}]}}