{"id":123092,"date":"2023-10-28T00:00:00","date_gmt":"2023-10-28T05:00:00","guid":{"rendered":"https:\/\/gpl-love.com\/es\/producto\/woocommerce-sofort-payment-gateway\/"},"modified":"2026-03-09T08:25:38","modified_gmt":"2026-03-09T13:25:38","slug":"woocommerce-sofort-payment-gateway","status":"publish","type":"product","link":"https:\/\/gpl-love.com\/es\/producto\/woocommerce-sofort-payment-gateway\/","title":{"rendered":"WooCommerce Sofort Payment Gateway 1.6.0"},"content":{"rendered":"<h3>WooCommerce Sofort Payment Gateway Caracteristicas<\/h3>\n<p>La pasarela de pago de WooCommerce Sofort se presenta como una opci\u00f3n confiable y efectiva para las empresas en l\u00ednea que buscan optimizar sus procedimientos de pago. La implementaci\u00f3n de este complemento permite a los clientes ejecutar las compras sin esfuerzo a trav\u00e9s de SEPA Direct D\u00e9bit o Instant Bank Transfer, ya que los pagos se procesan de manera r\u00e1pida y segura. Adem\u00e1s, la facilidad de instalaci\u00f3n y personalizaci\u00f3n del complemento, junto con su interfaz f\u00e1cil de usar, garantiza que las transacciones puedan ser administradas sin esfuerzo y los pagos con precisi\u00f3n. Independientemente de si es una peque\u00f1a empresa incipiente o una empresa m\u00e1s considerable para mejorar sus operaciones de comercio electr\u00f3nico, la pasarela de pago de WooCommerce Sofort ofrece una soluci\u00f3n resistente capaz de impulsar las ventas sino tambi\u00e9n para mejorar los niveles de satisfacci\u00f3n del cliente.<\/p>\n<ul>\n<li>Integraci\u00f3n perfecta con su tienda WooCommerce<\/li>\n<li>Permite a los clientes pagar instant\u00e1neamente a trav\u00e9s de su cuenta bancaria en l\u00ednea<\/li>\n<li>Apoya a varios bancos y monedas europeas<\/li>\n<li>Garantiza transacciones seguras con el cifrado SSL<\/li>\n<li>Proporciona confirmaci\u00f3n en tiempo real de los pagos<\/li>\n<li>Reduce el manejo manual de los pagos para una mayor eficiencia<\/li>\n<li>No hay tarifas ocultas o costos de configuraci\u00f3n<\/li>\n<li>Instalaci\u00f3n f\u00e1cil y proceso de configuraci\u00f3n<\/li>\n<li>Pasarela de pago confiable y confiable<\/li>\n<li>Excelente atenci\u00f3n al cliente del equipo de desarrollo de WooCommerce.<\/li>\n<\/ul>\n","protected":false},"excerpt":{"rendered":"<p>La pasarela de pago de WooCommerce Sofort es un complemento incre\u00edblemente confiable y altamente seguro que otorga a sus apreciados clientes la capacidad perfecta y expedita de ejecutar sin esfuerzo los pagos a trav\u00e9s de sus cuentas bancarias de Sofort. Al emplear este complemento incomparable, el procesamiento de transacciones se ejecuta en tiempo real, minimizando efectivamente el potencial de inexactitudes y retrasos no deseados en el proceso de pago crucial. Adem\u00e1s, este complemento notable posee la capacidad sorprendente de estar totalmente adaptada para cumplir con sus preferencias espec\u00edficas, que abarca una variedad de configuraciones personalizables, como preferencias de lenguaje, moneda preferida y una variedad de otras opciones intrincadas. Al aprovechar el inmenso poder y las capacidades de la pasarela de pago de Sofort de WooCommerce, tendr\u00e1 poder para extender y otorgar a su clientela apreciada un medio incomparable de consumir r\u00e1pidamente y f\u00e1cilmente sus transacciones, posteriormente fomentando el contenido y la eficacia de los clientes aumentados, todo mientras mejoran y simult\u00e1neamente a un consumo Optimizaci\u00f3n de la estimada prosperidad fiscal de su empresa.<\/p>\n","protected":false},"featured_media":168273,"comment_status":"open","ping_status":"open","template":"","meta":[],"product_brand":[2344],"product_cat":[1207,1426,1206],"product_tag":[1423],"class_list":{"0":"post-123092","1":"product","2":"type-product","3":"status-publish","4":"has-post-thumbnail","6":"product_brand-woocommerce","7":"product_cat-comercio-electronico-plugins","8":"product_cat-pago-comercio-electronico-plugins","9":"product_cat-plugins","10":"product_tag-woocommerce","11":"member-discount","12":"discount-restricted","14":"first","15":"instock","16":"sale","17":"downloadable","18":"virtual","19":"sold-individually","20":"purchasable","21":"product-type-simple"},"_links":{"self":[{"href":"https:\/\/gpl-love.com\/es\/wp-json\/wp\/v2\/product\/123092","targetHints":{"allow":["GET"]}}],"collection":[{"href":"https:\/\/gpl-love.com\/es\/wp-json\/wp\/v2\/product"}],"about":[{"href":"https:\/\/gpl-love.com\/es\/wp-json\/wp\/v2\/types\/product"}],"replies":[{"embeddable":true,"href":"https:\/\/gpl-love.com\/es\/wp-json\/wp\/v2\/comments?post=123092"}],"wp:featuredmedia":[{"embeddable":true,"href":"https:\/\/gpl-love.com\/es\/wp-json\/wp\/v2\/media\/168273"}],"wp:attachment":[{"href":"https:\/\/gpl-love.com\/es\/wp-json\/wp\/v2\/media?parent=123092"}],"wp:term":[{"taxonomy":"product_brand","embeddable":true,"href":"https:\/\/gpl-love.com\/es\/wp-json\/wp\/v2\/product_brand?post=123092"},{"taxonomy":"product_cat","embeddable":true,"href":"https:\/\/gpl-love.com\/es\/wp-json\/wp\/v2\/product_cat?post=123092"},{"taxonomy":"product_tag","embeddable":true,"href":"https:\/\/gpl-love.com\/es\/wp-json\/wp\/v2\/product_tag?post=123092"}],"curies":[{"name":"wp","href":"https:\/\/api.w.org\/{rel}","templated":true}]}}