{"id":123090,"date":"2022-02-08T00:00:00","date_gmt":"2022-02-08T05:00:00","guid":{"rendered":"https:\/\/gpl-love.com\/es\/producto\/woocommerce-snapscan-gateway\/"},"modified":"2026-03-09T08:25:34","modified_gmt":"2026-03-09T13:25:34","slug":"woocommerce-snapscan-gateway","status":"publish","type":"product","link":"https:\/\/gpl-love.com\/es\/producto\/woocommerce-snapscan-gateway\/","title":{"rendered":"WooCommerce SnapScan Gateway 1.1.12"},"content":{"rendered":"<h3>WooCommerce SnapScan Gateway Caracteristicas<\/h3>\n<p>La puerta de enlace Snapscan de WooCommerce representa una soluci\u00f3n de pago avanzada e innovadora que permite a los comerciantes en l\u00ednea recibir pagos sin esfuerzo a trav\u00e9s de Snapscan, un sistema de pago m\u00f3vil ampliamente utilizado. Esta puerta de enlace se integra perfectamente con la plataforma WooCommerce, otorgando as\u00ed a los clientes la capacidad de ejecutar transacciones seguras y sin esfuerzo utilizando sus tel\u00e9fonos inteligentes. Lo que distingue a esta puerta de enlace es su capacidad para procesar los pagos de manera r\u00e1pida, confiable y conveniente, mitigando efectivamente los peligros potenciales de fraude y garantizar una experiencia de pago perfecta para el cliente. Al implementar la puerta de enlace de Snapscan WooCommerce, las empresas de comercio electr\u00f3nico pueden mejorar efectivamente sus cifras de ventas y el nivel de satisfacci\u00f3n experimentado por su clientela a trav\u00e9s de la provisi\u00f3n de una metodolog\u00eda de pago conveniente y segura.<\/p>\n<ul>\n<li>Integra sin problemas la pasarela de pago de Snapscan con WooCommerce<\/li>\n<li>Permite a los clientes realizar pagos r\u00e1pidos y seguros utilizando sus dispositivos m\u00f3viles<\/li>\n<li>Admite m\u00faltiples monedas y m\u00e9todos de pago<\/li>\n<li>F\u00e1cil de instalar y configurar en su tienda WooCommerce<\/li>\n<li>Proporciona actualizaciones de estado de transacci\u00f3n en tiempo real y notificaciones de pago<\/li>\n<li>Ofrece una experiencia de pago de pago f\u00e1cil y f\u00e1cil de usar<\/li>\n<li>Cumple con los est\u00e1ndares y regulaciones de la industria para el procesamiento de pagos<\/li>\n<li>Proporciona documentaci\u00f3n detallada y soporte dedicado para la configuraci\u00f3n y la soluci\u00f3n de problemas<\/li>\n<li>Mejora la experiencia de pago del cliente al ofrecer una opci\u00f3n de pago adicional.<\/li>\n<\/ul>\n","protected":false},"excerpt":{"rendered":"<p>La puerta de enlace de Snapscan WooCommerce, un complemento de pasarela de pago altamente eficiente, brinda a los clientes la conveniencia de realizar pagos r\u00e1pidos y sin esfuerzo a trav\u00e9s de Snapscan, que es sin duda una aplicaci\u00f3n de pago m\u00f3vil ampliamente utilizada en el pa\u00eds vibrante de Sud\u00e1frica. Este complemento excepcional se amalgama sin problemas con su tienda WooCommerce, lo que resulta en un procedimiento de pago notablemente suave e ininterrumpido para su estimada clientela. Al incorporar las capacidades extraordinarias de la puerta de enlace de Snapscan WooCommerce, puede adoptar sin esfuerzo los pagos m\u00f3viles, aumentando as\u00ed su potencial de ventas y mejorando sustancialmente la satisfacci\u00f3n del cliente al otorgarles una variedad diversa de alternativas de pago.<\/p>\n","protected":false},"featured_media":168270,"comment_status":"open","ping_status":"open","template":"","meta":[],"product_brand":[2344],"product_cat":[1207,1426,1206],"product_tag":[1423],"class_list":{"0":"post-123090","1":"product","2":"type-product","3":"status-publish","4":"has-post-thumbnail","6":"product_brand-woocommerce","7":"product_cat-comercio-electronico-plugins","8":"product_cat-pago-comercio-electronico-plugins","9":"product_cat-plugins","10":"product_tag-woocommerce","11":"member-discount","12":"discount-restricted","14":"first","15":"instock","16":"sale","17":"downloadable","18":"virtual","19":"sold-individually","20":"purchasable","21":"product-type-simple"},"_links":{"self":[{"href":"https:\/\/gpl-love.com\/es\/wp-json\/wp\/v2\/product\/123090","targetHints":{"allow":["GET"]}}],"collection":[{"href":"https:\/\/gpl-love.com\/es\/wp-json\/wp\/v2\/product"}],"about":[{"href":"https:\/\/gpl-love.com\/es\/wp-json\/wp\/v2\/types\/product"}],"replies":[{"embeddable":true,"href":"https:\/\/gpl-love.com\/es\/wp-json\/wp\/v2\/comments?post=123090"}],"wp:featuredmedia":[{"embeddable":true,"href":"https:\/\/gpl-love.com\/es\/wp-json\/wp\/v2\/media\/168270"}],"wp:attachment":[{"href":"https:\/\/gpl-love.com\/es\/wp-json\/wp\/v2\/media?parent=123090"}],"wp:term":[{"taxonomy":"product_brand","embeddable":true,"href":"https:\/\/gpl-love.com\/es\/wp-json\/wp\/v2\/product_brand?post=123090"},{"taxonomy":"product_cat","embeddable":true,"href":"https:\/\/gpl-love.com\/es\/wp-json\/wp\/v2\/product_cat?post=123090"},{"taxonomy":"product_tag","embeddable":true,"href":"https:\/\/gpl-love.com\/es\/wp-json\/wp\/v2\/product_tag?post=123090"}],"curies":[{"name":"wp","href":"https:\/\/api.w.org\/{rel}","templated":true}]}}