{"id":123086,"date":"2021-02-09T00:00:00","date_gmt":"2021-02-09T05:00:00","guid":{"rendered":"https:\/\/gpl-love.com\/es\/producto\/woocommerce-sage-payments-usa\/"},"modified":"2026-03-09T08:25:06","modified_gmt":"2026-03-09T13:25:06","slug":"woocommerce-sage-payments-usa","status":"publish","type":"product","link":"https:\/\/gpl-love.com\/es\/producto\/woocommerce-sage-payments-usa\/","title":{"rendered":"WooCommerce Sage Payments USA 3.1.0"},"content":{"rendered":"<h3>WooCommerce Sage Payments USA Caracteristicas<\/h3>\n<p>WooCommerce Sage Payments USA es un complemento excepcionalmente robusto y formidable dise\u00f1ado espec\u00edficamente para empresas de comercio electr\u00f3nico que exigen una soluci\u00f3n de pasarela de pago inexpugnable y confiable. Con la ayuda de este complemento de vanguardia, podr\u00e1 recibir sin esfuerzo y convenientemente los pagos de su estimada clientela por medio de sus tarjetas de cr\u00e9dito, tarjetas de d\u00e9bito y verificaciones electr\u00f3nicas. Este complemento no solo se integra perfectamente con su tienda WooCommerce, lo que le permite administrar transacciones con h\u00e1bilmente y ejecutar r\u00e1pidamente reembolsos, sino que tambi\u00e9n cuenta con una gran cantidad de funcionalidades de protecci\u00f3n de fraude altamente sofisticadas y de \u00faltima generaci\u00f3n. Adem\u00e1s de todo esto, el complemento proporciona atenci\u00f3n al cliente sin cesar, asegurando que est\u00e9 dotado de tranquilidad y que sus clientes reciban una experiencia de pago impecablemente suave y sin problemas. En general, se puede afirmar inequ\u00edvocamente que WooCommerce Sage Payments USA es un complemento indispensable cuya adquisici\u00f3n es absolutamente imprescindible para todos y cada uno de los establecimientos de comercio electr\u00f3nico que busca agilizar sus procedimientos de procesamiento de pagos y aumentar su experiencia del cliente a niveles de excelencia sin precedentes. .<\/p>\n<ul>\n<li>Integraci\u00f3n perfecta con su tienda WooCommerce<\/li>\n<li>Procesamiento de pagos seguro y confiable a trav\u00e9s de Sage Payments USA<\/li>\n<li>Aceptaci\u00f3n de todas las principales tarjetas de cr\u00e9dito, verificaciones electr\u00f3nicas y pagos de ACH<\/li>\n<li>Capacidad para reembolsar o cancelar las transacciones directamente desde su tablero WooCommerce<\/li>\n<li>Reconciliaci\u00f3n autom\u00e1tica de transacciones en su sistema de contabilidad<\/li>\n<li>Cumplimiento de los est\u00e1ndares PCI-DSS para la seguridad mejorada<\/li>\n<li>Tarifas de transacci\u00f3n asequibles sin costos ocultos<\/li>\n<li>Acceso a una atenci\u00f3n al cliente excepcional de los equipos de USA de WooCommerce y Sage Payments.<\/li>\n<\/ul>\n","protected":false},"excerpt":{"rendered":"<p>WooCommerce Sage Payments USA se presenta como una notable integraci\u00f3n de complementos para las pasarelas de pago, proporcionando a las empresas la capacidad conveniente de procesar los pagos sin esfuerzo de los clientes que utilizan pagos SAGE. Este complemento ofrece un nivel de seguridad elevado, lo que permite la aceptaci\u00f3n segura de varios m\u00e9todos de pago, como tarjetas de cr\u00e9dito, tarjetas de d\u00e9bito, cheques electr\u00f3nicos y m\u00e1s, todo directamente en su tienda WooCommerce. Asegurando el m\u00e1ximo cumplimiento del cumplimiento de PCI y la garant\u00eda de seguridad, este complemento tambi\u00e9n cuenta con un sistema de informes avanzado, otorgando a los propietarios de negocios la capacidad invaluable para monitorear y administrar de manera efectiva sus transacciones de pago. En consecuencia, WooCommerce Sage Payments USA emerge como una soluci\u00f3n ideal para las empresas que buscan ampliar sus horizontes en t\u00e9rminos de opciones de pago mientras elevan simult\u00e1neamente la experiencia general de pago.<\/p>\n","protected":false},"featured_media":168251,"comment_status":"open","ping_status":"open","template":"","meta":[],"product_brand":[2344],"product_cat":[1207,1426,1206],"product_tag":[1423],"class_list":{"0":"post-123086","1":"product","2":"type-product","3":"status-publish","4":"has-post-thumbnail","6":"product_brand-woocommerce","7":"product_cat-comercio-electronico-plugins","8":"product_cat-pago-comercio-electronico-plugins","9":"product_cat-plugins","10":"product_tag-woocommerce","11":"member-discount","12":"discount-restricted","14":"first","15":"instock","16":"sale","17":"downloadable","18":"virtual","19":"sold-individually","20":"purchasable","21":"product-type-simple"},"_links":{"self":[{"href":"https:\/\/gpl-love.com\/es\/wp-json\/wp\/v2\/product\/123086","targetHints":{"allow":["GET"]}}],"collection":[{"href":"https:\/\/gpl-love.com\/es\/wp-json\/wp\/v2\/product"}],"about":[{"href":"https:\/\/gpl-love.com\/es\/wp-json\/wp\/v2\/types\/product"}],"replies":[{"embeddable":true,"href":"https:\/\/gpl-love.com\/es\/wp-json\/wp\/v2\/comments?post=123086"}],"wp:featuredmedia":[{"embeddable":true,"href":"https:\/\/gpl-love.com\/es\/wp-json\/wp\/v2\/media\/168251"}],"wp:attachment":[{"href":"https:\/\/gpl-love.com\/es\/wp-json\/wp\/v2\/media?parent=123086"}],"wp:term":[{"taxonomy":"product_brand","embeddable":true,"href":"https:\/\/gpl-love.com\/es\/wp-json\/wp\/v2\/product_brand?post=123086"},{"taxonomy":"product_cat","embeddable":true,"href":"https:\/\/gpl-love.com\/es\/wp-json\/wp\/v2\/product_cat?post=123086"},{"taxonomy":"product_tag","embeddable":true,"href":"https:\/\/gpl-love.com\/es\/wp-json\/wp\/v2\/product_tag?post=123086"}],"curies":[{"name":"wp","href":"https:\/\/api.w.org\/{rel}","templated":true}]}}