{"id":123072,"date":"2022-05-31T00:00:00","date_gmt":"2022-05-31T05:00:00","guid":{"rendered":"https:\/\/gpl-love.com\/es\/producto\/trustify-wordpress-fake-social-evidence\/"},"modified":"2026-04-10T11:29:10","modified_gmt":"2026-04-10T16:29:10","slug":"trustify-wordpress-fake-social-evidence","status":"publish","type":"product","link":"https:\/\/gpl-love.com\/es\/producto\/trustify-wordpress-fake-social-evidence\/","title":{"rendered":"Trustify WordPress Fake Social Evidence 2.3"},"content":{"rendered":"<h3>Trustify WordPress Fake Social Evidence Caracteristicas<\/h3>\n<p>El complemento Trustify WordPress Fake Social Evidence es una herramienta incre\u00edblemente robusta e influyente que sirve para amplificar la credibilidad y la prueba social en l\u00ednea de las empresas. Aprovechando sus algoritmos avanzados, Trustify tiene la capacidad de generar se\u00f1ales de prueba social notablemente aut\u00e9nticas, que abarcan me gusta, acciones, comentarios y seguidores, replicar un comportamiento humano genuino en tal medida que distinguir entre evidencia social genuina y falsificada se convierta en una tarea ardua. Sin lugar a dudas, este complemento es una necesidad indispensable para que las empresas que se esfuerzan por reforzar su autoridad e influencia en l\u00ednea, ya que efectivamente les permite establecer confianza y credibilidad con su p\u00fablico objetivo. Al aprovechar el poder de Trustify WordPress Fake Social Evidence, las empresas elevan sin esfuerzo su presencia en varias plataformas de redes sociales y magnetizan efectivamente una base de clientes m\u00e1s grande a su estimada marca.<\/p>\n<ul>\n<li>Agregue instant\u00e1neamente y sin esfuerzo evidencia de prueba social falsa a su sitio web con evidencia social falsa de Trustify WordPress.<\/li>\n<li>Elija entre una variedad de tipos de pruebas sociales, como revisiones de usuarios, calificaciones, comentarios y seguidores.<\/li>\n<li>Los elementos de prueba social personalizables y realistas garantizan una integraci\u00f3n perfecta con el dise\u00f1o y la est\u00e9tica de su sitio web.<\/li>\n<li>Aumente las tasas de conversi\u00f3n, cree credibilidad y establezca confianza con los visitantes del sitio web con la ayuda de una prueba social poderosa.<\/li>\n<li>Soluci\u00f3n asequible y f\u00e1cil de usar para empresas y propietarios de sitios web que buscan mejorar su presencia en l\u00ednea.<\/li>\n<\/ul>\n","protected":false},"excerpt":{"rendered":"<p>La evidencia social falsa de Trustify WordPress es una herramienta incre\u00edblemente robusta y efectiva que ha sido meticulosamente elaborada para satisfacer las necesidades de las personas y las empresas que buscan mejorar su prueba social y credibilidad en l\u00ednea. Utilizando algoritmos altamente sofisticados, este complemento excepcional tiene la capacidad excepcional para generar evidencia social en forma de gustos, comentarios, acciones y seguidores, que son sorprendentemente aut\u00e9nticos de aspecto e integrados sin problemas en su sitio web de WordPress. Al inculcar un sentido de confianza y confiabilidad en los visitantes de su sitio web y posibles clientes, esta soluci\u00f3n innovadora juega un papel fundamental en la optimizaci\u00f3n de sus tasas de conversi\u00f3n y facilitando el aumento de las cifras de ventas. Adem\u00e1s, el proceso de instalaci\u00f3n para Trustify WordPress Fake Social Evidence es notablemente sencillo, y est\u00e1 dise\u00f1ado para ser totalmente compatible con todos los temas de WordPress, lo que hace que sea una soluci\u00f3n altamente vers\u00e1til y que lo abarque todo para aquellos que buscan elevar su reputaci\u00f3n en l\u00ednea. No pierda tiempo en aprovechar la oportunidad de utilizar esta herramienta extraordinaria hoy y allanar el camino para establecer una presencia en l\u00ednea resistente e inquebrantable.<\/p>\n","protected":false},"featured_media":167857,"comment_status":"open","ping_status":"open","template":"","meta":[],"product_brand":[2339],"product_cat":[1232,1206,1211],"product_tag":[1256],"class_list":{"0":"post-123072","1":"product","2":"type-product","3":"status-publish","4":"has-post-thumbnail","6":"product_brand-codecanyon","7":"product_cat-marketing-wordpress-plugins","8":"product_cat-plugins","9":"product_cat-wordpress-plugins","10":"product_tag-codecanyon","11":"member-discount","12":"discount-restricted","14":"first","15":"instock","16":"sale","17":"downloadable","18":"virtual","19":"sold-individually","20":"purchasable","21":"product-type-simple"},"_links":{"self":[{"href":"https:\/\/gpl-love.com\/es\/wp-json\/wp\/v2\/product\/123072","targetHints":{"allow":["GET"]}}],"collection":[{"href":"https:\/\/gpl-love.com\/es\/wp-json\/wp\/v2\/product"}],"about":[{"href":"https:\/\/gpl-love.com\/es\/wp-json\/wp\/v2\/types\/product"}],"replies":[{"embeddable":true,"href":"https:\/\/gpl-love.com\/es\/wp-json\/wp\/v2\/comments?post=123072"}],"wp:featuredmedia":[{"embeddable":true,"href":"https:\/\/gpl-love.com\/es\/wp-json\/wp\/v2\/media\/167857"}],"wp:attachment":[{"href":"https:\/\/gpl-love.com\/es\/wp-json\/wp\/v2\/media?parent=123072"}],"wp:term":[{"taxonomy":"product_brand","embeddable":true,"href":"https:\/\/gpl-love.com\/es\/wp-json\/wp\/v2\/product_brand?post=123072"},{"taxonomy":"product_cat","embeddable":true,"href":"https:\/\/gpl-love.com\/es\/wp-json\/wp\/v2\/product_cat?post=123072"},{"taxonomy":"product_tag","embeddable":true,"href":"https:\/\/gpl-love.com\/es\/wp-json\/wp\/v2\/product_tag?post=123072"}],"curies":[{"name":"wp","href":"https:\/\/api.w.org\/{rel}","templated":true}]}}