{"id":123070,"date":"2022-02-08T00:00:00","date_gmt":"2022-02-08T05:00:00","guid":{"rendered":"https:\/\/gpl-love.com\/es\/producto\/advanced-woocommerce-reporting\/"},"modified":"2026-03-09T07:16:37","modified_gmt":"2026-03-09T12:16:37","slug":"advanced-woocommerce-reporting","status":"publish","type":"product","link":"https:\/\/gpl-love.com\/es\/producto\/advanced-woocommerce-reporting\/","title":{"rendered":"Advanced WooCommerce Reporting 7.0"},"content":{"rendered":"<h3>Advanced WooCommerce Reporting Caracteristicas<\/h3>\n<p>Advanced WooCommerce Reporting es una herramienta excepcional y altamente efectiva que ha sido meticulosamente dise\u00f1ada para ayudar a los propietarios de tiendas en l\u00ednea a adquirir ideas invaluables sobre el desempe\u00f1o de sus negocios. Esta herramienta notable permite a los usuarios generar informes integrales e intrincados que abarcan una amplia gama de m\u00e9tricas vitales, como ventas, ingresos, reembolsos, rendimiento del producto y comportamiento del cliente, entre otros. Adem\u00e1s, la interfaz del sistema es perfectamente f\u00e1cil de usar, mostrando datos convenientemente en gr\u00e1ficos y gr\u00e1ficos visualmente atractivos que facilitan la identificaci\u00f3n r\u00e1pida de tendencias, oportunidades prometedoras y \u00e1reas que necesitan una gran necesidad de mejora. Adem\u00e1s, vale la pena se\u00f1alar que los informes avanzados de WooCommerce poseen la notable capacidad de ser personalizado para satisfacer las necesidades \u00fanicas y espec\u00edficas de cualquier negocio dado, lo que permite a los usuarios filtrar convenientemente datos basados \u200b\u200ben per\u00edodos de tiempo espec\u00edficos, productos, grupos de clientes y mucho m\u00e1s . En virtud de las invaluables ideas proporcionadas por los informes avanzados de WooCommerce, los propietarios de tiendas en l\u00ednea obtienen la capacidad de tomar decisiones informadas que refuerzan efectivamente la rentabilidad y precipitan un crecimiento sustancial.<\/p>\n<ul>\n<li>Proporciona informes detallados de ventas, clientes y productos para las tiendas WooCommerce<\/li>\n<li>Permite la personalizaci\u00f3n de informes para adaptarse a las necesidades comerciales espec\u00edficas<\/li>\n<li>Permite el seguimiento de los indicadores de rendimiento clave (KPI), como los ingresos por ventas, el valor promedio de pedidos y el valor de por vida del cliente<\/li>\n<li>Ofrece varios formatos de informe, como gr\u00e1ficos, tablas y gr\u00e1ficos para una f\u00e1cil visualizaci\u00f3n de datos.<\/li>\n<li>Habilita la generaci\u00f3n y programaci\u00f3n de informes automatizados para un monitoreo de datos eficiente<\/li>\n<li>Proporciona informaci\u00f3n sobre productos populares, demograf\u00eda de clientes y tendencias estacionales para la toma de decisiones informadas<\/li>\n<li>Compatible con complementos populares de WordPress como Jetpack y Yoast SEO<\/li>\n<li>Ofrece atenci\u00f3n al cliente y documentaci\u00f3n para una configuraci\u00f3n y uso de productos sin problemas.<\/li>\n<li>Aumenta la eficiencia del almac\u00e9n y ayuda a optimizar la estrategia de ventas con informaci\u00f3n basada en datos.<\/li>\n<\/ul>\n","protected":false},"excerpt":{"rendered":"<p>La herramienta avanzada de informes de WooCommerce es la soluci\u00f3n definitiva para los propietarios de tiendas en l\u00ednea. Este vers\u00e1til complemento de WooCommerce le brinda acceso sin esfuerzo a los informes de comercio electr\u00f3nico, lo que permite una comprensi\u00f3n detallada del rendimiento de su tienda en l\u00ednea a trav\u00e9s de m\u00e9tricas integrales de WooCommerce.<\/p>\n<p>La herramienta le proporciona el lujo del an\u00e1lisis de datos de ventas sin problemas, lo que le permite analizar el rendimiento de su tienda en tiempo real. Adem\u00e1s, tambi\u00e9n viene equipado con el seguimiento del comportamiento del cliente de WooCommerce, facilitando una astuta evaluaci\u00f3n del rendimiento del producto.<\/p>\n<p>Los informes detallados de WooCommerce, junto con la capacidad de la herramienta para permitir la toma de decisiones informadas con WooCommerce, allana la ruta para la optimizaci\u00f3n de la tienda virtual. Empodera a los usuarios para tomar decisiones astutas que pueden amplificar decisivamente el rendimiento de su tienda, ya sea aumentando las ventas de WooCommerce, mejorar la satisfacci\u00f3n del cliente con WooCommerce o optimizar estrat\u00e9gicamente su enfoque de marketing.<\/p>\n<p>La funcionalidad incomparable de los informes de WooCommerce no se detiene all\u00ed. Tambi\u00e9n ayuda en la optimizaci\u00f3n estrat\u00e9gica de marketing de WooCommerce, lo que lo convierte en una soluci\u00f3n de WooCommerce que lo abarca todo para los propietarios de tiendas en l\u00ednea.<\/p>\n<p>Entonces, si est\u00e1s decidido a<\/p>\n","protected":false},"featured_media":165305,"comment_status":"open","ping_status":"open","template":"","meta":[],"product_brand":[2339],"product_cat":[1208,1207,1206],"product_tag":[1256],"class_list":{"0":"post-123070","1":"product","2":"type-product","3":"status-publish","4":"has-post-thumbnail","6":"product_brand-codecanyon","7":"product_cat-administracion","8":"product_cat-comercio-electronico-plugins","9":"product_cat-plugins","10":"product_tag-codecanyon","11":"member-discount","12":"discount-restricted","14":"first","15":"instock","16":"sale","17":"downloadable","18":"virtual","19":"sold-individually","20":"purchasable","21":"product-type-simple"},"_links":{"self":[{"href":"https:\/\/gpl-love.com\/es\/wp-json\/wp\/v2\/product\/123070","targetHints":{"allow":["GET"]}}],"collection":[{"href":"https:\/\/gpl-love.com\/es\/wp-json\/wp\/v2\/product"}],"about":[{"href":"https:\/\/gpl-love.com\/es\/wp-json\/wp\/v2\/types\/product"}],"replies":[{"embeddable":true,"href":"https:\/\/gpl-love.com\/es\/wp-json\/wp\/v2\/comments?post=123070"}],"wp:featuredmedia":[{"embeddable":true,"href":"https:\/\/gpl-love.com\/es\/wp-json\/wp\/v2\/media\/165305"}],"wp:attachment":[{"href":"https:\/\/gpl-love.com\/es\/wp-json\/wp\/v2\/media?parent=123070"}],"wp:term":[{"taxonomy":"product_brand","embeddable":true,"href":"https:\/\/gpl-love.com\/es\/wp-json\/wp\/v2\/product_brand?post=123070"},{"taxonomy":"product_cat","embeddable":true,"href":"https:\/\/gpl-love.com\/es\/wp-json\/wp\/v2\/product_cat?post=123070"},{"taxonomy":"product_tag","embeddable":true,"href":"https:\/\/gpl-love.com\/es\/wp-json\/wp\/v2\/product_tag?post=123070"}],"curies":[{"name":"wp","href":"https:\/\/api.w.org\/{rel}","templated":true}]}}