{"id":123068,"date":"2026-03-18T00:00:00","date_gmt":"2026-03-18T05:00:00","guid":{"rendered":"https:\/\/gpl-love.com\/es\/producto\/etsy-integration-para-woocommerce\/"},"modified":"2026-03-18T23:15:40","modified_gmt":"2026-03-19T04:15:40","slug":"etsy-integration-para-woocommerce","status":"publish","type":"product","link":"https:\/\/gpl-love.com\/es\/producto\/etsy-integration-para-woocommerce\/","title":{"rendered":"Etsy Integration para WooCommerce 3.7.6"},"content":{"rendered":"<h3>Etsy Integration para WooCommerce Caracteristicas<\/h3>\n<p>La integraci\u00f3n de Etsy para WooCommerce es una herramienta incre\u00edblemente robusta que cuenta con una conexi\u00f3n perfecta entre su tienda WooCommerce y el mercado en l\u00ednea ampliamente reconocido, Etsy. A trav\u00e9s de la utilizaci\u00f3n de esta integraci\u00f3n, la sincronizaci\u00f3n de sus productos, pedidos e inventario en ambas plataformas se convierte en una brisa, aliviando la carga de invertir el tiempo y el esfuerzo excesivos. Adem\u00e1s, esta integraci\u00f3n le brinda la oportunidad de generar sin esfuerzo listados \u00fanicos sobre Etsy aprovechando sus productos de WooCommerce, todo mientras administra efectivamente sus ventas de Etsy junto con sus ventas de WooCommerce desde un tablero singular y completo. Independientemente de si posee experiencia experimentada en el \u00e1mbito de la venta de Etsy o simplemente se est\u00e1 embarcando en su viaje empresarial, la integraci\u00f3n de Etsy para WooCommerce garantiza la optimizaci\u00f3n de su flujo de trabajo al tiempo que impulsa simult\u00e1neamente la expansi\u00f3n de su negocio.<\/p>\n<ul>\n<li>Conecte sin problemas su tienda Etsy con su sitio web de WooCommerce<\/li>\n<li>Inventario de sincronizaci\u00f3n y niveles de stock entre Etsy y WooCommerce<\/li>\n<li>Importar autom\u00e1ticamente productos Etsy en WooCommerce para una f\u00e1cil gesti\u00f3n<\/li>\n<li>Categor\u00edas de Map Etsy a las categor\u00edas de WooCommerce para una organizaci\u00f3n consistente<\/li>\n<li>Establezca opciones \u00fanicas de precios y env\u00edo para productos Etsy dentro de WooCommerce<\/li>\n<li>Disfrutar de una mayor visibilidad y oportunidades de ventas con promoci\u00f3n cruzada entre plataformas<\/li>\n<li>Rastrear y administrar f\u00e1cilmente los pedidos en ambas plataformas con la sincronizaci\u00f3n de pedidos<\/li>\n<li>Administre sin esfuerzo variaciones de productos y opciones de listado entre Etsy y WooCommerce<\/li>\n<\/ul>\n","protected":false},"excerpt":{"rendered":"<p>Al utilizar la integraci\u00f3n de Etsy para WooCommerce, tendr\u00e1 la capacidad de establecer sin esfuerzo una conexi\u00f3n perfecta entre su tienda WooCommerce y su tienda de Etsy. Esta conexi\u00f3n le otorgar\u00e1 la notable oportunidad de extender el alcance de su negocio y comercializar sus productos a una audiencia considerablemente m\u00e1s grande. Con la implementaci\u00f3n de esta integraci\u00f3n, podr\u00e1 sincronizar sin esfuerzo sus listados de productos, informaci\u00f3n de inventario, detalles del pedido y datos de env\u00edo entre sus cuentas de Etsy y WooCommerce. Adem\u00e1s, esta integraci\u00f3n se acompa\u00f1a de una amplia gama de funcionalidades avanzadas, incluida la capacidad de clasificar sus productos, establecer reglas de precios y monitorear su rendimiento de ventas. Independientemente de si se est\u00e1 embarcando en las etapas iniciales de su viaje empresarial o se esfuerza por elevar su negocio a alturas sin precedentes, la integraci\u00f3n de Etsy para WooCommerce es la soluci\u00f3n definitiva que optimizar\u00e1 sus procesos operativos y fomentar\u00e1 el crecimiento de sus ventas.<\/p>\n","protected":false},"featured_media":166023,"comment_status":"open","ping_status":"open","template":"","meta":[],"product_brand":[2344],"product_cat":[1207,1248,1206],"product_tag":[1423],"class_list":{"0":"post-123068","1":"product","2":"type-product","3":"status-publish","4":"has-post-thumbnail","6":"product_brand-woocommerce","7":"product_cat-comercio-electronico-plugins","8":"product_cat-personalizacion-comercio-electronico-plugins","9":"product_cat-plugins","10":"product_tag-woocommerce","11":"member-discount","12":"discount-restricted","14":"first","15":"instock","16":"sale","17":"downloadable","18":"virtual","19":"sold-individually","20":"purchasable","21":"product-type-simple"},"_links":{"self":[{"href":"https:\/\/gpl-love.com\/es\/wp-json\/wp\/v2\/product\/123068","targetHints":{"allow":["GET"]}}],"collection":[{"href":"https:\/\/gpl-love.com\/es\/wp-json\/wp\/v2\/product"}],"about":[{"href":"https:\/\/gpl-love.com\/es\/wp-json\/wp\/v2\/types\/product"}],"replies":[{"embeddable":true,"href":"https:\/\/gpl-love.com\/es\/wp-json\/wp\/v2\/comments?post=123068"}],"wp:featuredmedia":[{"embeddable":true,"href":"https:\/\/gpl-love.com\/es\/wp-json\/wp\/v2\/media\/166023"}],"wp:attachment":[{"href":"https:\/\/gpl-love.com\/es\/wp-json\/wp\/v2\/media?parent=123068"}],"wp:term":[{"taxonomy":"product_brand","embeddable":true,"href":"https:\/\/gpl-love.com\/es\/wp-json\/wp\/v2\/product_brand?post=123068"},{"taxonomy":"product_cat","embeddable":true,"href":"https:\/\/gpl-love.com\/es\/wp-json\/wp\/v2\/product_cat?post=123068"},{"taxonomy":"product_tag","embeddable":true,"href":"https:\/\/gpl-love.com\/es\/wp-json\/wp\/v2\/product_tag?post=123068"}],"curies":[{"name":"wp","href":"https:\/\/api.w.org\/{rel}","templated":true}]}}