{"id":123040,"date":"2022-02-06T00:00:00","date_gmt":"2022-02-06T05:00:00","guid":{"rendered":"https:\/\/gpl-love.com\/es\/producto\/mythemeshop-magazine-wordpress-theme\/"},"modified":"2026-04-10T11:18:06","modified_gmt":"2026-04-10T16:18:06","slug":"mythemeshop-magazine-wordpress-theme","status":"publish","type":"product","link":"https:\/\/gpl-love.com\/es\/producto\/mythemeshop-magazine-wordpress-theme\/","title":{"rendered":"MyThemeShop Magazine WordPress Theme 1.2.9"},"content":{"rendered":"<h3>MyThemeShop Magazine WordPress Theme Caracteristicas<\/h3>\n<p>El tema de la revista WordPress de Mythemeshop es un tema incre\u00edblemente potente y adaptable que es absolutamente ideal para elaborar sitios web que sean cautivadores y rebosantes de contenido valioso. Con un dise\u00f1o contempor\u00e1neo y pulido, este tema presenta a los usuarios una interfaz completamente f\u00e1cil de usar que es muy f\u00e1cil de navegar y adaptar a sus preferencias. Adem\u00e1s, este tema viene equipado con una variedad de caracter\u00edsticas inmensamente beneficiosas, que abarca m\u00faltiples dise\u00f1os de p\u00e1ginas de inicio, widgets personalizables y una herramienta de constructor de p\u00e1ginas incre\u00edblemente robusta que le capacita a forjar y moldear las p\u00e1ginas sin esfuerzo a sus especificaciones exactas. Adem\u00e1s, este tema es completamente receptivo, lo que garantiza que su sitio web parezca visualmente impresionante y altamente funcional en todos y cada uno de los dispositivos. Aprovechando el poder de sus capacidades de SEO avanzadas y el c\u00f3digo meticulosamente optimizado, el tema de la revista Mythemeshop surge como una elecci\u00f3n excepcional para las personas que buscan establecer una presencia en l\u00ednea que sea altamente profesional y excepcionalmente de alto rendimiento.<\/p>\n<ul>\n<li>Dise\u00f1o de la revista moderna y profesional<\/li>\n<li>Dise\u00f1o totalmente receptivo que funciona en todos los dispositivos<\/li>\n<li>Opciones para personalizar y estilo p\u00e1ginas para adaptarse a su marca<\/li>\n<li>Optimizaci\u00f3n de anuncios incorporada para maximizar los ingresos<\/li>\n<li>Integraci\u00f3n de las redes sociales para facilitar el intercambio y el compromiso<\/li>\n<li>M\u00faltiples dise\u00f1os de p\u00e1gina de inicio para elegir<\/li>\n<li>Dise\u00f1o amigable para SEO para ayudar a su contenido a clasificar m\u00e1s alto<\/li>\n<li>Velocidad de carga r\u00e1pida para una mejor experiencia de usuario<\/li>\n<li>Interfaz f\u00e1cil de navegar y f\u00e1cil de usar<\/li>\n<li>Actualizaciones regulares y soporte del equipo de Mythemeshop.<\/li>\n<\/ul>\n","protected":false},"excerpt":{"rendered":"<p>El tema de WordPress de la revista Mythemeshop, un tema notablemente robusto y sofisticado, ha sido meticulosamente elaborado para satisfacer espec\u00edficamente las necesidades de revistas en l\u00ednea, portales de noticias y sitios web repletos de contenido. Con un dise\u00f1o elegante y de vanguardia, este tema presenta una variedad de opciones de personalizaci\u00f3n avanzada, as\u00ed como una variedad de complementos y widgets preinstalados. Adem\u00e1s, se integra perfectamente con las plataformas populares de redes sociales, dotan a los usuarios con opciones flexibles de dise\u00f1o, optimiza el rendimiento de la velocidad de la p\u00e1gina y garantiza un dise\u00f1o receptivo que aumenta sin problemas en cualquier dispositivo. Independientemente de si es un blogger, periodista o editor que busca amplificar su presencia en l\u00ednea, el tema de WordPress de la revista Mythemeshop sirve como la opci\u00f3n por excelencia para construir un sitio web visualmente llamativo y cautivador que se distingue sin esfuerzo de las masas.<\/p>\n","protected":false},"featured_media":166908,"comment_status":"open","ping_status":"open","template":"","meta":[],"product_brand":[2505],"product_cat":[1245,1237,1238],"product_tag":[1334],"class_list":{"0":"post-123040","1":"product","2":"type-product","3":"status-publish","4":"has-post-thumbnail","6":"product_brand-my-theme-shop","7":"product_cat-blog-revista","8":"product_cat-temas","9":"product_cat-wordpress-temas","10":"product_tag-my-theme-shop","11":"member-discount","12":"discount-restricted","14":"first","15":"instock","16":"sale","17":"downloadable","18":"virtual","19":"sold-individually","20":"purchasable","21":"product-type-simple"},"_links":{"self":[{"href":"https:\/\/gpl-love.com\/es\/wp-json\/wp\/v2\/product\/123040","targetHints":{"allow":["GET"]}}],"collection":[{"href":"https:\/\/gpl-love.com\/es\/wp-json\/wp\/v2\/product"}],"about":[{"href":"https:\/\/gpl-love.com\/es\/wp-json\/wp\/v2\/types\/product"}],"replies":[{"embeddable":true,"href":"https:\/\/gpl-love.com\/es\/wp-json\/wp\/v2\/comments?post=123040"}],"wp:featuredmedia":[{"embeddable":true,"href":"https:\/\/gpl-love.com\/es\/wp-json\/wp\/v2\/media\/166908"}],"wp:attachment":[{"href":"https:\/\/gpl-love.com\/es\/wp-json\/wp\/v2\/media?parent=123040"}],"wp:term":[{"taxonomy":"product_brand","embeddable":true,"href":"https:\/\/gpl-love.com\/es\/wp-json\/wp\/v2\/product_brand?post=123040"},{"taxonomy":"product_cat","embeddable":true,"href":"https:\/\/gpl-love.com\/es\/wp-json\/wp\/v2\/product_cat?post=123040"},{"taxonomy":"product_tag","embeddable":true,"href":"https:\/\/gpl-love.com\/es\/wp-json\/wp\/v2\/product_tag?post=123040"}],"curies":[{"name":"wp","href":"https:\/\/api.w.org\/{rel}","templated":true}]}}