{"id":122852,"date":"2026-04-18T00:00:00","date_gmt":"2026-04-18T05:00:00","guid":{"rendered":"https:\/\/gpl-love.com\/es\/producto\/woocommerce-payment-gateway-based-fees\/"},"modified":"2026-04-18T17:16:44","modified_gmt":"2026-04-18T22:16:44","slug":"woocommerce-payment-gateway-based-fees","status":"publish","type":"product","link":"https:\/\/gpl-love.com\/es\/producto\/woocommerce-payment-gateway-based-fees\/","title":{"rendered":"WooCommerce Payment Gateway Based Fees 5.2.2"},"content":{"rendered":"<h3>WooCommerce Payment Gateway Based Fees Caracteristicas<\/h3>\n<p>El complemento de tarifas basado en la pasarela de pago de WooCommerce tiene un prop\u00f3sito valioso al permitir a las empresas imponer convenientemente cargos a los clientes, dependiendo de la pasarela de pago que empleen. Con la implementaci\u00f3n de este complemento, uno gana la capacidad de establecer tarifas distintas para cada pasarela de pago, fomentando as\u00ed un procedimiento de pago que se caracteriza por una mayor eficiencia y suavidad. Este complemento en particular demuestra ser muy ventajoso para las empresas que desean incentivar a los clientes hacia pasarelas de pago espec\u00edficas, o aquellos que necesitan la recuperaci\u00f3n de tarifas asociadas con puertas de enlace particulares. El proceso de instalaci\u00f3n y utilizaci\u00f3n del complemento de tarifas basado en la pasarela de pago de WooCommerce es notablemente simple, lo que brinda a las empresas la flexibilidad deseada para dise\u00f1ar un proceso de pago hecho a medida que atiende a los requisitos \u00fanicos de su clientela.<\/p>\n<ul>\n<li>Permite a los comerciantes cobrar a los clientes tarifas adicionales por usar ciertas pasarelas de pago<\/li>\n<li>Funciona sin problemas con la plataforma WooCommerce<\/li>\n<li>Admite todas las principales pasarelas de pago, incluidos PayPal, Stripe y Square<\/li>\n<li>Proporciona flexibilidad para que los comerciantes establezcan tarifas basadas en pasarelas de pago individuales<\/li>\n<li>F\u00e1cil de instalar y configurar con instrucciones paso a paso<\/li>\n<li>Ayuda a los comerciantes a optimizar sus fuentes de ingresos mediante la recaudaci\u00f3n de tarifas adicionales<\/li>\n<li>Proporciona transparencia para los clientes, ya que est\u00e1n informados sobre las tarifas por adelantado<\/li>\n<li>Reduce la carga de las tarifas de la pasarela de pago en los comerciantes permiti\u00e9ndoles cobrar a los clientes en consecuencia<\/li>\n<li>Ofrece una interfaz f\u00e1cil de usar para que los comerciantes administren tarifas de pasarela de pago<\/li>\n<li>Permite a los comerciantes ofrecer descuentos a los clientes que eligen pasarelas de pago con tarifas m\u00e1s bajas.<\/li>\n<\/ul>\n","protected":false},"excerpt":{"rendered":"<p>Las tarifas basadas en la pasarela de pago de WooCommerce, un complemento extremadamente especializado, proporciona a los propietarios de tiendas en l\u00ednea con la capacidad de instituir cargos contingentes en la pasarela de pago seleccionada por sus estimados clientes. Adoptar esta notable caracter\u00edstica, se puede configurar sin esfuerzo gastos o modelos suplementarios para distintas metodolog\u00edas de pago, que abarca las tarjetas de PayPal, Stripe o incluso de cr\u00e9dito. Este complemento demuestra ser indispensable para las empresas que anhelan un comando m\u00e1s meticuloso sobre sus ganancias y gastos financieros, todo mientras ofrece una experiencia mejorada del cliente. Con una instalaci\u00f3n y personalizaci\u00f3n sin esfuerzo, las tarifas basadas en la pasarela de pago de WooCommerce, sin duda, surge como una herramienta imperativa para cualquier sitio web de comercio electr\u00f3nico.<\/p>\n","protected":false},"featured_media":168192,"comment_status":"open","ping_status":"open","template":"","meta":[],"product_brand":[2344],"product_cat":[1207,1248,1206],"product_tag":[1423],"class_list":{"0":"post-122852","1":"product","2":"type-product","3":"status-publish","4":"has-post-thumbnail","6":"product_brand-woocommerce","7":"product_cat-comercio-electronico-plugins","8":"product_cat-personalizacion-comercio-electronico-plugins","9":"product_cat-plugins","10":"product_tag-woocommerce","11":"member-discount","12":"discount-restricted","14":"first","15":"instock","16":"sale","17":"downloadable","18":"virtual","19":"sold-individually","20":"purchasable","21":"product-type-simple"},"_links":{"self":[{"href":"https:\/\/gpl-love.com\/es\/wp-json\/wp\/v2\/product\/122852","targetHints":{"allow":["GET"]}}],"collection":[{"href":"https:\/\/gpl-love.com\/es\/wp-json\/wp\/v2\/product"}],"about":[{"href":"https:\/\/gpl-love.com\/es\/wp-json\/wp\/v2\/types\/product"}],"replies":[{"embeddable":true,"href":"https:\/\/gpl-love.com\/es\/wp-json\/wp\/v2\/comments?post=122852"}],"wp:featuredmedia":[{"embeddable":true,"href":"https:\/\/gpl-love.com\/es\/wp-json\/wp\/v2\/media\/168192"}],"wp:attachment":[{"href":"https:\/\/gpl-love.com\/es\/wp-json\/wp\/v2\/media?parent=122852"}],"wp:term":[{"taxonomy":"product_brand","embeddable":true,"href":"https:\/\/gpl-love.com\/es\/wp-json\/wp\/v2\/product_brand?post=122852"},{"taxonomy":"product_cat","embeddable":true,"href":"https:\/\/gpl-love.com\/es\/wp-json\/wp\/v2\/product_cat?post=122852"},{"taxonomy":"product_tag","embeddable":true,"href":"https:\/\/gpl-love.com\/es\/wp-json\/wp\/v2\/product_tag?post=122852"}],"curies":[{"name":"wp","href":"https:\/\/api.w.org\/{rel}","templated":true}]}}