{"id":122782,"date":"2026-01-28T00:00:00","date_gmt":"2026-01-28T05:00:00","guid":{"rendered":"https:\/\/gpl-love.com\/es\/producto\/readabler-wordpress-accessibility-plugin\/"},"modified":"2026-04-10T11:22:53","modified_gmt":"2026-04-10T16:22:53","slug":"readabler-wordpress-accessibility-plugin","status":"publish","type":"product","link":"https:\/\/gpl-love.com\/es\/producto\/readabler-wordpress-accessibility-plugin\/","title":{"rendered":"Readabler Accessibility Plugin 2.0.15"},"content":{"rendered":"<h3>Readabler Accessibility Plugin Caracteristicas<\/h3>\n<p>El complemento de accesibilidad readable, una herramienta meticulosamente dise\u00f1ada para reforzar la accesibilidad del contenido digital, sirve como una tecnolog\u00eda de asistencia, que ofrece una variedad de caracter\u00edsticas notables que incluyen funcionalidad de texto a voz, ajustes de fuente y opciones de contraste de color, con el \u00fanico objetivo de Garantizar que los sitios web sean f\u00e1cilmente accesibles para personas con diversas habilidades. Adem\u00e1s, este complemento armoniza sin problemas con una multitud de dispositivos y plataformas, ampliando as\u00ed su accesibilidad a un espectro m\u00e1s amplio de usuarios. Al incorporar las capacidades incomparables del complemento de accesibilidad Readabler, los sitios web pueden trascender los l\u00edmites de la inclusi\u00f3n y volverse verdaderamente accesible para cada individuo, independientemente de sus habilidades \u00fanicas.<\/p>\n<ul>\n<li>Proporciona una experiencia de lectura optimizada para los usuarios con discapacidades visuales.<\/li>\n<li>Compatible con los principales lectores de pantalla y herramientas de accesibilidad<\/li>\n<li>Estilos y tama\u00f1os de fuentes personalizables para mejorar la legibilidad<\/li>\n<li>Configuraci\u00f3n de color y contraste ajustables para reducir la fatiga visual<\/li>\n<li>Hotas de la navegaci\u00f3n y atajos para navegar m\u00e1s r\u00e1pido<\/li>\n<li>Capacidades de detecci\u00f3n y traducci\u00f3n del idioma autom\u00e1tico<\/li>\n<li>Actualizaciones y soporte gratuitos para una mejora continua<\/li>\n<li>Instalaci\u00f3n e integraci\u00f3n f\u00e1cil con sitios web existentes<\/li>\n<li>Ayuda a las organizaciones a cumplir con las pautas de accesibilidad web<\/li>\n<li>Mejora la satisfacci\u00f3n y la lealtad del usuario al promover la inclusi\u00f3n y la diversidad.<\/li>\n<\/ul>\n","protected":false},"excerpt":{"rendered":"<p>El complemento de accesibilidad de Readabler, una herramienta inmensamente potente, ha sido meticulosamente elaborado con la intenci\u00f3n de mejorar la accesibilidad de los sitios web para usuarios de todos los \u00e1mbitos de la vida. A trav\u00e9s de una variedad de funcionalidades notables, que incluyen, entre otros, capacidades de texto a voz, ajuste del tama\u00f1o de fuente y configuraciones de contraste de color, este complemento posee la capacidad de elevar la experiencia de lectura para las personas cargadas por discapacidades visuales o discapacidades de aprendizaje. Sorprendentemente, sencillo de instalar, este complemento se puede adaptar a los requisitos \u00fanicos de su audiencia distinta, lo que hace que sea un activo indispensable para cualquier sitio web que se esfuerce por priorizar y defender la accesibilidad.<\/p>\n","protected":false},"featured_media":167321,"comment_status":"open","ping_status":"open","template":"","meta":[],"product_brand":[2339],"product_cat":[1214,1206,1211],"product_tag":[1256],"class_list":{"0":"post-122782","1":"product","2":"type-product","3":"status-publish","4":"has-post-thumbnail","6":"product_brand-codecanyon","7":"product_cat-personalizacion","8":"product_cat-plugins","9":"product_cat-wordpress-plugins","10":"product_tag-codecanyon","11":"member-discount","12":"discount-restricted","14":"first","15":"instock","16":"sale","17":"downloadable","18":"virtual","19":"sold-individually","20":"purchasable","21":"product-type-simple"},"_links":{"self":[{"href":"https:\/\/gpl-love.com\/es\/wp-json\/wp\/v2\/product\/122782","targetHints":{"allow":["GET"]}}],"collection":[{"href":"https:\/\/gpl-love.com\/es\/wp-json\/wp\/v2\/product"}],"about":[{"href":"https:\/\/gpl-love.com\/es\/wp-json\/wp\/v2\/types\/product"}],"replies":[{"embeddable":true,"href":"https:\/\/gpl-love.com\/es\/wp-json\/wp\/v2\/comments?post=122782"}],"wp:featuredmedia":[{"embeddable":true,"href":"https:\/\/gpl-love.com\/es\/wp-json\/wp\/v2\/media\/167321"}],"wp:attachment":[{"href":"https:\/\/gpl-love.com\/es\/wp-json\/wp\/v2\/media?parent=122782"}],"wp:term":[{"taxonomy":"product_brand","embeddable":true,"href":"https:\/\/gpl-love.com\/es\/wp-json\/wp\/v2\/product_brand?post=122782"},{"taxonomy":"product_cat","embeddable":true,"href":"https:\/\/gpl-love.com\/es\/wp-json\/wp\/v2\/product_cat?post=122782"},{"taxonomy":"product_tag","embeddable":true,"href":"https:\/\/gpl-love.com\/es\/wp-json\/wp\/v2\/product_tag?post=122782"}],"curies":[{"name":"wp","href":"https:\/\/api.w.org\/{rel}","templated":true}]}}