{"id":122670,"date":"2022-01-24T00:00:00","date_gmt":"2022-01-24T05:00:00","guid":{"rendered":"https:\/\/gpl-love.com\/es\/producto\/buildplus-responsive-construction-y-renovation-theme\/"},"modified":"2026-03-13T17:17:13","modified_gmt":"2026-03-13T22:17:13","slug":"buildplus-responsive-construction-y-renovation-theme","status":"publish","type":"product","link":"https:\/\/gpl-love.com\/es\/producto\/buildplus-responsive-construction-y-renovation-theme\/","title":{"rendered":"BuildPlus Responsive Construction y Renovation Theme 1.0"},"content":{"rendered":"<h3>BuildPlus Responsive Construction y Renovation Theme Caracteristicas<\/h3>\n<p>BuildPlus es un tema de construcci\u00f3n y renovaci\u00f3n altamente receptivo que ha sido intrincadamente dise\u00f1ado para satisfacer espec\u00edficamente las necesidades de las empresas de construcci\u00f3n y renovaci\u00f3n, con el objetivo de facilitar el establecimiento de su presencia en l\u00ednea. El tema cuenta con una variedad de caracter\u00edsticas notables, todas incorporadas deliberadamente para exhibir sin esfuerzo proyectos comerciales, servicios y testimonios. Al utilizar BuildPlus, las empresas pueden moda sin esfuerzo en sitios web visualmente cautivadores que poseen encanto est\u00e9tico y destreza funcional. Adem\u00e1s, este tema es incre\u00edblemente adaptable y adaptable, ya que se adapta sin problemas a diferentes plataformas, como computadoras de escritorio, tabletas y dispositivos m\u00f3viles. Adem\u00e1s, se incluye un constructor de p\u00e1ginas de arrastrar y soltar f\u00e1cilmente con usuarios, otorgando a los usuarios la facilidad y la conveniencia de crear dise\u00f1os y dise\u00f1os personalizados y \u00fanicos. Entre sus numerosos atributos se encuentran las opciones de color ilimitadas, la integraci\u00f3n de las redes sociales sin problemas, as\u00ed como la optimizaci\u00f3n de la optimizaci\u00f3n de los motores de b\u00fasqueda (SEO). En \u00faltima instancia, BuildPlus se erige como un tema excepcionalmente vers\u00e1til y potente que demuestra ser una opci\u00f3n ideal para las personas que buscan construir una plataforma en l\u00ednea impecable para su empresa de construcci\u00f3n o renovaci\u00f3n.<\/p>\n<ul>\n<li>Dise\u00f1o moderno y profesional perfecto para negocios de construcci\u00f3n y renovaci\u00f3n<\/li>\n<li>Totalmente receptivo y optimizado para todos los tama\u00f1os y dispositivos de pantalla<\/li>\n<li>Arrastre y suelte el constructor de p\u00e1ginas para una f\u00e1cil personalizaci\u00f3n y creaci\u00f3n de dise\u00f1o<\/li>\n<li>M\u00faltiples plantillas de p\u00e1gina predise\u00f1adas para una f\u00e1cil creaci\u00f3n de sitios<\/li>\n<li>Formularios de contacto incorporados y opciones de reserva para una participaci\u00f3n perfecta del cliente<\/li>\n<li>Integraci\u00f3n con complementos populares como WooCommerce y WPML para el comercio electr\u00f3nico y las capacidades multiling\u00fces<\/li>\n<li>Opciones de color ilimitadas para la personalizaci\u00f3n completa de la marca<\/li>\n<li>Soporte premium y actualizaciones frecuentes para la funcionalidad y seguridad continuas<\/li>\n<li>Codificaci\u00f3n y estructura amigable para SEO para mejorar la clasificaci\u00f3n de los motores de b\u00fasqueda<\/li>\n<li>Importaci\u00f3n de demostraci\u00f3n de un solo clic para configuraci\u00f3n de sitio r\u00e1pida y f\u00e1cil.<\/li>\n<\/ul>\n","protected":false},"excerpt":{"rendered":"<p>Descubra el tema de construcci\u00f3n y renovaci\u00f3n receptiva de compilaci\u00f3n de BuildPlus: una soluci\u00f3n poderosa y vers\u00e1til para todas las necesidades de su negocio de construcci\u00f3n. Este tema de \u00faltima generaci\u00f3n ofrece caracter\u00edsticas avanzadas, como un dise\u00f1o totalmente receptivo, asegurando que su sitio se vea perfecto en cualquier dispositivo. Las compa\u00f1\u00edas de renovaci\u00f3n apreciar\u00e1n la interfaz f\u00e1cil de usar del tema, lo que facilita mostrar sus servicios y proyectos de manera profesional. Con BuildPlus, puede resaltar sus capacidades de construcci\u00f3n, cartera y testimonios de clientes, proporcionando a los clientes potenciales toda la informaci\u00f3n que necesitan. Este tema tambi\u00e9n ofrece una gama de opciones de personalizaci\u00f3n, lo que le permite crear un sitio web \u00fanico y llamativo que realmente refleje su marca. Eleve su presencia en l\u00ednea con el tema de construcci\u00f3n y renovaci\u00f3n de recepci\u00f3n de BuildPlus.<\/p>\n","protected":false},"featured_media":165573,"comment_status":"open","ping_status":"open","template":"","meta":[],"product_brand":[2337],"product_cat":[1307,1237,1238],"product_tag":[1391],"class_list":{"0":"post-122670","1":"product","2":"type-product","3":"status-publish","4":"has-post-thumbnail","6":"product_brand-themeforest","7":"product_cat-negocio-wordpress-temas","8":"product_cat-temas","9":"product_cat-wordpress-temas","10":"product_tag-themeforest","11":"member-discount","12":"discount-restricted","14":"first","15":"instock","16":"sale","17":"downloadable","18":"virtual","19":"sold-individually","20":"purchasable","21":"product-type-simple"},"_links":{"self":[{"href":"https:\/\/gpl-love.com\/es\/wp-json\/wp\/v2\/product\/122670","targetHints":{"allow":["GET"]}}],"collection":[{"href":"https:\/\/gpl-love.com\/es\/wp-json\/wp\/v2\/product"}],"about":[{"href":"https:\/\/gpl-love.com\/es\/wp-json\/wp\/v2\/types\/product"}],"replies":[{"embeddable":true,"href":"https:\/\/gpl-love.com\/es\/wp-json\/wp\/v2\/comments?post=122670"}],"wp:featuredmedia":[{"embeddable":true,"href":"https:\/\/gpl-love.com\/es\/wp-json\/wp\/v2\/media\/165573"}],"wp:attachment":[{"href":"https:\/\/gpl-love.com\/es\/wp-json\/wp\/v2\/media?parent=122670"}],"wp:term":[{"taxonomy":"product_brand","embeddable":true,"href":"https:\/\/gpl-love.com\/es\/wp-json\/wp\/v2\/product_brand?post=122670"},{"taxonomy":"product_cat","embeddable":true,"href":"https:\/\/gpl-love.com\/es\/wp-json\/wp\/v2\/product_cat?post=122670"},{"taxonomy":"product_tag","embeddable":true,"href":"https:\/\/gpl-love.com\/es\/wp-json\/wp\/v2\/product_tag?post=122670"}],"curies":[{"name":"wp","href":"https:\/\/api.w.org\/{rel}","templated":true}]}}