{"id":122668,"date":"2025-10-13T00:00:00","date_gmt":"2025-10-13T05:00:00","guid":{"rendered":"https:\/\/gpl-love.com\/es\/producto\/reformer-multichannel-contact-form-para-elementor\/"},"modified":"2026-03-09T08:03:40","modified_gmt":"2026-03-09T13:03:40","slug":"reformer-multichannel-contact-form-para-elementor","status":"publish","type":"product","link":"https:\/\/gpl-love.com\/es\/producto\/reformer-multichannel-contact-form-para-elementor\/","title":{"rendered":"ReFormer Multichannel Contact Form para Elementor 1.0.6"},"content":{"rendered":"<h3>ReFormer Multichannel Contact Form para Elementor Caracteristicas<\/h3>\n<p>El complemento de formulario de contacto multicanal Reformer, dise\u00f1ado espec\u00edficamente para Elementor, es una herramienta incre\u00edblemente robusta que permite a los propietarios de sitios web no solo capturar un n\u00famero significativamente mayor de clientes potenciales, sino tambi\u00e9n mejorar las conversiones a trav\u00e9s de m\u00faltiples canales. Al aprovechar las capacidades de este complemento, puede idear sin esfuerzo formularios de contacto intrincados que ofrecen a los visitantes la oportunidad de comunicarse con usted por correo electr\u00f3nico, tel\u00e9fono, SMS e incluso varias plataformas de mensajes de redes sociales. Adem\u00e1s, con las sofisticadas caracter\u00edsticas de validaci\u00f3n y personalizaci\u00f3n de la forma del Reformador, tiene la capacidad de adaptar estas formas con precisi\u00f3n a sus requisitos \u00fanicos. Independientemente de si su negocio opera a peque\u00f1a escala o dentro de un gran marco empresarial, la integraci\u00f3n de reformador en su proceso de contacto indudablemente optimizar\u00e1 las operaciones y elevar\u00e1 sustancialmente la participaci\u00f3n del cliente. No pierda tiempo y aproveche la oportunidad para instalar este complemento innovador hoy, impulsando su sitio web a alturas sin precedentes.<\/p>\n<ul>\n<li>Permite la creaci\u00f3n de formularios de contacto personalizables utilizando Elementor Page Builder<\/li>\n<li>Admite m\u00faltiples canales para el contacto, incluidos el correo electr\u00f3nico, el tel\u00e9fono y las redes sociales<\/li>\n<li>Proporciona una interfaz f\u00e1cil de usar para la creaci\u00f3n y administraci\u00f3n de formularios<\/li>\n<li>Permite una f\u00e1cil integraci\u00f3n con la notificaci\u00f3n de formulario y los servicios de marketing por correo electr\u00f3nico<\/li>\n<li>Ofrece una variedad de opciones de campo de formulario, que incluyen texto, men\u00fas desplegables y carga de archivos<\/li>\n<li>Admite l\u00f3gica condicional para campos de formulario, proporcionando una experiencia de usuario personalizada<\/li>\n<li>Proporciona un dise\u00f1o receptivo para una visualizaci\u00f3n \u00f3ptima en todos los tama\u00f1os y dispositivos de pantalla<\/li>\n<li>Ofrece opciones avanzadas de personalizaci\u00f3n y estilo, incluidos esquemas de color y tipograf\u00eda<\/li>\n<li>Proporciona documentaci\u00f3n detallada y soporte para una f\u00e1cil instalaci\u00f3n y uso<\/li>\n<li>Mejora la participaci\u00f3n general del usuario y facilita a los clientes contactar a las empresas.<\/li>\n<\/ul>\n","protected":false},"excerpt":{"rendered":"<p>La forma de contacto multicanal reformador para Elementor emerge como una herramienta potente y eficaz meticulosamente elaborada para las personas que poseen sitios web y requieren un medio conveniente y sin complicaciones para fabricar formas de contacto que pueden adaptarse a sus preferencias. Al emplear este complemento notable, los propietarios de sitios web est\u00e1n facultados para las formas de contacto de moda de calidad excepcional que recopilan efectivamente informaci\u00f3n vital de los clientes, todo de una manera que sea directa y sin esfuerzo. Adem\u00e1s, el formulario de contacto multicanal Reformer para Elementor ofrece un amplio soporte para una multitud de campos de entrada, que abarca, pero no se limita a los n\u00fameros de texto, correo electr\u00f3nico y tel\u00e9fono, as\u00ed como la capacidad de recibir insumos de visitantes en varios canales. Tal funcionalidad completa representa una soluci\u00f3n que lo abarca todo que facilita enormemente la comunicaci\u00f3n entre los clientes y su negocio estimado. Adem\u00e1s, el formulario en s\u00ed puede personalizarse completamente, gracias a la inclusi\u00f3n de widgets de arrastrar y soltar, que se integran sin problemas con su sitio web, permitiendo as\u00ed una versatilidad incomparable. \u00a1No dude por m\u00e1s tiempo y adquiere el formulario de contacto multicanal reformador para Elementor sin demora, catapultando as\u00ed sus esfuerzos de comunicaci\u00f3n del cliente a alturas incomparables!<\/p>\n","protected":false},"featured_media":167336,"comment_status":"open","ping_status":"open","template":"","meta":[],"product_brand":[2339],"product_cat":[1214,1206,1211],"product_tag":[1256],"class_list":{"0":"post-122668","1":"product","2":"type-product","3":"status-publish","4":"has-post-thumbnail","6":"product_brand-codecanyon","7":"product_cat-personalizacion","8":"product_cat-plugins","9":"product_cat-wordpress-plugins","10":"product_tag-codecanyon","11":"member-discount","12":"discount-restricted","14":"first","15":"instock","16":"sale","17":"downloadable","18":"virtual","19":"sold-individually","20":"purchasable","21":"product-type-simple"},"_links":{"self":[{"href":"https:\/\/gpl-love.com\/es\/wp-json\/wp\/v2\/product\/122668","targetHints":{"allow":["GET"]}}],"collection":[{"href":"https:\/\/gpl-love.com\/es\/wp-json\/wp\/v2\/product"}],"about":[{"href":"https:\/\/gpl-love.com\/es\/wp-json\/wp\/v2\/types\/product"}],"replies":[{"embeddable":true,"href":"https:\/\/gpl-love.com\/es\/wp-json\/wp\/v2\/comments?post=122668"}],"wp:featuredmedia":[{"embeddable":true,"href":"https:\/\/gpl-love.com\/es\/wp-json\/wp\/v2\/media\/167336"}],"wp:attachment":[{"href":"https:\/\/gpl-love.com\/es\/wp-json\/wp\/v2\/media?parent=122668"}],"wp:term":[{"taxonomy":"product_brand","embeddable":true,"href":"https:\/\/gpl-love.com\/es\/wp-json\/wp\/v2\/product_brand?post=122668"},{"taxonomy":"product_cat","embeddable":true,"href":"https:\/\/gpl-love.com\/es\/wp-json\/wp\/v2\/product_cat?post=122668"},{"taxonomy":"product_tag","embeddable":true,"href":"https:\/\/gpl-love.com\/es\/wp-json\/wp\/v2\/product_tag?post=122668"}],"curies":[{"name":"wp","href":"https:\/\/api.w.org\/{rel}","templated":true}]}}