{"id":122666,"date":"2025-06-03T00:00:00","date_gmt":"2025-06-03T05:00:00","guid":{"rendered":"https:\/\/gpl-love.com\/es\/producto\/critique-magazine-newspaper-y-review-theme\/"},"modified":"2026-03-13T17:18:09","modified_gmt":"2026-03-13T22:18:09","slug":"critique-magazine-newspaper-y-review-theme","status":"publish","type":"product","link":"https:\/\/gpl-love.com\/es\/producto\/critique-magazine-newspaper-y-review-theme\/","title":{"rendered":"Critique Magazine Newspaper y Review Theme 1.2.0"},"content":{"rendered":"<h3>Critique Magazine Newspaper y Review Theme Caracteristicas<\/h3>\n<p>Si usted es alguien interesado en embarcarse en el viaje de comenzar su propia revista o sitio web de revisi\u00f3n, entonces el peri\u00f3dico de la revista Critique y el tema de revisi\u00f3n definitivamente deber\u00edan estar en su radar. Este producto ofrece una soluci\u00f3n integral y abarcadora que seguramente satisfar\u00e1 todas sus necesidades. Equipado con una variedad de caracter\u00edsticas, este tema le permite crear una plataforma que no solo sea visualmente impresionante, sino que tambi\u00e9n sea muy atractiva. Su dise\u00f1o totalmente receptivo garantiza que su sitio web se vea perfecto y funcione sin problemas en todos los dispositivos. Adem\u00e1s, los dise\u00f1os personalizables le brindan la libertad de adaptar su plataforma para adaptarse a su estilo espec\u00edfico y preferencias est\u00e9ticas. La inclusi\u00f3n de potentes herramientas de b\u00fasqueda y filtrado mejora a\u00fan m\u00e1s la experiencia del usuario, lo que permite a los visitantes navegar f\u00e1cilmente y encontrar el contenido que est\u00e1n buscando. Administrar su plataforma es muy f\u00e1cil gracias a la interfaz intuitiva proporcionada por el peri\u00f3dico de la revista Critique y el tema de la revisi\u00f3n. Puede publicar sin esfuerzo art\u00edculos, rese\u00f1as y otro contenido convincente, al tiempo que realiza un seguimiento de las suscripciones, anuncios y perfiles de usuario. Este tema realmente ofrece la soluci\u00f3n definitiva para aquellos que tienen como objetivo crear una publicaci\u00f3n que exude profesionalismo y sofisticaci\u00f3n. Al optar por el peri\u00f3dico y el tema de la revisi\u00f3n de la revista Critique, se le garantiza captar la atenci\u00f3n de los lectores y los anunciantes, lo que lo convierte en una inversi\u00f3n realmente valiosa.<\/p>\n<ul>\n<li>Dise\u00f1o moderno y elegante para un aspecto profesional<\/li>\n<li>Dise\u00f1o totalmente receptivo y amigable para m\u00f3vil para una f\u00e1cil navegaci\u00f3n en cualquier dispositivo<\/li>\n<li>P\u00e1gina de inicio personalizable con widgets de arrastrar y soltar para una configuraci\u00f3n f\u00e1cil y personalizada<\/li>\n<li>M\u00faltiples dise\u00f1os posteriores para adaptarse a una variedad de tipos de contenido que incluyen art\u00edculos, rese\u00f1as y entrevistas<\/li>\n<li>Soporte incorporado para botones de intercambio social para ayudar a los art\u00edculos propagados en las plataformas de redes sociales<\/li>\n<li>Sistema de calificaci\u00f3n f\u00e1cil de usar para alentar la participaci\u00f3n y los comentarios del usuario<\/li>\n<li>F\u00e1cil integraci\u00f3n con redes publicitarias para oportunidades de monetizaci\u00f3n<\/li>\n<li>Documentaci\u00f3n integral y atenci\u00f3n al cliente para una resoluci\u00f3n de problemas r\u00e1pida y f\u00e1cil<\/li>\n<li>Actualizaciones regulares y correcciones de errores para garantizar un rendimiento \u00f3ptimo.<\/li>\n<li>Un sistema de revisi\u00f3n y calificaci\u00f3n para permitir a los usuarios calificar y dar sus opiniones sobre libros y otros productos.<\/li>\n<\/ul>\n","protected":false},"excerpt":{"rendered":"<p>\u00a1Descubre nuestro peri\u00f3dico de revista Critique y su tema de revisi\u00f3n! Este producto ofrece una plataforma vers\u00e1til para todas sus necesidades de publicaci\u00f3n. Con su dise\u00f1o elegante y su interfaz f\u00e1cil de usar, puede crear un entorno atractivo para sus lectores, ya sea que est\u00e9 publicando una revista, peri\u00f3dico o sitio de revisi\u00f3n. Este tema presenta una variedad de opciones personalizables, lo que le permite hacer que su sitio sea realmente \u00fanico. Tambi\u00e9n est\u00e1 dise\u00f1ado para responder, asegurando que su contenido se vea impresionante en cualquier dispositivo. Con nuestro peri\u00f3dico y tema de revisi\u00f3n de la revista Critique, tendr\u00e1 las herramientas que necesita para cautivar a su audiencia y mantenerlos regresando por m\u00e1s.<\/p>\n","protected":false},"featured_media":165679,"comment_status":"open","ping_status":"open","template":"","meta":[],"product_brand":[2337],"product_cat":[1245,1237,1238],"product_tag":[1391],"class_list":{"0":"post-122666","1":"product","2":"type-product","3":"status-publish","4":"has-post-thumbnail","6":"product_brand-themeforest","7":"product_cat-blog-revista","8":"product_cat-temas","9":"product_cat-wordpress-temas","10":"product_tag-themeforest","11":"member-discount","12":"discount-restricted","14":"first","15":"instock","16":"sale","17":"downloadable","18":"virtual","19":"sold-individually","20":"purchasable","21":"product-type-simple"},"_links":{"self":[{"href":"https:\/\/gpl-love.com\/es\/wp-json\/wp\/v2\/product\/122666","targetHints":{"allow":["GET"]}}],"collection":[{"href":"https:\/\/gpl-love.com\/es\/wp-json\/wp\/v2\/product"}],"about":[{"href":"https:\/\/gpl-love.com\/es\/wp-json\/wp\/v2\/types\/product"}],"replies":[{"embeddable":true,"href":"https:\/\/gpl-love.com\/es\/wp-json\/wp\/v2\/comments?post=122666"}],"wp:featuredmedia":[{"embeddable":true,"href":"https:\/\/gpl-love.com\/es\/wp-json\/wp\/v2\/media\/165679"}],"wp:attachment":[{"href":"https:\/\/gpl-love.com\/es\/wp-json\/wp\/v2\/media?parent=122666"}],"wp:term":[{"taxonomy":"product_brand","embeddable":true,"href":"https:\/\/gpl-love.com\/es\/wp-json\/wp\/v2\/product_brand?post=122666"},{"taxonomy":"product_cat","embeddable":true,"href":"https:\/\/gpl-love.com\/es\/wp-json\/wp\/v2\/product_cat?post=122666"},{"taxonomy":"product_tag","embeddable":true,"href":"https:\/\/gpl-love.com\/es\/wp-json\/wp\/v2\/product_tag?post=122666"}],"curies":[{"name":"wp","href":"https:\/\/api.w.org\/{rel}","templated":true}]}}