{"id":122662,"date":"2025-06-09T00:00:00","date_gmt":"2025-06-09T05:00:00","guid":{"rendered":"https:\/\/gpl-love.com\/es\/producto\/netfix-broadband-y-internet-services-wordpress-theme\/"},"modified":"2026-04-10T11:18:42","modified_gmt":"2026-04-10T16:18:42","slug":"netfix-broadband-y-internet-services-wordpress-theme","status":"publish","type":"product","link":"https:\/\/gpl-love.com\/es\/producto\/netfix-broadband-y-internet-services-wordpress-theme\/","title":{"rendered":"Netfix Broadband y Internet Services WordPress Theme 2.0.1"},"content":{"rendered":"<h3>Netfix Broadband y Internet Services WordPress Theme Caracteristicas<\/h3>\n<p>El tema de WordPress de NetFix Broadband e Internet ofrece una soluci\u00f3n ideal para las personas que buscan desarrollar un sitio web profesional y funcional para su empresa de banda ancha o de Internet. Este tema muestra un dise\u00f1o contempor\u00e1neo y elegante, que abarca todas las caracter\u00edsticas esenciales necesarias para presentar sus servicios, planes de precios y miembros del equipo. Adem\u00e1s, su dise\u00f1o totalmente receptivo garantiza que su sitio web mantenga una apariencia visualmente agradable en todos los dispositivos, mientras que las opciones de personalizaci\u00f3n s\u00f3lidas permiten ajustes personalizados de acuerdo con sus requisitos espec\u00edficos. Adem\u00e1s, a trav\u00e9s de la integraci\u00f3n sin esfuerzo de complementos populares como WooCommerce y Contact Form 7, puede incorporar a la perfecci\u00f3n las funcionalidades de comercio electr\u00f3nico y los formularios de contacto en su sitio web. En conclusi\u00f3n, el tema de WordPress de la banda ancha y la banda ancha de NetFix sirve como una opci\u00f3n confiable y vers\u00e1til para cualquier proveedor de servicios de Internet con el objetivo de establecer una presencia formidable en l\u00ednea.<\/p>\n<ul>\n<li>Dise\u00f1o moderno y elegante perfecto para sitios web inspirados en Netflix<\/li>\n<li>Dise\u00f1o totalmente receptivo y amigable para m\u00f3viles para navegar sin costuras en cualquier dispositivo<\/li>\n<li>Construido con un constructor de p\u00e1ginas de arrastrar y soltar el elemento para una f\u00e1cil personalizaci\u00f3n<\/li>\n<li>Integraci\u00f3n con complementos populares como WooCommerce, MailChimp y el Formulario de contacto 7<\/li>\n<li>M\u00faltiples plantillas de p\u00e1gina de inicio predise\u00f1adas y de p\u00e1gina<\/li>\n<li>Importaci\u00f3n de demostraci\u00f3n de un solo clic para una configuraci\u00f3n r\u00e1pida y f\u00e1cil<\/li>\n<li>Optimizado para velocidades de carga r\u00e1pidas y c\u00f3digo amigable con SEO<\/li>\n<li>Documentaci\u00f3n extensa y equipo de apoyo dedicado para asistencia<\/li>\n<\/ul>\n","protected":false},"excerpt":{"rendered":"<p>El tema de WordPress de NetFix Broadband and Internet Services, con su plantilla de sitio web moderna y profesional, est\u00e1 meticulosamente elaborada para proveedores de servicios de banda ancha e Internet. Al mostrar un dise\u00f1o elegante y m\u00ednimo, este tema presenta una interfaz f\u00e1cil de usar que le permite exhibir su variedad de servicios, planes de precios y testimonios de clientes con la mayor facilidad. Adem\u00e1s, est\u00e1 equipado con un sistema de reserva de citas incorporado, una integraci\u00f3n perfecta con Google Maps e \u00edconos de redes sociales para la participaci\u00f3n sin esfuerzo del cliente. Independientemente de si pertenece a una empresa a peque\u00f1a escala o una corporaci\u00f3n colosal, el tema de WordPress de banda ancha y de Internet de NetFix surge como la opci\u00f3n por excelencia para mostrar efectivamente sus servicios y cautivar a una audiencia m\u00e1s grande en el \u00e1mbito en l\u00ednea.<\/p>\n","protected":false},"featured_media":166957,"comment_status":"open","ping_status":"open","template":"","meta":[],"product_brand":[2337],"product_cat":[1267,1237,1238],"product_tag":[1391],"class_list":{"0":"post-122662","1":"product","2":"type-product","3":"status-publish","4":"has-post-thumbnail","6":"product_brand-themeforest","7":"product_cat-creativo","8":"product_cat-temas","9":"product_cat-wordpress-temas","10":"product_tag-themeforest","11":"member-discount","12":"discount-restricted","14":"first","15":"instock","16":"sale","17":"downloadable","18":"virtual","19":"sold-individually","20":"purchasable","21":"product-type-simple"},"_links":{"self":[{"href":"https:\/\/gpl-love.com\/es\/wp-json\/wp\/v2\/product\/122662","targetHints":{"allow":["GET"]}}],"collection":[{"href":"https:\/\/gpl-love.com\/es\/wp-json\/wp\/v2\/product"}],"about":[{"href":"https:\/\/gpl-love.com\/es\/wp-json\/wp\/v2\/types\/product"}],"replies":[{"embeddable":true,"href":"https:\/\/gpl-love.com\/es\/wp-json\/wp\/v2\/comments?post=122662"}],"wp:featuredmedia":[{"embeddable":true,"href":"https:\/\/gpl-love.com\/es\/wp-json\/wp\/v2\/media\/166957"}],"wp:attachment":[{"href":"https:\/\/gpl-love.com\/es\/wp-json\/wp\/v2\/media?parent=122662"}],"wp:term":[{"taxonomy":"product_brand","embeddable":true,"href":"https:\/\/gpl-love.com\/es\/wp-json\/wp\/v2\/product_brand?post=122662"},{"taxonomy":"product_cat","embeddable":true,"href":"https:\/\/gpl-love.com\/es\/wp-json\/wp\/v2\/product_cat?post=122662"},{"taxonomy":"product_tag","embeddable":true,"href":"https:\/\/gpl-love.com\/es\/wp-json\/wp\/v2\/product_tag?post=122662"}],"curies":[{"name":"wp","href":"https:\/\/api.w.org\/{rel}","templated":true}]}}