{"id":122660,"date":"2025-11-26T00:00:00","date_gmt":"2025-11-26T05:00:00","guid":{"rendered":"https:\/\/gpl-love.com\/es\/producto\/streamtube-video-wordpress-theme\/"},"modified":"2026-03-13T17:29:47","modified_gmt":"2026-03-13T22:29:47","slug":"streamtube-video-wordpress-theme","status":"publish","type":"product","link":"https:\/\/gpl-love.com\/es\/producto\/streamtube-video-wordpress-theme\/","title":{"rendered":"StreamTube Video WordPress Theme 4.15"},"content":{"rendered":"<h3>StreamTube Video WordPress Theme Caracteristicas<\/h3>\n<p>El tema de WordPress de Video Streamtube ha sido meticulosamente elaborado para satisfacer las necesidades de los bloggers y creadores de contenido de video, con una amplia gama de opciones de personalizaci\u00f3n. Su dise\u00f1o elegante y contempor\u00e1neo impulsa su sitio web con una est\u00e9tica profesional, elevando su aspecto general. Adem\u00e1s, este tema es totalmente receptivo, asegurando que su contenido cautivador permanezca visualmente impresionante y f\u00e1cilmente accesible en todos los dispositivos. En particular, el tema de WordPress de Video Streamtube est\u00e1 dotado de una gran cantidad de caracter\u00edsticas formidables, que incluye un reproductor de video avanzado, una galer\u00eda de video inmersiva y una gran cantidad de widgets personalizables. Adem\u00e1s, el tema tambi\u00e9n ofrece una mir\u00edada de opciones de monetizaci\u00f3n, como el espacio publicitario estrat\u00e9gicamente ubicado y las suscripciones lucrativas de membres\u00eda. Independientemente de si usted es un aspirante a novato o un profesional experimentado en el campo de los blogs, el tema de Video de WordPress de Streamtube es la plataforma por excelencia para mostrar de manera efectiva su atractivo contenido de video y ampliar su audiencia cada vez mayor.<\/p>\n<ul>\n<li>Dise\u00f1o moderno y elegante, perfecto para mostrar contenido de video<\/li>\n<li>Totalmente receptivo y amigable con los dispositivos m\u00f3viles, asegurando una experiencia de visualizaci\u00f3n \u00f3ptima en todos los dispositivos<\/li>\n<li>Integraci\u00f3n perfecta con plataformas de alojamiento de video populares como YouTube y Vimeo<\/li>\n<li>Opciones avanzadas de personalizaci\u00f3n de video que incluyen configuraciones de autoplay, bucle y silencio<\/li>\n<li>Reproductor de video incorporado con soporte para la reproducci\u00f3n 4K y Full HD<\/li>\n<li>Builder de p\u00e1gina de arrastrar y soltar f\u00e1ciles de usar para crear dise\u00f1os y dise\u00f1os personalizados<\/li>\n<li>Se incluy\u00f3 contenido de demostraci\u00f3n para una configuraci\u00f3n r\u00e1pida y f\u00e1cil<\/li>\n<li>Optimizado para velocidades de carga r\u00e1pidas y rendimiento de SEO<\/li>\n<li>Documentaci\u00f3n integral y excelente atenci\u00f3n al cliente.<\/li>\n<\/ul>\n","protected":false},"excerpt":{"rendered":"<p>El video de WordPress de Video Streamtube atiende a personas que buscan lanzar un sitio web con un enfoque principal en el contenido de video. Con su dise\u00f1o elegante y moderno, este tema ofrece a los visitantes una experiencia de transmisi\u00f3n multimedia perfecta. Adem\u00e1s, StreamTube ofrece un alto nivel de personalizaci\u00f3n, asegurando que los usuarios puedan adaptar su sitio web a sus necesidades espec\u00edficas. No solo prioriza la navegaci\u00f3n r\u00e1pida, sino que tambi\u00e9n optimiza las clasificaciones de los motores de b\u00fasqueda, por lo que es una opci\u00f3n ideal para aquellos que buscan mejorar su presencia en l\u00ednea. Ya sea que sea un creador de contenido de video, streamer, blogger o simplemente un individuo con el objetivo de cautivar a sus seguidores con contenido visualmente atractivo, Streamtube es la soluci\u00f3n sin problemas que ha estado buscando.<\/p>\n","protected":false},"featured_media":167580,"comment_status":"open","ping_status":"open","template":"","meta":[],"product_brand":[2337],"product_cat":[1267,1237,1238],"product_tag":[1391],"class_list":{"0":"post-122660","1":"product","2":"type-product","3":"status-publish","4":"has-post-thumbnail","6":"product_brand-themeforest","7":"product_cat-creativo","8":"product_cat-temas","9":"product_cat-wordpress-temas","10":"product_tag-themeforest","11":"member-discount","12":"discount-restricted","14":"first","15":"instock","16":"sale","17":"downloadable","18":"virtual","19":"sold-individually","20":"purchasable","21":"product-type-simple"},"_links":{"self":[{"href":"https:\/\/gpl-love.com\/es\/wp-json\/wp\/v2\/product\/122660","targetHints":{"allow":["GET"]}}],"collection":[{"href":"https:\/\/gpl-love.com\/es\/wp-json\/wp\/v2\/product"}],"about":[{"href":"https:\/\/gpl-love.com\/es\/wp-json\/wp\/v2\/types\/product"}],"replies":[{"embeddable":true,"href":"https:\/\/gpl-love.com\/es\/wp-json\/wp\/v2\/comments?post=122660"}],"wp:featuredmedia":[{"embeddable":true,"href":"https:\/\/gpl-love.com\/es\/wp-json\/wp\/v2\/media\/167580"}],"wp:attachment":[{"href":"https:\/\/gpl-love.com\/es\/wp-json\/wp\/v2\/media?parent=122660"}],"wp:term":[{"taxonomy":"product_brand","embeddable":true,"href":"https:\/\/gpl-love.com\/es\/wp-json\/wp\/v2\/product_brand?post=122660"},{"taxonomy":"product_cat","embeddable":true,"href":"https:\/\/gpl-love.com\/es\/wp-json\/wp\/v2\/product_cat?post=122660"},{"taxonomy":"product_tag","embeddable":true,"href":"https:\/\/gpl-love.com\/es\/wp-json\/wp\/v2\/product_tag?post=122660"}],"curies":[{"name":"wp","href":"https:\/\/api.w.org\/{rel}","templated":true}]}}