{"id":122658,"date":"2026-04-08T00:00:00","date_gmt":"2026-04-08T05:00:00","guid":{"rendered":"https:\/\/gpl-love.com\/es\/producto\/publishpress-series-pro\/"},"modified":"2026-04-10T11:22:31","modified_gmt":"2026-04-10T16:22:31","slug":"publishpress-series-pro","status":"publish","type":"product","link":"https:\/\/gpl-love.com\/es\/producto\/publishpress-series-pro\/","title":{"rendered":"PublishPress Series Pro 3.1.1"},"content":{"rendered":"<h3>PublishPress Series Pro Caracteristicas<\/h3>\n<p>PublishPress Series Pro es un complemento de WordPress extremadamente robusto e influyente que ha sido meticulosamente dise\u00f1ado para optimizar y acelerar el laborioso proceso de administrar series de contenido de manera efectiva en su estimado sitio web. Este complemento excepcional le ofrece la capacidad incomparable para crear y organizar meticulosamente la serie de publicaciones cautivadoras e informativas, mejorando as\u00ed la navegabilidad perfecta y fomentando un compromiso inquebrantable con su sitio web cautivador. Sorprendentemente, con la ayuda de PublishPress Series Pro, est\u00e1 dotado del privilegio envidiable de personalizar expertos el dise\u00f1o, el dise\u00f1o y el estilo de sus p\u00e1ginas de la serie meticulosamente dise\u00f1adas, mientras programan ingeniosamente publicaciones con mayor precisi\u00f3n y precisi\u00f3n que se publicar\u00e1n en una exquisita especificada. orden cronol\u00f3gico. Adem\u00e1s, este complemento impresionante le proporciona an\u00e1lisis de avances y herramientas de seguimiento que le permiten monitorear diligentemente y analizar meticulosamente el rendimiento de su serie de contenido exquisitamente dise\u00f1ado, lo que le permite tomar decisiones de datos t\u00e1cticas y h\u00e1biles en el Realm en el Realm de su estrategia de contenido general. En general, PublishPress Series Pro emerge indudablemente como una herramienta indispensable e invaluable que sin duda revolucionar\u00e1 y catapultar\u00e1 la organizaci\u00f3n general, la navegaci\u00f3n y, en \u00faltima instancia, el compromiso incomparable del contenido inalc\u00e9s de su ilustre sitio web.<\/p>\n<ul>\n<li>Potente complemento de gesti\u00f3n de flujo de trabajo y editorial para WordPress.<\/li>\n<li>Incluye calendario editorial personalizable y herramientas de gesti\u00f3n de tareas.<\/li>\n<li>Mantiene el control de versiones y la colaboraci\u00f3n en los cambios de contenido.<\/li>\n<li>Permite la gesti\u00f3n de roles de usuario y los permisos para una mayor seguridad.<\/li>\n<li>Se integra con las populares plataformas de correo electr\u00f3nico y redes sociales para la promoci\u00f3n simplificada.<\/li>\n<li>Ofrece an\u00e1lisis detallados e informes para el seguimiento del rendimiento del contenido.<\/li>\n<li>Compatible con complementos populares de constructor de p\u00e1ginas para una f\u00e1cil creaci\u00f3n de contenido.<\/li>\n<li>Incluye soporte prioritario y actualizaciones para la optimizaci\u00f3n continua.<\/li>\n<\/ul>\n","protected":false},"excerpt":{"rendered":"<p>El complemento PublishPress Series Pro para WordPress ofrece un conjunto robusto de caracter\u00edsticas que facilitan la creaci\u00f3n sin esfuerzo y la gesti\u00f3n de la serie de contenido en su sitio web. Este complemento le permite organizar eficientemente sus publicaciones en series de cohesivos, aumentarlas con im\u00e1genes y descripciones personalizadas de la serie, y presentarlas en un formato visual y cautivador. Ya sea que usted sea un \u00e1vido blogger, vendedor astuto o editor dedicado, el complemento PublishPress Series Pro es un activo indispensable para elaborar y promover su excepcional serie de contenido.<\/p>\n","protected":false},"featured_media":167288,"comment_status":"open","ping_status":"open","template":"","meta":[],"product_brand":[2541],"product_cat":[1214,1206,1211],"product_tag":[2135],"class_list":{"0":"post-122658","1":"product","2":"type-product","3":"status-publish","4":"has-post-thumbnail","6":"product_brand-publishpress","7":"product_cat-personalizacion","8":"product_cat-plugins","9":"product_cat-wordpress-plugins","10":"product_tag-publishpress","11":"member-discount","12":"discount-restricted","14":"first","15":"instock","16":"sale","17":"downloadable","18":"virtual","19":"sold-individually","20":"purchasable","21":"product-type-simple"},"_links":{"self":[{"href":"https:\/\/gpl-love.com\/es\/wp-json\/wp\/v2\/product\/122658","targetHints":{"allow":["GET"]}}],"collection":[{"href":"https:\/\/gpl-love.com\/es\/wp-json\/wp\/v2\/product"}],"about":[{"href":"https:\/\/gpl-love.com\/es\/wp-json\/wp\/v2\/types\/product"}],"replies":[{"embeddable":true,"href":"https:\/\/gpl-love.com\/es\/wp-json\/wp\/v2\/comments?post=122658"}],"wp:featuredmedia":[{"embeddable":true,"href":"https:\/\/gpl-love.com\/es\/wp-json\/wp\/v2\/media\/167288"}],"wp:attachment":[{"href":"https:\/\/gpl-love.com\/es\/wp-json\/wp\/v2\/media?parent=122658"}],"wp:term":[{"taxonomy":"product_brand","embeddable":true,"href":"https:\/\/gpl-love.com\/es\/wp-json\/wp\/v2\/product_brand?post=122658"},{"taxonomy":"product_cat","embeddable":true,"href":"https:\/\/gpl-love.com\/es\/wp-json\/wp\/v2\/product_cat?post=122658"},{"taxonomy":"product_tag","embeddable":true,"href":"https:\/\/gpl-love.com\/es\/wp-json\/wp\/v2\/product_tag?post=122658"}],"curies":[{"name":"wp","href":"https:\/\/api.w.org\/{rel}","templated":true}]}}