{"id":122656,"date":"2022-05-25T00:00:00","date_gmt":"2022-05-25T05:00:00","guid":{"rendered":"https:\/\/gpl-love.com\/es\/producto\/fundbux-charity-y-fundraise-wordpress-theme\/"},"modified":"2026-03-13T17:21:06","modified_gmt":"2026-03-13T22:21:06","slug":"fundbux-charity-y-fundraise-wordpress-theme","status":"publish","type":"product","link":"https:\/\/gpl-love.com\/es\/producto\/fundbux-charity-y-fundraise-wordpress-theme\/","title":{"rendered":"Fundbux Charity y Fundraise WordPress Theme 1.5.1"},"content":{"rendered":"<h3>Fundbux Charity y Fundraise WordPress Theme Caracteristicas<\/h3>\n<p>FundBux Charity and Fundraise WordPress Temo es un tema altamente adaptable y f\u00e1cil de usar que ha sido dise\u00f1ado espec\u00edficamente para organizaciones sin fines de lucro, organizaciones ben\u00e9ficas y recaudadores de fondos. Este tema proporciona una interfaz notablemente intuitiva y navegable sin esfuerzo que facilita efectivamente la creaci\u00f3n de un sitio web profesional en cuesti\u00f3n de minutos. La amplia gama de opciones de personalizaci\u00f3n disponibles permite a los usuarios adaptar la apariencia y el ambiente de su sitio web para alinearse impecablemente con su identidad de marca \u00fanica o causa noble. Adem\u00e1s, el tema cuenta con un dise\u00f1o receptivo, asegurando as\u00ed que el sitio web exhiba un atractivo est\u00e9tico excepcional en todos los dispositivos. Adem\u00e1s, FundBux abarca una variedad de p\u00e1ginas preconstruidas, que abarcan sobre nosotros, donaci\u00f3n, causas, eventos y cont\u00e1ctenos, que pueden ajustarse a la perfecci\u00f3n y adaptarse para satisfacer requisitos espec\u00edficos. En esencia, Fundbux Charity y Fundraise WordPress Temo es una opci\u00f3n excepcional y \u00f3ptima para las organizaciones sin fines de lucro que anhelan establecer una presencia en l\u00ednea resuelta y cautivadora.<\/p>\n<ul>\n<li>Tema de WordPress receptivo y personalizable dise\u00f1ado para sitios web de caridad y recaudaci\u00f3n de fondos<\/li>\n<li>M\u00faltiples dise\u00f1os de p\u00e1gina de inicio preconstruidos para elegir, incluidas opciones para campa\u00f1as de crowdfunding y recaudadores de fondos para eventos<\/li>\n<li>Sistema de donaci\u00f3n integrado con opciones de donaciones de PayPal, Stripe y Offline<\/li>\n<li>Constructor de p\u00e1gina f\u00e1cil de usar con funcionalidad de arrastrar y soltar para crear p\u00e1ginas y dise\u00f1os personalizados<\/li>\n<li>Calendario de eventos incorporado para promover eventos de recaudaci\u00f3n de fondos y mostrar fechas importantes<\/li>\n<li>Integraci\u00f3n de las redes sociales para ayudar a promover su causa y aumentar la visibilidad<\/li>\n<li>Compatible con complementos populares de WordPress como WooCommerce y el Formulario de contacto 7<\/li>\n<li>Optimizado para la optimizaci\u00f3n de motores de b\u00fasqueda (SEO) para mejorar la visibilidad del motor de b\u00fasqueda y conducir m\u00e1s tr\u00e1fico a su sitio<\/li>\n<li>Actualizaciones gratuitas de por vida y soporte de los desarrolladores de temas<\/li>\n<li>Documentaci\u00f3n integral y video tutoriales para ayudarlo a comenzar y personalizar su sitio.<\/li>\n<\/ul>\n","protected":false},"excerpt":{"rendered":"<p>El tema de WordPress de Fundbux Charity and Fundraise WordPress es un tema de WordPress extraordinariamente robusto y extremadamente personalizable que se ha creado espec\u00edficamente con las necesidades distintivas de las organizaciones sin fines de lucro, iniciativas de recaudaci\u00f3n de fondos y eventos de caridad en mente. Con una est\u00e9tica de dise\u00f1o notablemente limpia e innegablemente profesional, este tema le permite dise\u00f1ar sin esfuerzo un sitio web visualmente cautivador que muestra y destaca efectivamente la noble causa que est\u00e1 defendiendo. Ofreciendo una variedad de plantillas predise\u00f1adas, botones de donaci\u00f3n convenientemente accesibles y una caracter\u00edstica de importaci\u00f3n de demostraci\u00f3n de un solo clic incre\u00edblemente conveniente, la organizaci\u00f3n ben\u00e9fica FundBux y el tema de WordPress de recaudaci\u00f3n de fondos tienen como objetivo optimizar y simplificar el proceso de configuraci\u00f3n a menudo arduo. Adem\u00e1s, este tema se ha dise\u00f1ado meticulosamente para que sea totalmente receptivo y meticulosamente optimizado para la optimizaci\u00f3n de motores de b\u00fasqueda, lo que garantiza que su sitio web exude un atractivo visualmente resplandeciente al tiempo que entrega simult\u00e1neamente un rendimiento incomparable en todos los dispositivos concebibles. Adem\u00e1s, el tema de WordPress de la organizaci\u00f3n ben\u00e9fica y recaudaci\u00f3n de fondos de Fundbux le brinda una amplia variedad de opciones de personalizaci\u00f3n, que incluye esquemas de color, estilos de fuentes, configuraciones de encabezado y pie de p\u00e1gina, as\u00ed como una variedad de widgets personalizados, conferirle la capacidad de la capacidad de manualizaci\u00f3n sin esfuerzo a un artesan\u00eda sin esfuerzo. Sitio web que es sofisticado y profundamente atractivo, incitando as\u00ed a un impulso irresistible dentro de sus estimados visitantes de donar gentilmente sus recursos y apoyar de todo coraz\u00f3n su causa innegablemente digna.<\/p>\n","protected":false},"featured_media":166170,"comment_status":"open","ping_status":"open","template":"","meta":[],"product_brand":[2337],"product_cat":[1267,1237,1238],"product_tag":[1391],"class_list":{"0":"post-122656","1":"product","2":"type-product","3":"status-publish","4":"has-post-thumbnail","6":"product_brand-themeforest","7":"product_cat-creativo","8":"product_cat-temas","9":"product_cat-wordpress-temas","10":"product_tag-themeforest","11":"member-discount","12":"discount-restricted","14":"first","15":"instock","16":"sale","17":"downloadable","18":"virtual","19":"sold-individually","20":"purchasable","21":"product-type-simple"},"_links":{"self":[{"href":"https:\/\/gpl-love.com\/es\/wp-json\/wp\/v2\/product\/122656","targetHints":{"allow":["GET"]}}],"collection":[{"href":"https:\/\/gpl-love.com\/es\/wp-json\/wp\/v2\/product"}],"about":[{"href":"https:\/\/gpl-love.com\/es\/wp-json\/wp\/v2\/types\/product"}],"replies":[{"embeddable":true,"href":"https:\/\/gpl-love.com\/es\/wp-json\/wp\/v2\/comments?post=122656"}],"wp:featuredmedia":[{"embeddable":true,"href":"https:\/\/gpl-love.com\/es\/wp-json\/wp\/v2\/media\/166170"}],"wp:attachment":[{"href":"https:\/\/gpl-love.com\/es\/wp-json\/wp\/v2\/media?parent=122656"}],"wp:term":[{"taxonomy":"product_brand","embeddable":true,"href":"https:\/\/gpl-love.com\/es\/wp-json\/wp\/v2\/product_brand?post=122656"},{"taxonomy":"product_cat","embeddable":true,"href":"https:\/\/gpl-love.com\/es\/wp-json\/wp\/v2\/product_cat?post=122656"},{"taxonomy":"product_tag","embeddable":true,"href":"https:\/\/gpl-love.com\/es\/wp-json\/wp\/v2\/product_tag?post=122656"}],"curies":[{"name":"wp","href":"https:\/\/api.w.org\/{rel}","templated":true}]}}