{"id":122655,"date":"2022-01-24T00:00:00","date_gmt":"2022-01-24T05:00:00","guid":{"rendered":"https:\/\/gpl-love.com\/es\/producto\/searchwp-woocommerce-product-table-integration\/"},"modified":"2026-04-10T11:24:12","modified_gmt":"2026-04-10T16:24:12","slug":"searchwp-woocommerce-product-table-integration","status":"publish","type":"product","link":"https:\/\/gpl-love.com\/es\/producto\/searchwp-woocommerce-product-table-integration\/","title":{"rendered":"SearchWP WooCommerce Product Table Integration 1.0.4"},"content":{"rendered":"<h3>SearchWP WooCommerce Product Table Integration Caracteristicas<\/h3>\n<p>La integraci\u00f3n de la tabla de productos WooCommerce de SearchWP es una herramienta incre\u00edblemente robusta y potente que otorga a los usuarios la capacidad sin esfuerzo para buscar y filtrar a trav\u00e9s de una extensa gama de tablas de productos de WooCommerce. Esta integraci\u00f3n perfecta se combina armoniosamente con WooCommerce, facilitando as\u00ed una experiencia de usuario sin esfuerzo, al tiempo que otorga simult\u00e1neamente a los usuarios un encuentro impecablemente optimizado y filtrado al examinar los productos. Con sus resultados y filtros de b\u00fasqueda altamente personalizables, los usuarios est\u00e1n facultados para ubicar r\u00e1pidamente y efectivamente los productos exactos que necesitan. Esta integraci\u00f3n demuestra ser especialmente ventajosa para las tiendas en l\u00ednea que cuentan con un inventario expansivo, lo que lo convierte en una herramienta indispensable para todos los propietarios de las tiendas de WooCommerce. Independientemente de si usted es un propietario de una peque\u00f1a empresa modesta o un magnate en la industria minorista, tenga la seguridad de que la integraci\u00f3n de la tabla de productos WooCommerce de SearchWP puede aumentar sin lugar a dudas la experiencia de usuario de su tienda y, en \u00faltima instancia, reforzar las ventas.<\/p>\n<ul>\n<li>Integra la potente funcionalidad de b\u00fasqueda de SearchWP con su tabla de productos de WooCommerce<\/li>\n<li>Permite a los clientes buscar de manera r\u00e1pida y f\u00e1cil los productos dentro de su mesa.<\/li>\n<li>Muestra sus resultados de b\u00fasqueda en un formato de tabla claro y conciso para una f\u00e1cil navegaci\u00f3n<\/li>\n<li>La configuraci\u00f3n de b\u00fasqueda personalizable le permite ajustar la experiencia de b\u00fasqueda para satisfacer sus necesidades<\/li>\n<li>Admite m\u00faltiples filtros de b\u00fasqueda, incluidos los atributos y las etiquetas del producto<\/li>\n<li>Funciona sin problemas con su tema de WooCommerce para proporcionar una experiencia de usuario perfecta<\/li>\n<li>Mejora la experiencia de compra de sus clientes al hacerlo m\u00e1s r\u00e1pido y m\u00e1s conveniente para encontrar lo que est\u00e1n buscando<\/li>\n<li>Compatible con una amplia gama de complementos y extensiones de WooCommerce para una funcionalidad adicional<\/li>\n<li>Proporciona documentaci\u00f3n y soporte integrales para garantizar un proceso de configuraci\u00f3n e integraci\u00f3n sin problemas.<\/li>\n<li>Le ahorra tiempo y esfuerzo al racionalizar el proceso de b\u00fasqueda para usted y sus clientes.<\/li>\n<\/ul>\n","protected":false},"excerpt":{"rendered":"<p>Mejore la funcionalidad de su tabla de productos WooCommerce integrando sin problemas SearchWP con nuestra innovadora integraci\u00f3n de la tabla de productos WooCommerce WooCommerce. Al aprovechar esta integraci\u00f3n, podr\u00e1 adaptar de manera efectiva la barra de b\u00fasqueda y los resultados de b\u00fasqueda dentro de su tabla de productos, mejorando significativamente la experiencia general de compra para sus estimados clientes. Ac\u00e9telo a los problemas de resultados de b\u00fasqueda imprecisos y lentos mientras optimiza las capacidades de b\u00fasqueda de su tienda en l\u00ednea con la ayuda de esta formidable integraci\u00f3n.<\/p>\n","protected":false},"featured_media":167439,"comment_status":"open","ping_status":"open","template":"","meta":[],"product_brand":[2553],"product_cat":[1207,1248,1206],"product_tag":[1368],"class_list":{"0":"post-122655","1":"product","2":"type-product","3":"status-publish","4":"has-post-thumbnail","6":"product_brand-search-wp","7":"product_cat-comercio-electronico-plugins","8":"product_cat-personalizacion-comercio-electronico-plugins","9":"product_cat-plugins","10":"product_tag-search-wp","11":"member-discount","12":"discount-restricted","14":"first","15":"instock","16":"sale","17":"downloadable","18":"virtual","19":"sold-individually","20":"purchasable","21":"product-type-simple"},"_links":{"self":[{"href":"https:\/\/gpl-love.com\/es\/wp-json\/wp\/v2\/product\/122655","targetHints":{"allow":["GET"]}}],"collection":[{"href":"https:\/\/gpl-love.com\/es\/wp-json\/wp\/v2\/product"}],"about":[{"href":"https:\/\/gpl-love.com\/es\/wp-json\/wp\/v2\/types\/product"}],"replies":[{"embeddable":true,"href":"https:\/\/gpl-love.com\/es\/wp-json\/wp\/v2\/comments?post=122655"}],"wp:featuredmedia":[{"embeddable":true,"href":"https:\/\/gpl-love.com\/es\/wp-json\/wp\/v2\/media\/167439"}],"wp:attachment":[{"href":"https:\/\/gpl-love.com\/es\/wp-json\/wp\/v2\/media?parent=122655"}],"wp:term":[{"taxonomy":"product_brand","embeddable":true,"href":"https:\/\/gpl-love.com\/es\/wp-json\/wp\/v2\/product_brand?post=122655"},{"taxonomy":"product_cat","embeddable":true,"href":"https:\/\/gpl-love.com\/es\/wp-json\/wp\/v2\/product_cat?post=122655"},{"taxonomy":"product_tag","embeddable":true,"href":"https:\/\/gpl-love.com\/es\/wp-json\/wp\/v2\/product_tag?post=122655"}],"curies":[{"name":"wp","href":"https:\/\/api.w.org\/{rel}","templated":true}]}}