{"id":122653,"date":"2025-11-17T00:00:00","date_gmt":"2025-11-17T05:00:00","guid":{"rendered":"https:\/\/gpl-love.com\/es\/producto\/bookly-discounts\/"},"modified":"2026-03-09T07:21:16","modified_gmt":"2026-03-09T12:21:16","slug":"bookly-discounts","status":"publish","type":"product","link":"https:\/\/gpl-love.com\/es\/producto\/bookly-discounts\/","title":{"rendered":"Bookly Discounts 2.1"},"content":{"rendered":"<h3>Bookly Discounts Caracteristicas<\/h3>\n<p>Bookly Discounts es una herramienta altamente encomiable que satisface las necesidades de los lectores ardientes que anhelan economizar en sus compras de libros. Este software excepcional otorga a los usuarios acceso sin restricciones a una extensa variedad de libros sustancialmente con descuento que abarcan diversos g\u00e9neros, que abarcan personajes como el romance, el misterio, la ciencia ficci\u00f3n y una variedad de otros. En virtud de los descuentos en libros, los usuarios est\u00e1n facultados para examinar r\u00e1pidamente a trav\u00e9s de una mir\u00edada de obras literarias, desenterrando as\u00ed ofertas extraordinarias en topers de gr\u00e1ficos, gemas reci\u00e9n publicadas y obras maestras atemporales por igual. Adem\u00e1s, este software de vanguardia ofrece a los usuarios la oportunidad de forjar listas de lectura personalizadas, monitorear diligentemente su progreso de lectura y obtener recomendaciones personalizadas basadas en sus predilecciones individuales. En general, est\u00e1 muy claro que los descuentos en Bookly son una herramienta indispensable para cualquier intenci\u00f3n bibli\u00f3filo de economizar sus pr\u00f3ximos esfuerzos literarios.<\/p>\n<ul>\n<li>F\u00e1cil configuraci\u00f3n de c\u00f3digos de descuento para su calendario en libros<\/li>\n<li>Capacidad para crear c\u00f3digos de descuento autom\u00e1ticos o manuales<\/li>\n<li>Opci\u00f3n para establecer descuentos porcentuales o de cantidad fija<\/li>\n<li>Prefijos y sufijos de c\u00f3digo de descuento personalizable<\/li>\n<li>Control sobre las fechas de vencimiento del c\u00f3digo de descuento y los l\u00edmites de uso<\/li>\n<li>Capacidad para asignar descuentos a servicios espec\u00edficos o miembros del personal<\/li>\n<li>Seguimiento f\u00e1cil del uso y efectividad del c\u00f3digo de descuento<\/li>\n<li>Mejora de retenci\u00f3n y adquisici\u00f3n de clientes a trav\u00e9s de promociones espec\u00edficas<\/li>\n<li>Aumento de los ingresos y ganancias a trav\u00e9s del descuento estrat\u00e9gico<\/li>\n<\/ul>\n","protected":false},"excerpt":{"rendered":"<p>\u00a1Experimenta la alegr\u00eda de leer como nunca antes con descuentos en libros! Nuestra plataforma ofrece una amplia gama de libros en todos los g\u00e9neros, desde misterios emocionantes y romances cautivadores hasta la no ficci\u00f3n esclarecedora. Con descuentos en libros, tendr\u00e1 acceso a un mundo de conocimiento y entretenimiento a precios inmejorables. Creemos que todos deber\u00edan tener la oportunidad de escapar a un buen libro, por lo que ofrecemos descuentos sustanciales en los bestsellers, cl\u00e1sicos y gemas ocultas. Ya sea que sea un rat\u00f3n de biblioteca experimentado o un bibli\u00f3filo en ciernes, encontrar\u00e1 algo que amar en nuestra colecci\u00f3n diversa. Con descuentos en libros, leer no es solo un pasatiempo, es un estilo de vida. \u00a1Explora, aprende y guarda con nosotros hoy!<\/p>\n","protected":false},"featured_media":165514,"comment_status":"open","ping_status":"open","template":"","meta":[],"product_brand":[2339],"product_cat":[1232,1206,1211],"product_tag":[1256],"class_list":{"0":"post-122653","1":"product","2":"type-product","3":"status-publish","4":"has-post-thumbnail","6":"product_brand-codecanyon","7":"product_cat-marketing-wordpress-plugins","8":"product_cat-plugins","9":"product_cat-wordpress-plugins","10":"product_tag-codecanyon","11":"member-discount","12":"discount-restricted","14":"first","15":"instock","16":"sale","17":"downloadable","18":"virtual","19":"sold-individually","20":"purchasable","21":"product-type-simple"},"_links":{"self":[{"href":"https:\/\/gpl-love.com\/es\/wp-json\/wp\/v2\/product\/122653","targetHints":{"allow":["GET"]}}],"collection":[{"href":"https:\/\/gpl-love.com\/es\/wp-json\/wp\/v2\/product"}],"about":[{"href":"https:\/\/gpl-love.com\/es\/wp-json\/wp\/v2\/types\/product"}],"replies":[{"embeddable":true,"href":"https:\/\/gpl-love.com\/es\/wp-json\/wp\/v2\/comments?post=122653"}],"wp:featuredmedia":[{"embeddable":true,"href":"https:\/\/gpl-love.com\/es\/wp-json\/wp\/v2\/media\/165514"}],"wp:attachment":[{"href":"https:\/\/gpl-love.com\/es\/wp-json\/wp\/v2\/media?parent=122653"}],"wp:term":[{"taxonomy":"product_brand","embeddable":true,"href":"https:\/\/gpl-love.com\/es\/wp-json\/wp\/v2\/product_brand?post=122653"},{"taxonomy":"product_cat","embeddable":true,"href":"https:\/\/gpl-love.com\/es\/wp-json\/wp\/v2\/product_cat?post=122653"},{"taxonomy":"product_tag","embeddable":true,"href":"https:\/\/gpl-love.com\/es\/wp-json\/wp\/v2\/product_tag?post=122653"}],"curies":[{"name":"wp","href":"https:\/\/api.w.org\/{rel}","templated":true}]}}