{"id":122651,"date":"2025-11-14T00:00:00","date_gmt":"2025-11-14T05:00:00","guid":{"rendered":"https:\/\/gpl-love.com\/es\/producto\/bookly-advanced-google-calendar\/"},"modified":"2026-03-09T07:21:04","modified_gmt":"2026-03-09T12:21:04","slug":"bookly-advanced-google-calendar","status":"publish","type":"product","link":"https:\/\/gpl-love.com\/es\/producto\/bookly-advanced-google-calendar\/","title":{"rendered":"Bookly Advanced Google Calendar 3.0"},"content":{"rendered":"<h3>Bookly Advanced Google Calendar Caracteristicas<\/h3>\n<p>Bookly Advanced Google Calendar es una soluci\u00f3n excepcional que ofrece una facilidad incomparable en la gesti\u00f3n de citas y horarios. Con su integraci\u00f3n perfecta con Google Calendar, este complemento faculta a los usuarios crear eventos sin esfuerzo, manejar citas de manera eficiente y programar convenientemente reuniones. Sus notables capacidades, como el soporte de ubicaci\u00f3n m\u00faltiple, la personalizaci\u00f3n de los campos y la provisi\u00f3n de recordatorios de citas, lo convierten en una opci\u00f3n ideal para empresas de cualquier magnitud. Este complemento se ha desarrollado cuidadosamente para optimizar su tiempo y recursos al optimizar el proceso de programaci\u00f3n, lo que le permite priorizar el aspecto m\u00e1s crucial de sus operaciones: el crecimiento de su negocio. Ya sea que sea un propietario de una empresa a peque\u00f1a escala o un jugador clave en una gran corporaci\u00f3n, Bookly avanz\u00f3 Google Calendar se presenta como el instrumento final para armonizar su horario y simplificar su vida.<\/p>\n<ul>\n<li>Conecte sus citas bookly directamente a su calendario de Google<\/li>\n<li>Opciones de sincronizaci\u00f3n personalizables para adaptarse a sus necesidades de programaci\u00f3n \u00fanicas<\/li>\n<li>Actualizaciones autom\u00e1ticas para los cambios en sus citas en Bookly en tiempo real<\/li>\n<li>Asignar servicios de libros y miembros del personal a eventos espec\u00edficos de Google Calendar<\/li>\n<li>Capacidad para reprogramar o cancelar las citas en Bookly directamente desde su interfaz de Google Calendar<\/li>\n<li>Mayor eficiencia y organizaci\u00f3n para su proceso de reserva<\/li>\n<li>F\u00e1cil integraci\u00f3n con su cuenta Bookly existente y el calendario de Google<\/li>\n<li>Interfaz f\u00e1cil de usar para navegaci\u00f3n y operaci\u00f3n sin problemas<\/li>\n<li>Transferencia de datos confiable y segura para proteger la informaci\u00f3n de su cita confidencial.<\/li>\n<\/ul>\n","protected":false},"excerpt":{"rendered":"<p>Experimente una programaci\u00f3n perfecta con el calendario de Google avanzado de Bookly. Esta herramienta ha sido dise\u00f1ada para optimizar sus tareas de programaci\u00f3n, eliminando la confusi\u00f3n y mejorar la productividad. Sus caracter\u00edsticas clave incluyen una sincronizaci\u00f3n f\u00e1cil con el calendario de Google, los recordatorios automatizados y una interfaz f\u00e1cil de usar que simplifica para cualquiera. Con Bookly Advanced Google Calendar, puede administrar y rastrear f\u00e1cilmente sus citas, asegurando que nunca se pierda una reuni\u00f3n o un evento importante. Adem\u00e1s, ofrece un formulario de reserva personalizable, lo que lo convierte en un ajuste perfecto para cualquier negocio. Disfrute de los beneficios de la programaci\u00f3n eficiente y la organizaci\u00f3n mejorada con el calendario de Google avanzado de Bookly.<\/p>\n","protected":false},"featured_media":165505,"comment_status":"open","ping_status":"open","template":"","meta":[],"product_brand":[2339],"product_cat":[1214,1206,1211],"product_tag":[1256],"class_list":{"0":"post-122651","1":"product","2":"type-product","3":"status-publish","4":"has-post-thumbnail","6":"product_brand-codecanyon","7":"product_cat-personalizacion","8":"product_cat-plugins","9":"product_cat-wordpress-plugins","10":"product_tag-codecanyon","11":"member-discount","12":"discount-restricted","14":"first","15":"instock","16":"sale","17":"downloadable","18":"virtual","19":"sold-individually","20":"purchasable","21":"product-type-simple"},"_links":{"self":[{"href":"https:\/\/gpl-love.com\/es\/wp-json\/wp\/v2\/product\/122651","targetHints":{"allow":["GET"]}}],"collection":[{"href":"https:\/\/gpl-love.com\/es\/wp-json\/wp\/v2\/product"}],"about":[{"href":"https:\/\/gpl-love.com\/es\/wp-json\/wp\/v2\/types\/product"}],"replies":[{"embeddable":true,"href":"https:\/\/gpl-love.com\/es\/wp-json\/wp\/v2\/comments?post=122651"}],"wp:featuredmedia":[{"embeddable":true,"href":"https:\/\/gpl-love.com\/es\/wp-json\/wp\/v2\/media\/165505"}],"wp:attachment":[{"href":"https:\/\/gpl-love.com\/es\/wp-json\/wp\/v2\/media?parent=122651"}],"wp:term":[{"taxonomy":"product_brand","embeddable":true,"href":"https:\/\/gpl-love.com\/es\/wp-json\/wp\/v2\/product_brand?post=122651"},{"taxonomy":"product_cat","embeddable":true,"href":"https:\/\/gpl-love.com\/es\/wp-json\/wp\/v2\/product_cat?post=122651"},{"taxonomy":"product_tag","embeddable":true,"href":"https:\/\/gpl-love.com\/es\/wp-json\/wp\/v2\/product_tag?post=122651"}],"curies":[{"name":"wp","href":"https:\/\/api.w.org\/{rel}","templated":true}]}}