{"id":122647,"date":"2023-11-23T00:00:00","date_gmt":"2023-11-23T05:00:00","guid":{"rendered":"https:\/\/gpl-love.com\/es\/producto\/zuperla-creative-multi-purpose-wordpress-theme\/"},"modified":"2026-03-13T17:35:46","modified_gmt":"2026-03-13T22:35:46","slug":"zuperla-creative-multi-purpose-wordpress-theme","status":"publish","type":"product","link":"https:\/\/gpl-love.com\/es\/producto\/zuperla-creative-multi-purpose-wordpress-theme\/","title":{"rendered":"Zuperla Creative Multi-Purpose WordPress Theme 2.5.0"},"content":{"rendered":"<h3>Zuperla Creative Multi-Purpose WordPress Theme Caracteristicas<\/h3>\n<p>Zuperla, un tema de WordPress altamente vers\u00e1til y din\u00e1micamente adaptable, atiende las necesidades y deseos de las empresas y las personas que anhelan establecer un sitio web impresionante. Este tema multifac\u00e9tico cuenta con una extensa gama de opciones de personalizaci\u00f3n, lo que permite a los usuarios personalizar sin esfuerzo su sitio web para alinearse con su estilo y marca distintivos. Con su dise\u00f1o receptivo y su gran parte de dise\u00f1os de demostraci\u00f3n, Zuperla demuestra ser el ep\u00edtome de la excelencia cuando se trata de elaborar diversas plataformas en l\u00ednea, que van desde sitios web corporativos hasta carteras en l\u00ednea y tiendas de comercio electr\u00f3nico. Adem\u00e1s, este tema incorpora una variedad de caracter\u00edsticas avanzadas como constructores de p\u00e1ginas de arrastrar y soltar, widgets personalizables y un potente panel administrativo, que colectivamente facilita la gesti\u00f3n de sitios web sin problemas. Independientemente de si posee experiencia a nivel de novato o es un desarrollador experimentado, Zuperla indudablemente emerge como la mejor opci\u00f3n para construir un sitio web est\u00e9ticamente agradable y extremadamente funcional.<\/p>\n<ul>\n<li>Tema de WordPress altamente personalizable adecuado para una variedad de aplicaciones<\/li>\n<li>Viene con m\u00e1s de 20 demostraciones preconstruidas para elegir, ahorrando tiempo y esfuerzo a los usuarios para comenzar desde cero<\/li>\n<li>Construido sobre el marco de arranque popular y confiable, asegurando la compatibilidad y la f\u00e1cil integraci\u00f3n con herramientas y complementos de terceros<\/li>\n<li>Presenta un dise\u00f1o receptivo que se adapta a la perfecci\u00f3n a diferentes dispositivos y tama\u00f1os de pantalla para una experiencia de usuario \u00f3ptima<\/li>\n<li>Incluye herramientas de creador de p\u00e1ginas de arrastrar y soltar que permiten a los usuarios crear dise\u00f1os de p\u00e1gina personalizados de manera f\u00e1cil y r\u00e1pida.<\/li>\n<li>Viene con un conjunto de caracter\u00edsticas potentes, que incluyen herramientas de optimizaci\u00f3n de SEO, opciones de personalizaci\u00f3n avanzada y opciones de color ilimitadas<\/li>\n<li>Proporciona una excelente atenci\u00f3n al cliente y actualizaciones continuas para garantizar un rendimiento y usabilidad \u00f3ptimos<\/li>\n<li>Ideal para empresas, creativos e individuos que buscan crear un sitio web profesional y visualmente impresionante sin un conocimiento o experiencia extensa de codificaci\u00f3n.<\/li>\n<\/ul>\n","protected":false},"excerpt":{"rendered":"<p>El tema de WordPress multiprop\u00f3sito de Zuperla Creative es un instrumento notablemente adaptable y robusto para elaborar sitios web impresionantes, repleto de una mir\u00edada de funcionalidades. Armado con su vasto ensamblaje de plantillas predise\u00f1adas y su intuitivo constructor de p\u00e1ginas de arrastrar y soltar, incluso los usuarios desprovistos de codificar la perspicacia pueden adaptar sin esfuerzo su sitio web a sus especificaciones precisas. Ya sea una empresa comercial, una cartera o un blog, este tema abarca todos los atributos necesarios para un sitio web de eminencia global, que abarca el dise\u00f1o receptivo, la optimizaci\u00f3n de motores de b\u00fasqueda, la integraci\u00f3n sin costura con WooCommerce y una plethora de otras caracter\u00edsticas notables. \u00a1Las posibilidades ilimitadas que ofrece Zuperla son realmente impresionantes!<\/p>\n","protected":false},"featured_media":168734,"comment_status":"open","ping_status":"open","template":"","meta":[],"product_brand":[2337],"product_cat":[1267,1237,1238],"product_tag":[1391],"class_list":{"0":"post-122647","1":"product","2":"type-product","3":"status-publish","4":"has-post-thumbnail","6":"product_brand-themeforest","7":"product_cat-creativo","8":"product_cat-temas","9":"product_cat-wordpress-temas","10":"product_tag-themeforest","11":"member-discount","12":"discount-restricted","14":"first","15":"instock","16":"sale","17":"downloadable","18":"virtual","19":"sold-individually","20":"purchasable","21":"product-type-simple"},"_links":{"self":[{"href":"https:\/\/gpl-love.com\/es\/wp-json\/wp\/v2\/product\/122647","targetHints":{"allow":["GET"]}}],"collection":[{"href":"https:\/\/gpl-love.com\/es\/wp-json\/wp\/v2\/product"}],"about":[{"href":"https:\/\/gpl-love.com\/es\/wp-json\/wp\/v2\/types\/product"}],"replies":[{"embeddable":true,"href":"https:\/\/gpl-love.com\/es\/wp-json\/wp\/v2\/comments?post=122647"}],"wp:featuredmedia":[{"embeddable":true,"href":"https:\/\/gpl-love.com\/es\/wp-json\/wp\/v2\/media\/168734"}],"wp:attachment":[{"href":"https:\/\/gpl-love.com\/es\/wp-json\/wp\/v2\/media?parent=122647"}],"wp:term":[{"taxonomy":"product_brand","embeddable":true,"href":"https:\/\/gpl-love.com\/es\/wp-json\/wp\/v2\/product_brand?post=122647"},{"taxonomy":"product_cat","embeddable":true,"href":"https:\/\/gpl-love.com\/es\/wp-json\/wp\/v2\/product_cat?post=122647"},{"taxonomy":"product_tag","embeddable":true,"href":"https:\/\/gpl-love.com\/es\/wp-json\/wp\/v2\/product_tag?post=122647"}],"curies":[{"name":"wp","href":"https:\/\/api.w.org\/{rel}","templated":true}]}}