{"id":122645,"date":"2024-10-19T00:00:00","date_gmt":"2024-10-19T05:00:00","guid":{"rendered":"https:\/\/gpl-love.com\/es\/producto\/bookflare-a-modern-education-y-lms-wordpress-theme\/"},"modified":"2026-03-13T17:16:56","modified_gmt":"2026-03-13T22:16:56","slug":"bookflare-a-modern-education-y-lms-wordpress-theme","status":"publish","type":"product","link":"https:\/\/gpl-love.com\/es\/producto\/bookflare-a-modern-education-y-lms-wordpress-theme\/","title":{"rendered":"Bookflare A Modern Education y LMS WordPress Theme 1.0.6"},"content":{"rendered":"<h3>Bookflare A Modern Education y LMS WordPress Theme Caracteristicas<\/h3>\n<p>Bookflare es un tema de educaci\u00f3n de vanguardia y LMS WordPress que presenta una interfaz muy f\u00e1cil de usar para la creaci\u00f3n y gesti\u00f3n de cursos en l\u00ednea. Con un dise\u00f1o intuitivo y una gran cantidad de opciones personalizables, este tema equipa a los educadores con las herramientas necesarias para ofrecer contenido din\u00e1mico y cautivador a sus estudiantes. Entre su amplia gama de caracter\u00edsticas se encuentran la creaci\u00f3n de cursos, las pruebas en l\u00ednea, el seguimiento del progreso y las opciones de monetizaci\u00f3n, lo que le brinda la mejor opci\u00f3n para las personas que buscan establecer una plataforma de educaci\u00f3n en l\u00ednea. Adem\u00e1s, Bookflare est\u00e1 meticulosamente optimizado para los motores de b\u00fasqueda, otorgando a los educadores la capacidad de llegar a una audiencia expansiva y aumentar su base de estudiantes. Independientemente de si representa una instituci\u00f3n educativa, un maestro individual o un emprendedor ambicioso, puede estar seguro de que Bookflare es un instrumento formidable que facilitar\u00e1 la creaci\u00f3n y gesti\u00f3n de su contenido educativo en l\u00ednea con una facilidad incomparable.<\/p>\n<ul>\n<li>Un tema moderno y elegante de WordPress centrado en la educaci\u00f3n<\/li>\n<li>Optimizado para su uso como sistema de gesti\u00f3n de aprendizaje (LMS)<\/li>\n<li>Incluye plantillas de p\u00e1gina personalizadas para listados de cursos, perfiles de instructor y m\u00e1s<\/li>\n<li>Integraci\u00f3n con complementos LMS populares como LearnDash y Sensei<\/li>\n<li>Soporte incorporado para cuestionarios, tareas y seguimiento del progreso del curso<\/li>\n<li>Constructor de p\u00e1gina de arrastrar y soltar f\u00e1ciles de usar para la personalizaci\u00f3n sin codificar<\/li>\n<li>Dise\u00f1o totalmente receptivo para una experiencia de usuario perfecta en cualquier dispositivo<\/li>\n<li>Compatible con complementos populares de comercio electr\u00f3nico como WooCommerce para vender cursos y materiales<\/li>\n<li>Equipo de soporte dedicado disponible para cualquier pregunta t\u00e9cnica o problema<\/li>\n<\/ul>\n","protected":false},"excerpt":{"rendered":"<p>Descubra la informaci\u00f3n de libros: un tema de educaci\u00f3n moderna y LMS WordPress. Este tema est\u00e1 dise\u00f1ado con caracter\u00edsticas y funcionalidades modernas, perfecta para instituciones educativas, servicios de tutor\u00eda, plataformas de aprendizaje electr\u00f3nico y m\u00e1s. El tema de Bookflare est\u00e1 construido con un sistema de gesti\u00f3n de aprendizaje (LMS) en mente, ofreciendo herramientas integrales para administrar cursos, lecciones, cuestionarios y progreso de los estudiantes. Ya sea que sea una escuela, universidad o tutor privado, este tema apoyar\u00e1 sus necesidades educativas. Con su dise\u00f1o receptivo, Bookflare garantiza que su sitio web se vea impresionante en todos los dispositivos. Tambi\u00e9n cuenta con una codificaci\u00f3n amigable para SEO para ayudar a mejorar la visibilidad de su sitio. Obtenga Bookflare hoy y experimente el poder de un tema moderno de WordPress educativo.<\/p>\n","protected":false},"featured_media":165504,"comment_status":"open","ping_status":"open","template":"","meta":[],"product_brand":[2337],"product_cat":[1267,1237,1238],"product_tag":[1391],"class_list":{"0":"post-122645","1":"product","2":"type-product","3":"status-publish","4":"has-post-thumbnail","6":"product_brand-themeforest","7":"product_cat-creativo","8":"product_cat-temas","9":"product_cat-wordpress-temas","10":"product_tag-themeforest","11":"member-discount","12":"discount-restricted","14":"first","15":"instock","16":"sale","17":"downloadable","18":"virtual","19":"sold-individually","20":"purchasable","21":"product-type-simple"},"_links":{"self":[{"href":"https:\/\/gpl-love.com\/es\/wp-json\/wp\/v2\/product\/122645","targetHints":{"allow":["GET"]}}],"collection":[{"href":"https:\/\/gpl-love.com\/es\/wp-json\/wp\/v2\/product"}],"about":[{"href":"https:\/\/gpl-love.com\/es\/wp-json\/wp\/v2\/types\/product"}],"replies":[{"embeddable":true,"href":"https:\/\/gpl-love.com\/es\/wp-json\/wp\/v2\/comments?post=122645"}],"wp:featuredmedia":[{"embeddable":true,"href":"https:\/\/gpl-love.com\/es\/wp-json\/wp\/v2\/media\/165504"}],"wp:attachment":[{"href":"https:\/\/gpl-love.com\/es\/wp-json\/wp\/v2\/media?parent=122645"}],"wp:term":[{"taxonomy":"product_brand","embeddable":true,"href":"https:\/\/gpl-love.com\/es\/wp-json\/wp\/v2\/product_brand?post=122645"},{"taxonomy":"product_cat","embeddable":true,"href":"https:\/\/gpl-love.com\/es\/wp-json\/wp\/v2\/product_cat?post=122645"},{"taxonomy":"product_tag","embeddable":true,"href":"https:\/\/gpl-love.com\/es\/wp-json\/wp\/v2\/product_tag?post=122645"}],"curies":[{"name":"wp","href":"https:\/\/api.w.org\/{rel}","templated":true}]}}