{"id":122643,"date":"2023-02-09T00:00:00","date_gmt":"2023-02-09T05:00:00","guid":{"rendered":"https:\/\/gpl-love.com\/es\/producto\/armania-multipurpose-elementor-woocommerce-theme\/"},"modified":"2026-03-13T17:15:54","modified_gmt":"2026-03-13T22:15:54","slug":"armania-multipurpose-elementor-woocommerce-theme","status":"publish","type":"product","link":"https:\/\/gpl-love.com\/es\/producto\/armania-multipurpose-elementor-woocommerce-theme\/","title":{"rendered":"Armania Multipurpose Elementor WooCommerce Theme 1.3.1"},"content":{"rendered":"<h3>Armania Multipurpose Elementor WooCommerce Theme Caracteristicas<\/h3>\n<p>El tema de WooCommerce de Armania MultipUrpose Elementer es una soluci\u00f3n excepcionalmente robusta y vers\u00e1til para las personas que buscan establecer una tienda en l\u00ednea sobresaliente que sea capaz de atender a diversas necesidades. Este tema se destaca ya que se construye meticulosamente sobre la base del aclamado Builder de Page Elementer Page, que permite a los usuarios personalizar sin esfuerzo su sitio web y alcanzar una apariencia elegante y contempor\u00e1nea. Adem\u00e1s, la integraci\u00f3n perfecta de WooCommerce permite a los usuarios establecer r\u00e1pidamente una tienda en l\u00ednea de vanguardia, equipada con una variedad de caracter\u00edsticas indispensables como filtrado de productos, funcionalidad de carritos de compras y p\u00e1ginas de pago dise\u00f1adas intuitivamente. Adem\u00e1s, el tema abarca una impresionante variedad de plantillas preconstruidas, meticulosamente elaboradas para atender a un extenso espectro de tiendas en l\u00ednea, desde boutiques de moda modernas hasta tiendas de electrones tecnol\u00f3gicamente avanzadas. Es de destacar que Armania, que cuenta con una capacidad de respuesta completa y una optimizaci\u00f3n de SEO impecable, garantiza que su tienda exude la magnificencia y la profesionalidad en todos los dispositivos, cautivando e involucrando a los clientes sin esfuerzo. Adem\u00e1s, con su interfaz notablemente f\u00e1cil de usar y su documentaci\u00f3n integral, Armania emerge como una opci\u00f3n de primer nivel indiscutible para las personas que se embarcan en el viaje de establecer o elevar su negocio en l\u00ednea, prometiendo un \u00e9xito y satisfacci\u00f3n inigualables.<\/p>\n<ul>\n<li>Dise\u00f1o elegante y moderno para exhibir productos de la mejor manera posible<\/li>\n<li>Compatible con Elementor Page Builder para personalizar cada aspecto del sitio<\/li>\n<li>Construido en la plataforma WooCommerce para permitir la gesti\u00f3n f\u00e1cil de la tienda en l\u00ednea<\/li>\n<li>Totalmente receptivo y m\u00f3vil optimizado para navegar sin costuras en todos los dispositivos<\/li>\n<li>Viene con una variedad de p\u00e1ginas y dise\u00f1os preconstruidos para una configuraci\u00f3n r\u00e1pida y f\u00e1cil<\/li>\n<li>Incluye complementos premium como Slider Revolution y WPML para mejorar la funcionalidad<\/li>\n<li>SEO amigable para mejorar la clasificaci\u00f3n del motor de b\u00fasqueda y conducir m\u00e1s tr\u00e1fico al sitio<\/li>\n<li>Velocidad de carga r\u00e1pida para una experiencia de usuario \u00f3ptima<\/li>\n<li>Opciones de personalizaci\u00f3n avanzada para colores, fuentes y dise\u00f1o<\/li>\n<li>Excelente soporte al cliente y actualizaciones regulares para una funcionalidad y seguridad \u00f3ptimas.<\/li>\n<\/ul>\n","protected":false},"excerpt":{"rendered":"<p>Descubra las posibilidades con Armania, un tema din\u00e1mico y multiprop\u00f3sito de WooCommerce dise\u00f1ado para todas sus necesidades de comercio electr\u00f3nico. Este tema vers\u00e1til est\u00e1 lleno de caracter\u00edsticas personalizables que le permiten crear una tienda en l\u00ednea \u00fanica y cautivadora. Con el poderoso constructor de p\u00e1ginas de Elementor, puede personalizar f\u00e1cilmente todos los aspectos de su sitio, creando una experiencia de compra que realmente refleje su marca. La innovadora integraci\u00f3n de WooCommerce de Armania significa que puede administrar su tienda en l\u00ednea con facilidad, simplificar sus operaciones y darle m\u00e1s tiempo para concentrarse en sus clientes. Ya sea que est\u00e9 vendiendo ropa, electr\u00f3nica, muebles o cualquier cosa intermedia, el dise\u00f1o multiprop\u00f3sito de Armania se adapta a sus necesidades, asegurando que sus productos brillen. Experimenta la diferencia con Armania.<\/p>\n","protected":false},"featured_media":165395,"comment_status":"open","ping_status":"open","template":"","meta":[],"product_brand":[2337],"product_cat":[1239,1237,1238],"product_tag":[1391],"class_list":{"0":"post-122643","1":"product","2":"type-product","3":"status-publish","4":"has-post-thumbnail","6":"product_brand-themeforest","7":"product_cat-de-multiples-fines","8":"product_cat-temas","9":"product_cat-wordpress-temas","10":"product_tag-themeforest","11":"member-discount","12":"discount-restricted","14":"first","15":"instock","16":"sale","17":"downloadable","18":"virtual","19":"sold-individually","20":"purchasable","21":"product-type-simple"},"_links":{"self":[{"href":"https:\/\/gpl-love.com\/es\/wp-json\/wp\/v2\/product\/122643","targetHints":{"allow":["GET"]}}],"collection":[{"href":"https:\/\/gpl-love.com\/es\/wp-json\/wp\/v2\/product"}],"about":[{"href":"https:\/\/gpl-love.com\/es\/wp-json\/wp\/v2\/types\/product"}],"replies":[{"embeddable":true,"href":"https:\/\/gpl-love.com\/es\/wp-json\/wp\/v2\/comments?post=122643"}],"wp:featuredmedia":[{"embeddable":true,"href":"https:\/\/gpl-love.com\/es\/wp-json\/wp\/v2\/media\/165395"}],"wp:attachment":[{"href":"https:\/\/gpl-love.com\/es\/wp-json\/wp\/v2\/media?parent=122643"}],"wp:term":[{"taxonomy":"product_brand","embeddable":true,"href":"https:\/\/gpl-love.com\/es\/wp-json\/wp\/v2\/product_brand?post=122643"},{"taxonomy":"product_cat","embeddable":true,"href":"https:\/\/gpl-love.com\/es\/wp-json\/wp\/v2\/product_cat?post=122643"},{"taxonomy":"product_tag","embeddable":true,"href":"https:\/\/gpl-love.com\/es\/wp-json\/wp\/v2\/product_tag?post=122643"}],"curies":[{"name":"wp","href":"https:\/\/api.w.org\/{rel}","templated":true}]}}