{"id":122641,"date":"2025-12-29T00:00:00","date_gmt":"2025-12-29T05:00:00","guid":{"rendered":"https:\/\/gpl-love.com\/es\/producto\/timeline-para-elementor\/"},"modified":"2026-03-09T08:15:01","modified_gmt":"2026-03-09T13:15:01","slug":"timeline-para-elementor","status":"publish","type":"product","link":"https:\/\/gpl-love.com\/es\/producto\/timeline-para-elementor\/","title":{"rendered":"Timeline para Elementor 1.0.6"},"content":{"rendered":"<h3>Timeline para Elementor Caracteristicas<\/h3>\n<p>La l\u00ednea de tiempo para el complemento Elementor es una herramienta incre\u00edblemente robusta y poderosa que ofrece una soluci\u00f3n que abarca todo para las personas que buscan crear plazos interactivos para sus sitios web. Dise\u00f1ado espec\u00edficamente para integrarse perfectamente con Elementor, este complemento permite a los usuarios incorporar sin esfuerzo los plazos visualmente cautivadores y ricos en caracter\u00edsticas en sus p\u00e1ginas web. Ofreciendo una amplia gama de opciones de personalizaci\u00f3n, la l\u00ednea de tiempo para Elementor permite a los usuarios agregar y personalizar eventos, modificar esquemas de color e incluso generar animaciones impresionantes que seguramente cautiven e involucren a los visitantes de sus sitios web. Adem\u00e1s, este complemento cuenta con una amplia gama de plantillas y estilos, asegurando que los usuarios puedan crear plazos sin esfuerzo que complementen perfectamente la est\u00e9tica y el contenido de dise\u00f1o general de su sitio web. Ya sea que est\u00e9 tejiendo una narrativa cautivadora, exhibiendo un proyecto impresionante o mostrando la historia hist\u00f3rica de su empresa, la l\u00ednea de tiempo para Elementor sirve como una herramienta invaluable que sin duda lo ayudar\u00e1 a elaborar tiempo de tiempo profesional y altamente atractivo.<\/p>\n<ul>\n<li>Integre perfectamente una l\u00ednea de tiempo personalizable en su sitio web impulsado por elementos<\/li>\n<li>Mostrar informaci\u00f3n cronol\u00f3gica de una manera visualmente atractiva y atractiva<\/li>\n<li>Elija entre una variedad de opciones de dise\u00f1o que incluyen orientaciones horizontales, verticales y mixtas<\/li>\n<li>Personalice la apariencia de su l\u00ednea de tiempo con una amplia gama de opciones de estilo como fuente, color y efectos de animaci\u00f3n<\/li>\n<li>Mostrar rangos de fechas, eventos e hitos personalizados con facilidad<\/li>\n<li>Experiencia de usuario mejorada con un dise\u00f1o receptivo para dispositivos m\u00f3viles y de tabletas<\/li>\n<li>Compatible con todos los principales navegadores y plataformas, incluidos WordPress -5 y Elementor -0<\/li>\n<li>F\u00e1cil de instalar y usar sin requerido ning\u00fan conocimiento de codificaci\u00f3n<\/li>\n<li>Acceso al equipo de soporte dedicado y actualizaciones de productos con un costo de compra \u00fanico.<\/li>\n<\/ul>\n","protected":false},"excerpt":{"rendered":"<p>Entrada: La l\u00ednea de tiempo para el complemento Elementor se desarrolla espec\u00edficamente para usuarios de Elementor, con el objetivo de proporcionar una experiencia perfecta y f\u00e1cil de usar. Empodera a los propietarios de sitios web para crear plazos visualmente atractivos e interactivos sin esfuerzo sin requerir ninguna experiencia en la codificaci\u00f3n. Este notable complemento abarca una amplia gama de opciones de dise\u00f1o y configuraciones personalizables, lo que permite la creaci\u00f3n de plazos que armonizan con la identidad de su marca y la est\u00e9tica del sitio web. Ya sea que necesite exhibir logros significativos, eventos memorables o hitos notables, Entrada: la l\u00ednea de tiempo para Elementor demuestra ser un compa\u00f1ero ideal para empresas, blogueros y sitios web de cartera. Por lo tanto, si est\u00e1 buscando un m\u00e9todo r\u00e1pido y sin complicaciones para incorporar plazos en su sitio web basado en elementos, su b\u00fasqueda culmina con la entrada: Timeline for Elementor.<\/p>\n","protected":false},"featured_media":167827,"comment_status":"open","ping_status":"open","template":"","meta":[],"product_brand":[2337],"product_cat":[1214,1206,1211],"product_tag":[1391],"class_list":{"0":"post-122641","1":"product","2":"type-product","3":"status-publish","4":"has-post-thumbnail","6":"product_brand-themeforest","7":"product_cat-personalizacion","8":"product_cat-plugins","9":"product_cat-wordpress-plugins","10":"product_tag-themeforest","11":"member-discount","12":"discount-restricted","14":"first","15":"instock","16":"sale","17":"downloadable","18":"virtual","19":"sold-individually","20":"purchasable","21":"product-type-simple"},"_links":{"self":[{"href":"https:\/\/gpl-love.com\/es\/wp-json\/wp\/v2\/product\/122641","targetHints":{"allow":["GET"]}}],"collection":[{"href":"https:\/\/gpl-love.com\/es\/wp-json\/wp\/v2\/product"}],"about":[{"href":"https:\/\/gpl-love.com\/es\/wp-json\/wp\/v2\/types\/product"}],"replies":[{"embeddable":true,"href":"https:\/\/gpl-love.com\/es\/wp-json\/wp\/v2\/comments?post=122641"}],"wp:featuredmedia":[{"embeddable":true,"href":"https:\/\/gpl-love.com\/es\/wp-json\/wp\/v2\/media\/167827"}],"wp:attachment":[{"href":"https:\/\/gpl-love.com\/es\/wp-json\/wp\/v2\/media?parent=122641"}],"wp:term":[{"taxonomy":"product_brand","embeddable":true,"href":"https:\/\/gpl-love.com\/es\/wp-json\/wp\/v2\/product_brand?post=122641"},{"taxonomy":"product_cat","embeddable":true,"href":"https:\/\/gpl-love.com\/es\/wp-json\/wp\/v2\/product_cat?post=122641"},{"taxonomy":"product_tag","embeddable":true,"href":"https:\/\/gpl-love.com\/es\/wp-json\/wp\/v2\/product_tag?post=122641"}],"curies":[{"name":"wp","href":"https:\/\/api.w.org\/{rel}","templated":true}]}}