{"id":122576,"date":"2026-05-12T00:00:00","date_gmt":"2026-05-12T05:00:00","guid":{"rendered":"https:\/\/gpl-love.com\/es\/producto\/advanced-database-cleaner\/"},"modified":"2026-05-12T17:15:16","modified_gmt":"2026-05-12T22:15:16","slug":"advanced-database-cleaner","status":"publish","type":"product","link":"https:\/\/gpl-love.com\/es\/producto\/advanced-database-cleaner\/","title":{"rendered":"Advanced Database Cleaner Premium 4.1.1"},"content":{"rendered":"<h3>Advanced Database Cleaner Premium Caracteristicas<\/h3>\n<p>Advanced Database Cleaner es una herramienta incre\u00edblemente robusta y altamente efectiva que ha sido meticulosamente dise\u00f1ada para ayudarlo a mantener una base de datos meticulosamente limpia e impecablemente eficiente para su estimado sitio web. Este software de vanguardia y innovador tiene la notable capacidad de analizar meticulosamente su estimada base de datos de WordPress e identificar meticulosamente todos y cada uno de los datos superfluos y redundantes que pueden causar que su estimado sitio web experimente una desaceleraci\u00f3n o de manera bastante pobre. Con la invaluable asistencia del limpiador de bases de datos avanzados, tendr\u00e1 la capacidad incomparable para eliminar sin esfuerzo y expedito cualquier publicaci\u00f3n, revisiones, comentarios de spam y una extensa gama de otros datos redundantes e innecesarios con solo unos pocos clics. En consecuencia, este curso de acci\u00f3n primordial e indispensable, sin duda, dar\u00e1 como resultado el desarrollo y la optimizaci\u00f3n de su estimado sitio web, lo que garantiza una experiencia de navegaci\u00f3n significativamente m\u00e1s r\u00e1pida y simplificada para sus preciados visitantes. Independientemente de si es un blogger muy respetado y respetado, un propietario de peque\u00f1as empresas emprendedoras o incluso una empresa de nivel empresarial prestigioso, no puede haber absolutamente ni negar el hecho de que el limpiador de base de datos avanzado es inequ\u00edvocamente una herramienta esencial e indispensable que usted Simplemente no puede darse el lujo de pasar por alto, ya que es realmente la clave para garantizar que su estimado sitio web funcione constantemente en su nivel m\u00e1s y excepcional de rendimiento y eficiencia.<\/p>\n<ul>\n<li>Altamente eficiente y efectivo para limpiar tablas de bases de datos<\/li>\n<li>Aumenta el rendimiento de la base de datos eliminando datos innecesarios y liberando espacio de almacenamiento<\/li>\n<li>Interfaz intuitiva y f\u00e1cil de usar para una f\u00e1cil navegaci\u00f3n y control<\/li>\n<li>Ofrece opciones avanzadas para un control m\u00e1s granular sobre la eliminaci\u00f3n y el filtrado<\/li>\n<li>Admite m\u00faltiples plataformas de bases de datos, incluidas MySQL, PostgreSQL y Microsoft SQL Server<\/li>\n<li>Proporciona informes detallados de acciones de limpieza y su impacto en la base de datos<\/li>\n<li>Operaci\u00f3n segura y confiable con funciones de copia de seguridad y restauraci\u00f3n para evitar la p\u00e9rdida de datos<\/li>\n<li>Ideal para grandes bases de datos con muchas tablas y relaciones complejas.<\/li>\n<li>Adecuado para usuarios novatos y experimentados gracias a la documentaci\u00f3n integral y al soporte t\u00e9cnico<\/li>\n<\/ul>\n","protected":false},"excerpt":{"rendered":"<p>La herramienta de limpiador de base de datos avanzada es una soluci\u00f3n poderosa y robusta para la limpieza eficiente de la base de datos. Esta herramienta dise\u00f1ada por expertos no solo es efectiva para la eliminaci\u00f3n de datos innecesarios, sino que tambi\u00e9n sobresale en la reestructuraci\u00f3n y ajuste de la base de datos. Al erradicar los datos de la base de datos superfluas, optimiza el rendimiento para las bases de datos, lo que lleva a una reducci\u00f3n significativa en los tiempos de consulta.<\/p>\n<p>Esta potente herramienta de purga de bases de datos no solo mejora la estabilidad del sistema, sino que tambi\u00e9n viene equipada con opciones de limpieza de bases de datos personalizables. Permite a los profesionales de la TI y a los administradores de bases de datos ajustar el rendimiento de la base de datos de acuerdo con las necesidades y requisitos espec\u00edficos. La interfaz f\u00e1cil de usar para el mantenimiento de la base de datos simplifica y opina los procedimientos de optimizaci\u00f3n de la base de datos, lo que la convierte en una herramienta ingeniosa para los administradores de bases de datos.<\/p>\n<p>Adem\u00e1s de ser una herramienta poderosa para una limpieza eficiente de bases de datos, esta herramienta robusta para la limpieza de bases de datos tambi\u00e9n juega un papel fundamental en la mejora del rendimiento de la base de datos. Reestructura efectivamente y bases de datos de ajuste fino, optimizando as\u00ed sus niveles de rendimiento. Esto a su vez conduce a una disminuci\u00f3n notable en los tiempos de consulta, mejorando sustancialmente la estabilidad general del sistema.<\/p>\n<p>El avanzado<\/p>\n","protected":false},"featured_media":165301,"comment_status":"open","ping_status":"open","template":"","meta":[],"product_brand":[2354],"product_cat":[1212,1206,1211],"product_tag":[2247],"class_list":{"0":"post-122576","1":"product","2":"type-product","3":"status-publish","4":"has-post-thumbnail","6":"product_brand-sigma-plugin","7":"product_cat-administracion-wordpress-plugins","8":"product_cat-plugins","9":"product_cat-wordpress-plugins","10":"product_tag-sigma-plugin","11":"member-discount","12":"discount-restricted","14":"first","15":"instock","16":"sale","17":"downloadable","18":"virtual","19":"sold-individually","20":"purchasable","21":"product-type-simple"},"_links":{"self":[{"href":"https:\/\/gpl-love.com\/es\/wp-json\/wp\/v2\/product\/122576","targetHints":{"allow":["GET"]}}],"collection":[{"href":"https:\/\/gpl-love.com\/es\/wp-json\/wp\/v2\/product"}],"about":[{"href":"https:\/\/gpl-love.com\/es\/wp-json\/wp\/v2\/types\/product"}],"replies":[{"embeddable":true,"href":"https:\/\/gpl-love.com\/es\/wp-json\/wp\/v2\/comments?post=122576"}],"wp:featuredmedia":[{"embeddable":true,"href":"https:\/\/gpl-love.com\/es\/wp-json\/wp\/v2\/media\/165301"}],"wp:attachment":[{"href":"https:\/\/gpl-love.com\/es\/wp-json\/wp\/v2\/media?parent=122576"}],"wp:term":[{"taxonomy":"product_brand","embeddable":true,"href":"https:\/\/gpl-love.com\/es\/wp-json\/wp\/v2\/product_brand?post=122576"},{"taxonomy":"product_cat","embeddable":true,"href":"https:\/\/gpl-love.com\/es\/wp-json\/wp\/v2\/product_cat?post=122576"},{"taxonomy":"product_tag","embeddable":true,"href":"https:\/\/gpl-love.com\/es\/wp-json\/wp\/v2\/product_tag?post=122576"}],"curies":[{"name":"wp","href":"https:\/\/api.w.org\/{rel}","templated":true}]}}