{"id":122261,"date":"2026-03-23T00:00:00","date_gmt":"2026-03-23T05:00:00","guid":{"rendered":"https:\/\/gpl-love.com\/es\/producto\/woocurrency-pro\/"},"modified":"2026-03-31T17:16:18","modified_gmt":"2026-03-31T22:16:18","slug":"woocurrency-pro","status":"publish","type":"product","link":"https:\/\/gpl-love.com\/es\/producto\/woocurrency-pro\/","title":{"rendered":"Woocurrency Pro 2.2.8"},"content":{"rendered":"<h3>Woocurrency Pro Caracteristicas<\/h3>\n<p>Woocurrency Pro se erige como una principal plataforma de comercio de criptomonedas, que se distingue por su excepcional variedad de caracter\u00edsticas y ventajas que atienden a los comerciantes en todos los niveles de especializaci\u00f3n. Con una interfaz que no solo es intuitiva, sino que tambi\u00e9n se complementa con herramientas comerciales de vanguardia, Woocurrency Pro permite a los usuarios la capacidad de administrar sin esfuerzo sus carteras y ejecutar operaciones con velocidad de rayo y precisi\u00f3n puntual. Detr\u00e1s de escena, la plataforma est\u00e1 fortificada por la tecnolog\u00eda de vanguardia, que garantiza la m\u00e1xima seguridad y confiabilidad, consolidando as\u00ed su posici\u00f3n como una opci\u00f3n globalmente venerada entre los comerciantes. Adem\u00e1s, Woocurrency Pro extiende su apelaci\u00f3n al ofrecer una amplia selecci\u00f3n de pares de negociaci\u00f3n e imponer tarifas bajas, lo que lo convierte en una opci\u00f3n financieramente viable y de f\u00e1cil acceso que atrae tanto a novatos y comerciantes experimentados. En la b\u00fasqueda de una plataforma de comercio de criptomonedas influyente y firme, Woocurrency pro indudablemente se erige como la soluci\u00f3n final.<\/p>\n<ul>\n<li>Una plataforma de comercio criptogr\u00e1fica integral dise\u00f1ada para comerciantes profesionales<\/li>\n<li>Presenta datos de mercado en tiempo real y herramientas avanzadas de an\u00e1lisis t\u00e9cnico<\/li>\n<li>Admite m\u00faltiples criptomonedas, incluidas Bitcoin, Ethereum y Litecoin<\/li>\n<li>Ofrece paneles comerciales personalizables para mejorar la ejecuci\u00f3n comercial<\/li>\n<li>Proporciona acceso a tipos de pedidos avanzados y estrategias comerciales automatizadas<\/li>\n<li>Incluye una gama de caracter\u00edsticas de seguridad, como autenticaci\u00f3n de dos factores y almacenamiento en fr\u00edo<\/li>\n<li>Ofrece precios competitivos y tarifas de transacci\u00f3n bajas para comerciantes de alto volumen<\/li>\n<li>Habilita una integraci\u00f3n perfecta con bots de comercio populares y aplicaciones de terceros<\/li>\n<li>Proporciona atenci\u00f3n al cliente 24\/7 y actualizaciones regulares de software para garantizar un rendimiento \u00f3ptimo.<\/li>\n<\/ul>\n","protected":false},"excerpt":{"rendered":"<p>Estamos orgullosos de presentar Woocurrency Pro, una herramienta de comercio de criptomonedas innovadora e innovadora que permite a los usuarios tomar decisiones comerciales bien informadas sin esfuerzo. A trav\u00e9s de la utilizaci\u00f3n de sus sofisticados algoritmos comerciales y an\u00e1lisis extensos, Woocurrency Pro ofrece a los usuarios actualizaciones de mercado al final, as\u00ed como la capacidad de personalizar indicadores y estrategias comerciales para satisfacer sus necesidades individuales. Ya sea que sea un principiante que se aventura en el mundo del comercio o un comerciante experimentado que busca mejorar su rentabilidad, Woocurrency Pro est\u00e1 meticulosamente dise\u00f1ado para ayudarlo a optimizar su destreza comercial y lograr operaciones m\u00e1s lucrativas. No pierda el tiempo y se embarque en un viaje transformador en el comercio basado en datos al probar hoy a Pro Woocurrency Pro.<\/p>\n","protected":false},"featured_media":168317,"comment_status":"open","ping_status":"open","template":"","meta":[],"product_brand":[2559],"product_cat":[1207,1248,1206],"product_tag":[2237],"class_list":{"0":"post-122261","1":"product","2":"type-product","3":"status-publish","4":"has-post-thumbnail","6":"product_brand-woobewoo","7":"product_cat-comercio-electronico-plugins","8":"product_cat-personalizacion-comercio-electronico-plugins","9":"product_cat-plugins","10":"product_tag-woobewoo","11":"member-discount","12":"discount-restricted","14":"first","15":"instock","16":"sale","17":"downloadable","18":"virtual","19":"sold-individually","20":"purchasable","21":"product-type-simple"},"_links":{"self":[{"href":"https:\/\/gpl-love.com\/es\/wp-json\/wp\/v2\/product\/122261","targetHints":{"allow":["GET"]}}],"collection":[{"href":"https:\/\/gpl-love.com\/es\/wp-json\/wp\/v2\/product"}],"about":[{"href":"https:\/\/gpl-love.com\/es\/wp-json\/wp\/v2\/types\/product"}],"replies":[{"embeddable":true,"href":"https:\/\/gpl-love.com\/es\/wp-json\/wp\/v2\/comments?post=122261"}],"wp:featuredmedia":[{"embeddable":true,"href":"https:\/\/gpl-love.com\/es\/wp-json\/wp\/v2\/media\/168317"}],"wp:attachment":[{"href":"https:\/\/gpl-love.com\/es\/wp-json\/wp\/v2\/media?parent=122261"}],"wp:term":[{"taxonomy":"product_brand","embeddable":true,"href":"https:\/\/gpl-love.com\/es\/wp-json\/wp\/v2\/product_brand?post=122261"},{"taxonomy":"product_cat","embeddable":true,"href":"https:\/\/gpl-love.com\/es\/wp-json\/wp\/v2\/product_cat?post=122261"},{"taxonomy":"product_tag","embeddable":true,"href":"https:\/\/gpl-love.com\/es\/wp-json\/wp\/v2\/product_tag?post=122261"}],"curies":[{"name":"wp","href":"https:\/\/api.w.org\/{rel}","templated":true}]}}