{"id":122255,"date":"2022-01-26T00:00:00","date_gmt":"2022-01-26T05:00:00","guid":{"rendered":"https:\/\/gpl-love.com\/es\/producto\/ascend-premium-wordpress-theme\/"},"modified":"2026-03-13T17:15:57","modified_gmt":"2026-03-13T22:15:57","slug":"ascend-premium-wordpress-theme","status":"publish","type":"product","link":"https:\/\/gpl-love.com\/es\/producto\/ascend-premium-wordpress-theme\/","title":{"rendered":"Ascend Premium Wordpress Theme 1.9.22"},"content":{"rendered":"<h3>Ascend Premium Wordpress Theme Caracteristicas<\/h3>\n<p>El tema ASCEND Premium WordPress, promocionado como un tema extremadamente funcional y personalizable, ha sido meticulosamente elaborado para garantizar que su sitio web se destaque sin esfuerzo en medio del concurrido panorama en l\u00ednea. Con un dise\u00f1o multiprop\u00f3sito, este tema cuenta con una est\u00e9tica contempor\u00e1nea y ordenada, proporcionando una multitud de opciones de dise\u00f1o que le brindan la oportunidad de cultivar una presencia en l\u00ednea distintiva que encarna fielmente su identidad de marca. Las ventajas incomparables de Ascend Premium se extienden m\u00e1s all\u00e1 de su atractivo visual, ya que lo equipa con una amplia gama de caracter\u00edsticas y herramientas para facilitar la construcci\u00f3n perfecta de un sitio web de grado profesional, todo sin necesidad de ninguna experiencia de codificaci\u00f3n. Estos recursos invaluables abarcan un constructor de p\u00e1ginas de arrastre y suelto instintivo y f\u00e1cil de usar, un extenso espectro de opciones de color ilimitadas, la inclusi\u00f3n de widgets personalizados, as\u00ed como un dise\u00f1o receptivo que garantiza la apariencia impecable de su sitio a trav\u00e9s de una variedad de dispositivos. Sin lugar a dudas, el tema ASCEND Premium WordPress emerge como la selecci\u00f3n por excelencia para las personas en busca de un tema dominante y flexible que produce constantemente resultados impresionantes.<\/p>\n<ul>\n<li>Dise\u00f1o totalmente personalizable con m\u00faltiples esquemas de color, estilos de fuente y opciones de dise\u00f1o para elegir<\/li>\n<li>Optimizado para la velocidad de carga r\u00e1pida y la capacidad de respuesta m\u00f3vil, asegurando una experiencia de usuario perfecta en cualquier dispositivo<\/li>\n<li>Viene con plantillas preconstruidas y constructores de p\u00e1ginas f\u00e1ciles de usar, lo que facilita la creaci\u00f3n de p\u00e1ginas y dise\u00f1os impresionantes.<\/li>\n<li>Construido con los \u00faltimos est\u00e1ndares de codificaci\u00f3n para garantizar la compatibilidad con la versi\u00f3n m\u00e1s reciente de WordPress y actualizaciones futuras<\/li>\n<li>Incluye funciones avanzadas de SEO para ayudar a mejorar la clasificaci\u00f3n y la visibilidad del motor de b\u00fasqueda de su sitio web<\/li>\n<li>Opciones de integraci\u00f3n de redes sociales incorporadas para ayudar a promocionar su marca y aumentar el compromiso<\/li>\n<li>Viene con una variedad de \u00e1reas widgetizadas y opciones f\u00e1ciles de usar, lo que facilita agregar y administrar contenido<\/li>\n<li>Incluye documentaci\u00f3n detallada y atenci\u00f3n al cliente experto para ayudar con cualquier pregunta o problema que pueda encontrar.<\/li>\n<\/ul>\n","protected":false},"excerpt":{"rendered":"<p>Experimente lo \u00faltimo en el dise\u00f1o del sitio web con el tema Ascend Premium WordPress. Este tema de alta gama ofrece una gran cantidad de caracter\u00edsticas que transformar\u00e1n su sitio web en una plataforma din\u00e1mica e interactiva. Con su dise\u00f1o elegante y moderno, Ascend asegura que su sitio web se destaca en el paisaje digital. Cuenta con una interfaz intuitiva y f\u00e1cil de usar que facilita a los visitantes navegar por su contenido. Adem\u00e1s, es totalmente receptivo, por lo que su sitio se ver\u00e1 impresionante en cualquier dispositivo. Ascend tambi\u00e9n ofrece una integraci\u00f3n perfecta con complementos populares para una funcionalidad adicional. Con opciones de personalizaci\u00f3n avanzada, puede adaptar su sitio para que coincida perfectamente con su marca. Experimente los beneficios de la calidad premium y eleve su presencia en l\u00ednea con el tema Ascend Premium WordPress.<\/p>\n","protected":false},"featured_media":165399,"comment_status":"open","ping_status":"open","template":"","meta":[],"product_brand":[2364],"product_cat":[1267,1237,1238],"product_tag":[1804],"class_list":{"0":"post-122255","1":"product","2":"type-product","3":"status-publish","4":"has-post-thumbnail","6":"product_brand-kadence-wp","7":"product_cat-creativo","8":"product_cat-temas","9":"product_cat-wordpress-temas","10":"product_tag-kadence-wp","11":"member-discount","12":"discount-restricted","14":"first","15":"instock","16":"sale","17":"downloadable","18":"virtual","19":"sold-individually","20":"purchasable","21":"product-type-simple"},"_links":{"self":[{"href":"https:\/\/gpl-love.com\/es\/wp-json\/wp\/v2\/product\/122255","targetHints":{"allow":["GET"]}}],"collection":[{"href":"https:\/\/gpl-love.com\/es\/wp-json\/wp\/v2\/product"}],"about":[{"href":"https:\/\/gpl-love.com\/es\/wp-json\/wp\/v2\/types\/product"}],"replies":[{"embeddable":true,"href":"https:\/\/gpl-love.com\/es\/wp-json\/wp\/v2\/comments?post=122255"}],"wp:featuredmedia":[{"embeddable":true,"href":"https:\/\/gpl-love.com\/es\/wp-json\/wp\/v2\/media\/165399"}],"wp:attachment":[{"href":"https:\/\/gpl-love.com\/es\/wp-json\/wp\/v2\/media?parent=122255"}],"wp:term":[{"taxonomy":"product_brand","embeddable":true,"href":"https:\/\/gpl-love.com\/es\/wp-json\/wp\/v2\/product_brand?post=122255"},{"taxonomy":"product_cat","embeddable":true,"href":"https:\/\/gpl-love.com\/es\/wp-json\/wp\/v2\/product_cat?post=122255"},{"taxonomy":"product_tag","embeddable":true,"href":"https:\/\/gpl-love.com\/es\/wp-json\/wp\/v2\/product_tag?post=122255"}],"curies":[{"name":"wp","href":"https:\/\/api.w.org\/{rel}","templated":true}]}}