{"id":122251,"date":"2023-01-24T00:00:00","date_gmt":"2023-01-24T05:00:00","guid":{"rendered":"https:\/\/gpl-love.com\/es\/producto\/wpzoom-academica-wordpress-theme\/"},"modified":"2026-03-13T17:33:25","modified_gmt":"2026-03-13T22:33:25","slug":"wpzoom-academica-wordpress-theme","status":"publish","type":"product","link":"https:\/\/gpl-love.com\/es\/producto\/wpzoom-academica-wordpress-theme\/","title":{"rendered":"WPZoom Academica WordPress Theme 3.0.19"},"content":{"rendered":"<h3>WPZoom Academica WordPress Theme Caracteristicas<\/h3>\n<p>El tema WPZoom Academica WordPress cuenta con una impresionante variedad de atributos que lo convierten en una herramienta incre\u00edblemente potente para las personas que desean sitios web educativos de moda. Este tema est\u00e1 repleto de una gama completa de caracter\u00edsticas, incluida la capacidad de adaptar los dise\u00f1os seg\u00fan las especificaciones de uno, un dise\u00f1o que se adapta sin esfuerzo a diferentes dispositivos, una variedad de widgets que se pueden personalizar para satisfacer las necesidades y un panel extremadamente robusto que se abarca de Opciones de tema. Como tal, demuestra ser una opci\u00f3n ideal para instituciones educativas, maestros y tutores que buscan establecer una presencia en l\u00ednea formidable para ellos o sus respectivas organizaciones. Gracias al tema acad\u00e9mico de WordPress, los usuarios pueden forjar sitios web visualmente impresionantes y altamente funcionales que est\u00e1n meticulosamente optimizados para proporcionar una visibilidad \u00f3ptima del motor de b\u00fasqueda y la experiencia del usuario. Si la ambici\u00f3n de uno es crear un blog modesto y directo o una plataforma de aprendizaje electr\u00f3nico multifac\u00e9tico de complejidad asombrosa, el tema WPZoom Academica WordPress surge como la soluci\u00f3n definitiva.<\/p>\n<ul>\n<li>Tema de WordPress altamente personalizable dise\u00f1ado para instituciones educativas y sitios web acad\u00e9micos<\/li>\n<li>Dise\u00f1o limpio y moderno con un enfoque en la experiencia del usuario<\/li>\n<li>Integrado con complementos populares como WooCommerce, BuddyPress y BbPress<\/li>\n<li>Totalmente receptivo y amigable para los dispositivos m\u00f3viles para la navegaci\u00f3n perfecta en cualquier dispositivo<\/li>\n<li>M\u00faltiples plantillas de p\u00e1gina para varios tipos de contenido, como cursos, profesores y eventos.<\/li>\n<li>Opciones de personalizaci\u00f3n f\u00e1ciles de usar que incluyen esquemas de color, fuentes y configuraciones de dise\u00f1o<\/li>\n<li>Incluye un constructor de p\u00e1ginas de arrastrar y soltar para crear dise\u00f1os \u00fanicos sin codificar<\/li>\n<li>Construido con las mejores pr\u00e1cticas de SEO en mente para mejorar la visibilidad del motor de b\u00fasqueda<\/li>\n<li>Viene con soporte dedicado y actualizaciones peri\u00f3dicas para el mantenimiento y mejora continuos<\/li>\n<\/ul>\n","protected":false},"excerpt":{"rendered":"<p>Nos complace presentar el tema de WordPress de WPZoom Academica, un tema de WordPress meticulosamente elaborado y altamente funcional dise\u00f1ado espec\u00edficamente para instituciones educativas, plataformas de aprendizaje electr\u00f3nico y comunidades acad\u00e9micas. Este tema no solo cuenta con un dise\u00f1o visualmente impresionante, sino que tambi\u00e9n ofrece una amplia gama de caracter\u00edsticas que satisfacen las necesidades \u00fanicas de la educaci\u00f3n en l\u00ednea.<\/p>\n","protected":false},"featured_media":168548,"comment_status":"open","ping_status":"open","template":"","meta":[],"product_brand":[2649],"product_cat":[1267,1237,1238],"product_tag":[2222],"class_list":{"0":"post-122251","1":"product","2":"type-product","3":"status-publish","4":"has-post-thumbnail","6":"product_brand-wp-zoom","7":"product_cat-creativo","8":"product_cat-temas","9":"product_cat-wordpress-temas","10":"product_tag-wp-zoom","11":"member-discount","12":"discount-restricted","14":"first","15":"instock","16":"sale","17":"downloadable","18":"virtual","19":"sold-individually","20":"purchasable","21":"product-type-simple"},"_links":{"self":[{"href":"https:\/\/gpl-love.com\/es\/wp-json\/wp\/v2\/product\/122251","targetHints":{"allow":["GET"]}}],"collection":[{"href":"https:\/\/gpl-love.com\/es\/wp-json\/wp\/v2\/product"}],"about":[{"href":"https:\/\/gpl-love.com\/es\/wp-json\/wp\/v2\/types\/product"}],"replies":[{"embeddable":true,"href":"https:\/\/gpl-love.com\/es\/wp-json\/wp\/v2\/comments?post=122251"}],"wp:featuredmedia":[{"embeddable":true,"href":"https:\/\/gpl-love.com\/es\/wp-json\/wp\/v2\/media\/168548"}],"wp:attachment":[{"href":"https:\/\/gpl-love.com\/es\/wp-json\/wp\/v2\/media?parent=122251"}],"wp:term":[{"taxonomy":"product_brand","embeddable":true,"href":"https:\/\/gpl-love.com\/es\/wp-json\/wp\/v2\/product_brand?post=122251"},{"taxonomy":"product_cat","embeddable":true,"href":"https:\/\/gpl-love.com\/es\/wp-json\/wp\/v2\/product_cat?post=122251"},{"taxonomy":"product_tag","embeddable":true,"href":"https:\/\/gpl-love.com\/es\/wp-json\/wp\/v2\/product_tag?post=122251"}],"curies":[{"name":"wp","href":"https:\/\/api.w.org\/{rel}","templated":true}]}}