{"id":122249,"date":"2025-10-09T00:00:00","date_gmt":"2025-10-09T05:00:00","guid":{"rendered":"https:\/\/gpl-love.com\/es\/producto\/ultimate-member-user-notes\/"},"modified":"2026-04-10T11:29:29","modified_gmt":"2026-04-10T16:29:29","slug":"ultimate-member-user-notes","status":"publish","type":"product","link":"https:\/\/gpl-love.com\/es\/producto\/ultimate-member-user-notes\/","title":{"rendered":"Ultimate Member User Notes 1.1.6"},"content":{"rendered":"<h3>Ultimate Member User Notes Caracteristicas<\/h3>\n<p>Ultimate Member User Notes es un complemento de WordPress excepcionalmente ventajoso que permite a los usuarios incorporar y administrar sin esfuerzo sus notas personales dentro de los l\u00edmites de su p\u00e1gina de perfil. Esta notable herramienta ofrece una gran cantidad de funcionalidades, asegurando que los usuarios puedan crear e organizar impecablemente notas impecablemente para una variedad de fines, ya sea que realice un seguimiento diligente de informaci\u00f3n crucial, que establezcan recordatorios meticulosamente, o simplemente anotando ideas giratorias. Adem\u00e1s, la sofisticaci\u00f3n incomparable del complemento se extiende a otorgar a los usuarios la capacidad de determinar meticulosamente a la audiencia que desean otorgar acceso a sus notas, brind\u00e1ndoles la libertad de retener la mayor privacidad o, alternativamente, compartir sus pensamientos e ideas con los dem\u00e1s. Adem\u00e1s, este notable complemento cuenta con una variedad impresionante de caracter\u00edsticas, incluida, entre otros, la integraci\u00f3n de etiquetas personalizadas, la incorporaci\u00f3n perfecta de los mecanismos de codificaci\u00f3n de color y la invaluable inclusi\u00f3n de funciones de b\u00fasqueda altamente efectivas. Estos atributos extraordinarios garantizan colectivamente que los usuarios pueden localizar sin esfuerzo e impecablemente administrar su diversa gama de notas con una facilidad incomparable. En resumen, es inequ\u00edvocamente evidente que las notas de usuario de los miembros de Ultimate representan un activo invaluable para los propietarios de sitios de WordPress que aspiran a elevar la experiencia general de sus usuarios al empoderarlos con un nivel de control sin precedentes y una flexibilidad inigualizada sobre sus respectivas p\u00e1ginas de perfil.<\/p>\n<ul>\n<li>Permite a los usuarios agregar notas privadas a cualquier perfil de usuario<\/li>\n<li>Los usuarios pueden ver y editar sus propias notas en cualquier momento<\/li>\n<li>Las notas solo pueden ser vistas por el usuario que los cre\u00f3 y los administradores del sitio<\/li>\n<li>Integraci\u00f3n perfecta con Ultimate Member Plugin<\/li>\n<li>Proporciona una interfaz simple e intuitiva para agregar y administrar notas<\/li>\n<li>Ayuda a los administradores del sitio a rastrear las interacciones del usuario y monitorear el comportamiento del usuario<\/li>\n<li>Mejora la participaci\u00f3n del usuario al permitirles personalizar sus perfiles<\/li>\n<li>Admite notas ilimitadas para cada perfil de usuario<\/li>\n<li>Las notas se pueden utilizar para una variedad de fines, incluidos comentarios, recordatorios y mensajes personales<\/li>\n<li>Aumenta la seguridad del sitio al proporcionar un canal de comunicaci\u00f3n privado y confidencial entre usuarios y administradores<\/li>\n<\/ul>\n","protected":false},"excerpt":{"rendered":"<p>El complemento de Ultimate Member User Notes, desarrollado espec\u00edficamente para la comunidad de miembros Ultimate, es una herramienta muy s\u00f3lida que otorga a los usuarios la capacidad de crear y supervisar efectivamente notas personalizadas relacionadas con otros miembros dentro de la comunidad. Ofreciendo una conveniencia incomparable, este notable complemento permite a las personas incorporar sin problemas, notas privadas, p\u00fablicas o especialmente personalizadas con respecto a otros usuarios, otorgando as\u00ed un acceso sin restricciones a este invaluable recurso en cualquier momento y desde cualquier ubicaci\u00f3n. Con una eficacia incomparable, este complemento representa un activo excepcional cuando se trata de fomentar una pr\u00f3spera comunidad digital en la que los usuarios pueden interactuar sin esfuerzo entre s\u00ed e intercambiar informaci\u00f3n pertinente sin esfuerzo. Ya sea que uno se encuentre ocupando el papel de un blogger, vendedor o incluso propietario de un negocio, la utilizaci\u00f3n del mejor complemento de Notas de usuario de miembro de miembro puede facilitar sin duda el establecimiento de una presencia formidable en l\u00ednea al tiempo que falsifica simult\u00e1neamente conexiones significativas con el p\u00fablico objetivo de uno.<\/p>\n","protected":false},"featured_media":167883,"comment_status":"open","ping_status":"open","template":"","meta":[],"product_brand":[2583],"product_cat":[1325,1206,1211],"product_tag":[2245],"class_list":{"0":"post-122249","1":"product","2":"type-product","3":"status-publish","4":"has-post-thumbnail","6":"product_brand-ultimate-member","7":"product_cat-afiliacion","8":"product_cat-plugins","9":"product_cat-wordpress-plugins","10":"product_tag-ultimate-member","11":"member-discount","12":"discount-restricted","14":"first","15":"instock","16":"sale","17":"downloadable","18":"virtual","19":"sold-individually","20":"purchasable","21":"product-type-simple"},"_links":{"self":[{"href":"https:\/\/gpl-love.com\/es\/wp-json\/wp\/v2\/product\/122249","targetHints":{"allow":["GET"]}}],"collection":[{"href":"https:\/\/gpl-love.com\/es\/wp-json\/wp\/v2\/product"}],"about":[{"href":"https:\/\/gpl-love.com\/es\/wp-json\/wp\/v2\/types\/product"}],"replies":[{"embeddable":true,"href":"https:\/\/gpl-love.com\/es\/wp-json\/wp\/v2\/comments?post=122249"}],"wp:featuredmedia":[{"embeddable":true,"href":"https:\/\/gpl-love.com\/es\/wp-json\/wp\/v2\/media\/167883"}],"wp:attachment":[{"href":"https:\/\/gpl-love.com\/es\/wp-json\/wp\/v2\/media?parent=122249"}],"wp:term":[{"taxonomy":"product_brand","embeddable":true,"href":"https:\/\/gpl-love.com\/es\/wp-json\/wp\/v2\/product_brand?post=122249"},{"taxonomy":"product_cat","embeddable":true,"href":"https:\/\/gpl-love.com\/es\/wp-json\/wp\/v2\/product_cat?post=122249"},{"taxonomy":"product_tag","embeddable":true,"href":"https:\/\/gpl-love.com\/es\/wp-json\/wp\/v2\/product_tag?post=122249"}],"curies":[{"name":"wp","href":"https:\/\/api.w.org\/{rel}","templated":true}]}}