{"id":122247,"date":"2024-11-28T00:00:00","date_gmt":"2024-11-28T05:00:00","guid":{"rendered":"https:\/\/gpl-love.com\/es\/producto\/ultimate-member-private-content\/"},"modified":"2026-03-09T08:16:12","modified_gmt":"2026-03-09T13:16:12","slug":"ultimate-member-private-content","status":"publish","type":"product","link":"https:\/\/gpl-love.com\/es\/producto\/ultimate-member-private-content\/","title":{"rendered":"Ultimate Member Private Content 2.1.5"},"content":{"rendered":"<h3>Ultimate Member Private Content Caracteristicas<\/h3>\n<p>El mejor complemento de contenido privado miembro, siendo una herramienta muy robusta y potente, permite a los propietarios de sitios web establecer secciones de contenido exclusivas y aisladas dentro de sus sitios. Este complemento notable est\u00e1 meticulosamente elaborado para brindar beneficios supremos a los miembros al otorgarles la entrada privilegiada a piezas de contenido espec\u00edficas o caracter\u00edsticas excepcionales, lo que le convierte en un activo altamente encomiable para las personas que aspiran a erigir un dominio exclusivo de los miembros en sus sitios web. A trav\u00e9s de la utilizaci\u00f3n de este complemento, ejerce sin esfuerzo la capacidad de restringir la accesibilidad a p\u00e1ginas o publicaciones designados, as\u00ed como a perfiles de usuario, tipos de publicaciones personalizadas y una variedad de otros elementos. Adem\u00e1s, posee la capacidad de forjar roles personalizados de los usuarios y regir de manera efectiva los permisos de los usuarios, asegurando as\u00ed la seguridad impenetrable y la \u00fanica autorizaci\u00f3n de acceso de su contenido privado exclusivamente a los usuarios autorizados. Ya sea que sea el propietario de un sitio web basado en membres\u00eda, un curso acad\u00e9mico en l\u00ednea o una comunidad restringida, el fenomenal complemento de contenido privado de miembro se convierte en su asistente indispensable, lo que le permite supervisar h\u00e1bilmente su contenido y mantener la retenci\u00f3n de la participaci\u00f3n del usuario en su cenit.<\/p>\n<ul>\n<li>Un poderoso complemento para crear contenido privado en su sitio web<\/li>\n<li>Le brinda control completo sobre qui\u00e9n puede acceder a su contenido<\/li>\n<li>Proporciona varias opciones para restringir el acceso, incluidos los roles de usuario, los niveles de membres\u00eda y las restricciones personalizadas.<\/li>\n<li>Le permite crear diferentes niveles de privacidad para diferentes tipos de contenido.<\/li>\n<li>Proporciona una interfaz f\u00e1cil de usar para administrar contenido privado<\/li>\n<li>Se integra a la perfecci\u00f3n con el complemento miembro Ultimate para una gesti\u00f3n mejorada de usuarios<\/li>\n<li>Compatible con una amplia gama de temas de WordPress<\/li>\n<li>Viene con soporte dedicado y actualizaciones regulares<\/li>\n<li>Le ayuda a crear una experiencia de usuario m\u00e1s atractiva y personalizada para sus miembros o clientes.<\/li>\n<\/ul>\n","protected":false},"excerpt":{"rendered":"<p>Ultimate Member Private Content, un complemento especialmente elaborado para los sitios web de WordPress, le permite dise\u00f1ar p\u00e1ginas exclusivas exclusivas para los miembros, ejerciendo as\u00ed un control meticuloso sobre la difusi\u00f3n del contenido de su sitio web. Equipado con esta s\u00f3lida herramienta, adapta sin problemas su sitio web para exhibir informaci\u00f3n confidencial estrictamente a los usuarios designados. Adem\u00e1s, supervise sin esfuerzo los niveles de membres\u00eda, la inscripci\u00f3n de los usuarios y las preferencias de entrada. Al aprovechar las capacidades excepcionales del contenido privado de los miembros de Ultimate, fomenta el establecimiento de una comunidad resistente al mismo tiempo que refuerza la interacci\u00f3n y la participaci\u00f3n del usuario con su plataforma digital.<\/p>\n","protected":false},"featured_media":167877,"comment_status":"open","ping_status":"open","template":"","meta":[],"product_brand":[2583],"product_cat":[1325,1206,1211],"product_tag":[2245],"class_list":{"0":"post-122247","1":"product","2":"type-product","3":"status-publish","4":"has-post-thumbnail","6":"product_brand-ultimate-member","7":"product_cat-afiliacion","8":"product_cat-plugins","9":"product_cat-wordpress-plugins","10":"product_tag-ultimate-member","11":"member-discount","12":"discount-restricted","14":"first","15":"instock","16":"sale","17":"downloadable","18":"virtual","19":"sold-individually","20":"purchasable","21":"product-type-simple"},"_links":{"self":[{"href":"https:\/\/gpl-love.com\/es\/wp-json\/wp\/v2\/product\/122247","targetHints":{"allow":["GET"]}}],"collection":[{"href":"https:\/\/gpl-love.com\/es\/wp-json\/wp\/v2\/product"}],"about":[{"href":"https:\/\/gpl-love.com\/es\/wp-json\/wp\/v2\/types\/product"}],"replies":[{"embeddable":true,"href":"https:\/\/gpl-love.com\/es\/wp-json\/wp\/v2\/comments?post=122247"}],"wp:featuredmedia":[{"embeddable":true,"href":"https:\/\/gpl-love.com\/es\/wp-json\/wp\/v2\/media\/167877"}],"wp:attachment":[{"href":"https:\/\/gpl-love.com\/es\/wp-json\/wp\/v2\/media?parent=122247"}],"wp:term":[{"taxonomy":"product_brand","embeddable":true,"href":"https:\/\/gpl-love.com\/es\/wp-json\/wp\/v2\/product_brand?post=122247"},{"taxonomy":"product_cat","embeddable":true,"href":"https:\/\/gpl-love.com\/es\/wp-json\/wp\/v2\/product_cat?post=122247"},{"taxonomy":"product_tag","embeddable":true,"href":"https:\/\/gpl-love.com\/es\/wp-json\/wp\/v2\/product_tag?post=122247"}],"curies":[{"name":"wp","href":"https:\/\/api.w.org\/{rel}","templated":true}]}}