{"id":122245,"date":"2025-12-07T00:00:00","date_gmt":"2025-12-07T05:00:00","guid":{"rendered":"https:\/\/gpl-love.com\/es\/producto\/ultimate-member-real-time-notifications\/"},"modified":"2026-04-10T11:29:26","modified_gmt":"2026-04-10T16:29:26","slug":"ultimate-member-real-time-notifications","status":"publish","type":"product","link":"https:\/\/gpl-love.com\/es\/producto\/ultimate-member-real-time-notifications\/","title":{"rendered":"Ultimate Member Realtime Notifications 2.3.8"},"content":{"rendered":"<h3>Ultimate Member Realtime Notifications Caracteristicas<\/h3>\n<p>Ultimate Member RealTime Notifications es un complemento incre\u00edblemente robusto que proporciona la notable capacidad de permitir notificaciones en tiempo real para su estimado sitio web de la comunidad. Al utilizar este complemento extraordinario, sus estimados usuarios pueden experimentar la brillantez de recibir notificaciones instant\u00e1neas para una gran cantidad de actividades, incluidas, entre otros, nuevas solicitudes de amistad, mensajes novedosos, nuevos comentarios y una gran cantidad de otros eventos fascinantes. Adem\u00e1s, este complemento se integra perfectamente con el aclamado complemento de miembro Ultimate, lo que le otorga la invaluable oportunidad de personalizar meticulosamente las notificaciones de acuerdo con sus preferencias exigentes. Adem\u00e1s, posee la autonom\u00eda para habilitar o deshabilitar sin esfuerzo notificaciones exclusivamente para roles espec\u00edficos de usuarios o incluso usuarios individuales. Como una ventaja adicional, este complemento tambi\u00e9n abarca una interfaz f\u00e1cil de usar meticulosamente dise\u00f1ada que le brinda la m\u00e1xima conveniencia para administrar las notificaciones de manera efectiva y realizar un seguimiento diligente de todas las actividades que se producen dentro de su estimado sitio web. Al adoptar las notables capacidades de las notificaciones en tiempo real de los miembros finales, sin duda tiene el poder sin precedentes para aumentar la experiencia del usuario en su estimado sitio web de la comunidad al garantizar que sus estimados usuarios est\u00e9n perpetuamente comprometidos e impecablemente informados de manera oportuna.<\/p>\n<ul>\n<li>Reciba notificaciones instant\u00e1neos para eventos importantes en su sitio web de Ultimate Member<\/li>\n<li>Mant\u00e9ngase al d\u00eda con los nuevos registros de usuarios, aprobaciones pendientes, actualizaciones de cuentas y m\u00e1s<\/li>\n<li>Personalice sus preferencias de notificaci\u00f3n para recibir alertas solo para eventos espec\u00edficos y roles de usuario<\/li>\n<li>Elija entre notificaciones por correo electr\u00f3nico y navegador para la conveniencia final<\/li>\n<li>Disfrute de una integraci\u00f3n r\u00e1pida y perfecta con Ultimate Member Plugin<\/li>\n<li>Mejore su gesti\u00f3n de usuarios y su participaci\u00f3n al no volver a perder un evento importante<\/li>\n<\/ul>\n","protected":false},"excerpt":{"rendered":"<p>Mant\u00e9ngase informado y conectado con la notable funcionalidad ofrecida por Ultimate Miember RealTime Notifications, lo que le permite recibir actualizaciones r\u00e1pidas relacionadas con una amplia gama de actividades, como nuevos mensajes, solicitudes de amistad y actualizaciones, entre otras. Este incre\u00edble complemento le otorga la comodidad de personalizar sin esfuerzo sus preferencias de notificaci\u00f3n a trav\u00e9s de su dise\u00f1o elegante e intuitivo, asegurando que reciba alertas inmediatas directamente en su dispositivo. Ya sea que se encuentre en la posici\u00f3n de supervisar una comunidad en l\u00ednea bulliciosa o simplemente aspire a permanecer bien informado con respecto a los desarrollos m\u00e1s recientes, puede confiar sin duda en las notificaciones de tiempo real de los miembros finales como el instrumento por excelencia por excelencia para facilitar un medio de comunicaci\u00f3n sin interrupciones y sin interrupciones.<\/p>\n","protected":false},"featured_media":167880,"comment_status":"open","ping_status":"open","template":"","meta":[],"product_brand":[2583],"product_cat":[1325,1206,1211],"product_tag":[2245],"class_list":{"0":"post-122245","1":"product","2":"type-product","3":"status-publish","4":"has-post-thumbnail","6":"product_brand-ultimate-member","7":"product_cat-afiliacion","8":"product_cat-plugins","9":"product_cat-wordpress-plugins","10":"product_tag-ultimate-member","11":"member-discount","12":"discount-restricted","14":"first","15":"instock","16":"sale","17":"downloadable","18":"virtual","19":"sold-individually","20":"purchasable","21":"product-type-simple"},"_links":{"self":[{"href":"https:\/\/gpl-love.com\/es\/wp-json\/wp\/v2\/product\/122245","targetHints":{"allow":["GET"]}}],"collection":[{"href":"https:\/\/gpl-love.com\/es\/wp-json\/wp\/v2\/product"}],"about":[{"href":"https:\/\/gpl-love.com\/es\/wp-json\/wp\/v2\/types\/product"}],"replies":[{"embeddable":true,"href":"https:\/\/gpl-love.com\/es\/wp-json\/wp\/v2\/comments?post=122245"}],"wp:featuredmedia":[{"embeddable":true,"href":"https:\/\/gpl-love.com\/es\/wp-json\/wp\/v2\/media\/167880"}],"wp:attachment":[{"href":"https:\/\/gpl-love.com\/es\/wp-json\/wp\/v2\/media?parent=122245"}],"wp:term":[{"taxonomy":"product_brand","embeddable":true,"href":"https:\/\/gpl-love.com\/es\/wp-json\/wp\/v2\/product_brand?post=122245"},{"taxonomy":"product_cat","embeddable":true,"href":"https:\/\/gpl-love.com\/es\/wp-json\/wp\/v2\/product_cat?post=122245"},{"taxonomy":"product_tag","embeddable":true,"href":"https:\/\/gpl-love.com\/es\/wp-json\/wp\/v2\/product_tag?post=122245"}],"curies":[{"name":"wp","href":"https:\/\/api.w.org\/{rel}","templated":true}]}}