{"id":122243,"date":"2024-11-28T00:00:00","date_gmt":"2024-11-28T05:00:00","guid":{"rendered":"https:\/\/gpl-love.com\/es\/producto\/ultimate-member-notices\/"},"modified":"2026-03-09T08:16:09","modified_gmt":"2026-03-09T13:16:09","slug":"ultimate-member-notices","status":"publish","type":"product","link":"https:\/\/gpl-love.com\/es\/producto\/ultimate-member-notices\/","title":{"rendered":"Ultimate Member Notices 2.1.9"},"content":{"rendered":"<h3>Ultimate Member Notices Caracteristicas<\/h3>\n<p>El mejor complemento de notificaciones de miembros es una herramienta de notificaci\u00f3n incre\u00edblemente robusta y rica en caracter\u00edsticas que le otorga la capacidad de enviar mensajes altamente personalizados a sus usuarios. Este complemento excepcional le permite crear notificaciones a medida sin esfuerzo para diversos roles de usuario, niveles de membres\u00eda o incluso individuos espec\u00edficos. Adem\u00e1s, facilita la configuraci\u00f3n de desencadenantes para una variedad de acciones diversas, que abarcan, entre otros, registro de usuarios, inicio de sesi\u00f3n, actualizaciones de perfil y mucho m\u00e1s. Excepcionalmente, este complemento ofrece una amplia selecci\u00f3n de opciones de notificaci\u00f3n para satisfacer sus necesidades espec\u00edficas, abarcar correo electr\u00f3nico, SMS, notificaci\u00f3n push e incluso notificaciones en la aplicaci\u00f3n. Adem\u00e1s, la interfaz f\u00e1cil de usar que acompa\u00f1a a este complemento le brinda la conveniencia de administrar y personalizar sin problemas sus notificaciones al deseo de su coraz\u00f3n. En consecuencia, no hace falta decir que el complemento de avisos de miembro de Ultimate es una herramienta indispensable para cualquier propietario del sitio web exigente anhelo de enriquecer su participaci\u00f3n de usuario y fomentar la comunicaci\u00f3n perfecta.<\/p>\n<ul>\n<li>Notificaciones de correo electr\u00f3nico personalizables a los usuarios.<\/li>\n<li>Opci\u00f3n para configurar mensajes automatizados para varias acciones del usuario.<\/li>\n<li>Capacidad para enviar notificaciones a grupos de usuarios espec\u00edficos o usuarios individuales.<\/li>\n<li>Opciones de notificaci\u00f3n para solicitudes de amistad, mensajes, actualizaciones de perfil y m\u00e1s.<\/li>\n<li>Interfaz f\u00e1cil de usar para una f\u00e1cil configuraci\u00f3n y gesti\u00f3n de notificaciones.<\/li>\n<li>Integraci\u00f3n con plataformas populares de marketing por correo electr\u00f3nico como MailChimp y Constant Contact.<\/li>\n<li>Compatible con Ultimate Member Plugin y otros complementos populares de WordPress.<\/li>\n<\/ul>\n","protected":false},"excerpt":{"rendered":"<p>Los avisos de los miembros Ultimate demuestran ser un complemento indispensable para su complemento de miembro Ultimate, ya que ofrece un conjunto de caracter\u00edsticas robusto y valioso. Al aprovechar esta potente herramienta, est\u00e1 facultado para enviar notificaciones automatizadas sin esfuerzo a sus usuarios, adaptadas espec\u00edficamente a sus actividades y comportamientos en su sitio web. A trav\u00e9s de la utilizaci\u00f3n de los avisos de los miembros Ultimate, se le otorga la capacidad de dise\u00f1ar mensajes personalizados y adaptables para una amplia gama de acciones del usuario, incluidas, entre otros, registros de nuevos usuarios, actualizaciones de perfil, modificaciones de contrase\u00f1a y muchos otros eventos. Al adoptar este sistema de notificaci\u00f3n f\u00e1cil de usar y altamente eficiente, puede asegurarse de que sus usuarios permanezcan bien informados y constantemente comprometidos con su plataforma.<\/p>\n","protected":false},"featured_media":167875,"comment_status":"open","ping_status":"open","template":"","meta":[],"product_brand":[2583],"product_cat":[1325,1206,1211],"product_tag":[2245],"class_list":{"0":"post-122243","1":"product","2":"type-product","3":"status-publish","4":"has-post-thumbnail","6":"product_brand-ultimate-member","7":"product_cat-afiliacion","8":"product_cat-plugins","9":"product_cat-wordpress-plugins","10":"product_tag-ultimate-member","11":"member-discount","12":"discount-restricted","14":"first","15":"instock","16":"sale","17":"downloadable","18":"virtual","19":"sold-individually","20":"purchasable","21":"product-type-simple"},"_links":{"self":[{"href":"https:\/\/gpl-love.com\/es\/wp-json\/wp\/v2\/product\/122243","targetHints":{"allow":["GET"]}}],"collection":[{"href":"https:\/\/gpl-love.com\/es\/wp-json\/wp\/v2\/product"}],"about":[{"href":"https:\/\/gpl-love.com\/es\/wp-json\/wp\/v2\/types\/product"}],"replies":[{"embeddable":true,"href":"https:\/\/gpl-love.com\/es\/wp-json\/wp\/v2\/comments?post=122243"}],"wp:featuredmedia":[{"embeddable":true,"href":"https:\/\/gpl-love.com\/es\/wp-json\/wp\/v2\/media\/167875"}],"wp:attachment":[{"href":"https:\/\/gpl-love.com\/es\/wp-json\/wp\/v2\/media?parent=122243"}],"wp:term":[{"taxonomy":"product_brand","embeddable":true,"href":"https:\/\/gpl-love.com\/es\/wp-json\/wp\/v2\/product_brand?post=122243"},{"taxonomy":"product_cat","embeddable":true,"href":"https:\/\/gpl-love.com\/es\/wp-json\/wp\/v2\/product_cat?post=122243"},{"taxonomy":"product_tag","embeddable":true,"href":"https:\/\/gpl-love.com\/es\/wp-json\/wp\/v2\/product_tag?post=122243"}],"curies":[{"name":"wp","href":"https:\/\/api.w.org\/{rel}","templated":true}]}}