{"id":122236,"date":"2025-01-16T00:00:00","date_gmt":"2025-01-16T05:00:00","guid":{"rendered":"https:\/\/gpl-love.com\/es\/producto\/product-sales-report-pro-para-woocommerce\/"},"modified":"2026-04-10T11:22:09","modified_gmt":"2026-04-10T16:22:09","slug":"product-sales-report-pro-para-woocommerce","status":"publish","type":"product","link":"https:\/\/gpl-love.com\/es\/producto\/product-sales-report-pro-para-woocommerce\/","title":{"rendered":"Product Sales Report Pro 2.2.52"},"content":{"rendered":"<h3>Product Sales Report Pro Caracteristicas<\/h3>\n<p>Product Sales Report Pro es una herramienta de software muy robusta y extremadamente potente que faculta efectivamente a las empresas acceder y profundizar sin esfuerzo en ideas y an\u00e1lisis intrincados y meticulosos de su rendimiento de ventas. Con una interfaz intuitivamente f\u00e1cil de usar, esta herramienta excepcional genera sin esfuerzo y ampliamente los informes integrales y abarrotables sobre una amplia gama de m\u00e9tricas, que abarca, pero no se limita a los ingresos, los m\u00e1rgenes de ganancias y el comportamiento del cliente. Adem\u00e1s, este software de vanguardia permite a las empresas rastrear y monitorear meticulosamente las tendencias de ventas y comparar meticulosamente y escrupulosamente el rendimiento en m\u00faltiples per\u00edodos de tiempo, lo que les permite tomar decisiones bien informadas e iluminadas e iluminadas e identificar de manera astuta y aprovechar oportunidades lucrativas y propicias. para el crecimiento. En esencia, el informe de ventas de productos es indiscutiblemente como una herramienta indispensable y por excelencia para cualquier negocio que busque ferviente y ardientemente optimizar y mejorar su estrategia de ventas e impulsar el \u00e9xito incomparable y rotundo.<\/p>\n<ul>\n<li>Informes de ventas integrales<\/li>\n<li>Visualizaci\u00f3n de datos de ventas en tiempo real<\/li>\n<li>Paneles de ventas personalizables<\/li>\n<li>Integraci\u00f3n con varias plataformas de ventas<\/li>\n<li>Opciones automatizadas de informes y entrega<\/li>\n<li>An\u00e1lisis de datos sofisticados y herramientas de pron\u00f3stico<\/li>\n<li>Capacidades eficientes de filtrado de datos y clasificaci\u00f3n<\/li>\n<li>Interfaz f\u00e1cil de usar para f\u00e1cil manipulaci\u00f3n de datos<\/li>\n<li>Caracter\u00edsticas de seguridad avanzadas para proteger los datos confidenciales<\/li>\n<li>Soluci\u00f3n escalable para empresas en crecimiento<\/li>\n<\/ul>\n","protected":false},"excerpt":{"rendered":"<p>Product Sales Report Pro es una soluci\u00f3n de software excepcionalmente poderosa meticulosamente dise\u00f1ada para facilitar las empresas en el logro de un seguimiento sin problemas y altamente eficiente del informe de ventas de sus productos. Este software ofrece informes integrales y altamente informativos que capacitan a los propietarios de negocios para tomar decisiones bien informadas y astutas relacionadas con sus estrategias de venta de productos. Gracias a su interfaz de usuario notablemente intuitiva, a las personas que utilizan este software tienen la notable oportunidad de personalizar su informe de ventas a sus especificaciones exactas, generando informes sin esfuerzo en una amplia gama de formatos, al tiempo que accede a ellos en su m\u00e1xima conveniencia, independientemente de la ubicaci\u00f3n o la ubicaci\u00f3n o la ubicaci\u00f3n. tiempo. Al aprovechar la indiscutible destreza del informe de ventas de productos Pro, las empresas pueden optimizar exhaustivamente su rendimiento de ventas y aumentar demostrablemente sus ingresos generales.<\/p>\n","protected":false},"featured_media":167262,"comment_status":"open","ping_status":"open","template":"","meta":[],"product_brand":[2538],"product_cat":[1208,1207,1206],"product_tag":[2273],"class_list":{"0":"post-122236","1":"product","2":"type-product","3":"status-publish","4":"has-post-thumbnail","6":"product_brand-wp-zone","7":"product_cat-administracion","8":"product_cat-comercio-electronico-plugins","9":"product_cat-plugins","10":"product_tag-wp-zone","11":"member-discount","12":"discount-restricted","14":"first","15":"instock","16":"sale","17":"downloadable","18":"virtual","19":"sold-individually","20":"purchasable","21":"product-type-simple"},"_links":{"self":[{"href":"https:\/\/gpl-love.com\/es\/wp-json\/wp\/v2\/product\/122236","targetHints":{"allow":["GET"]}}],"collection":[{"href":"https:\/\/gpl-love.com\/es\/wp-json\/wp\/v2\/product"}],"about":[{"href":"https:\/\/gpl-love.com\/es\/wp-json\/wp\/v2\/types\/product"}],"replies":[{"embeddable":true,"href":"https:\/\/gpl-love.com\/es\/wp-json\/wp\/v2\/comments?post=122236"}],"wp:featuredmedia":[{"embeddable":true,"href":"https:\/\/gpl-love.com\/es\/wp-json\/wp\/v2\/media\/167262"}],"wp:attachment":[{"href":"https:\/\/gpl-love.com\/es\/wp-json\/wp\/v2\/media?parent=122236"}],"wp:term":[{"taxonomy":"product_brand","embeddable":true,"href":"https:\/\/gpl-love.com\/es\/wp-json\/wp\/v2\/product_brand?post=122236"},{"taxonomy":"product_cat","embeddable":true,"href":"https:\/\/gpl-love.com\/es\/wp-json\/wp\/v2\/product_cat?post=122236"},{"taxonomy":"product_tag","embeddable":true,"href":"https:\/\/gpl-love.com\/es\/wp-json\/wp\/v2\/product_tag?post=122236"}],"curies":[{"name":"wp","href":"https:\/\/api.w.org\/{rel}","templated":true}]}}