{"id":122234,"date":"2022-02-11T00:00:00","date_gmt":"2022-02-11T05:00:00","guid":{"rendered":"https:\/\/gpl-love.com\/es\/producto\/mythemeshop-seekers-wordpress-theme\/"},"modified":"2026-04-10T11:18:22","modified_gmt":"2026-04-10T16:18:22","slug":"mythemeshop-seekers-wordpress-theme","status":"publish","type":"product","link":"https:\/\/gpl-love.com\/es\/producto\/mythemeshop-seekers-wordpress-theme\/","title":{"rendered":"MyThemeShop Seekers WordPress Theme 1.1.4"},"content":{"rendered":"<h3>MyThemeShop Seekers WordPress Theme Caracteristicas<\/h3>\n<p>El tema de WordPress de Mythemeshop Seekers, reconocido por su sofisticaci\u00f3n y modernidad, est\u00e1 espec\u00edficamente adaptado para satisfacer las necesidades de los bloggers y escritores en l\u00ednea. Sirve como una soluci\u00f3n notable para aquellos que aspiran a crear un sitio web atractivo y visualmente cautivador, todo sin el requisito de una extensa destreza de codificaci\u00f3n. Este tema cuenta con una gran cantidad de opciones personalizables, que van desde varios dise\u00f1os de p\u00e1gina de inicio hasta una variedad de widgets personalizados e incluso un constructor de p\u00e1ginas dise\u00f1ado intuitivamente. Adem\u00e1s, su enfoque primordial en la optimizaci\u00f3n para los motores de b\u00fasqueda y la adaptabilidad perfecta a los dispositivos m\u00f3viles asegura que su sitio web atraiga la atenci\u00f3n y la accesibilidad que realmente merece de una audiencia vasta y diversa. En virtud de su sofisticada est\u00e9tica y su funcionalidad f\u00e1cil de usar, el tema de WordPress de los buscadores de mythemesports surge como la elecci\u00f3n por excelencia para las personas que buscan elevar su presencia en l\u00ednea a nuevas alturas.<\/p>\n<ul>\n<li>Dise\u00f1o totalmente receptivo compatible con todos los dispositivos<\/li>\n<li>Opciones de dise\u00f1o m\u00faltiples para la personalizaci\u00f3n<\/li>\n<li>Optimizado para el SEO para mejorar el ranking del sitio web<\/li>\n<li>Construido con c\u00f3digo limpio y seguro para tiempos de carga m\u00e1s r\u00e1pidos y rendimiento mejorado del sitio<\/li>\n<li>Gesti\u00f3n de anuncios integrado para monetizar el tr\u00e1fico del sitio web<\/li>\n<li>Panel de opciones de temas f\u00e1ciles de usar para personalizaci\u00f3n simple<\/li>\n<li>Admite m\u00faltiples formatos de publicaci\u00f3n que incluyen video, audio y galer\u00edas<\/li>\n<li>Viene con m\u00faltiples dise\u00f1os y widgets de la p\u00e1gina de inicio preconstruida<\/li>\n<li>Traducci\u00f3n lista para audiencias globales<\/li>\n<li>Atenci\u00f3n al cliente 24\/7 y documentaci\u00f3n detallada proporcionada.<\/li>\n<\/ul>\n","protected":false},"excerpt":{"rendered":"<p>El tema de WordPress de los buscadores, desarrollado por Mythemeshop, es un tema exquisitamente dise\u00f1ado y de vanguardia que atiende espec\u00edficamente a los bloggers, fot\u00f3grafos y profesionales creativos. Con un dise\u00f1o visualmente atractivo y elegante, este tema ofrece opciones de personalizaci\u00f3n incomparables para su p\u00e1gina de inicio, lo que le permite mostrar sin esfuerzo su trabajo y cautivar a su audiencia. Adem\u00e1s, su naturaleza amigable para dispositivos m\u00f3viles garantiza una experiencia de navegaci\u00f3n perfecta para los usuarios en varios dispositivos. Adem\u00e1s, con caracter\u00edsticas como una integraci\u00f3n perfecta con plataformas de redes sociales, un dise\u00f1o altamente receptivo y la capacidad de aumentar su sitio con widgets personalizados, los buscadores ofrecen una amplia gama de herramientas para garantizar que su sitio web se destaque de la competencia. Ya sea que se est\u00e9 embarcando en un nuevo esfuerzo de blogs o que busque renovar su presencia en l\u00ednea existente, los buscadores de mythemeshop emergen como la mejor opci\u00f3n, ofreciendo un tema de WordPress refinado y f\u00e1cil de usar que indudablemente superar\u00e1 sus expectativas.<\/p>\n","protected":false},"featured_media":166931,"comment_status":"open","ping_status":"open","template":"","meta":[],"product_brand":[2505],"product_cat":[1267,1237,1238],"product_tag":[1334],"class_list":{"0":"post-122234","1":"product","2":"type-product","3":"status-publish","4":"has-post-thumbnail","6":"product_brand-my-theme-shop","7":"product_cat-creativo","8":"product_cat-temas","9":"product_cat-wordpress-temas","10":"product_tag-my-theme-shop","11":"member-discount","12":"discount-restricted","14":"first","15":"instock","16":"sale","17":"downloadable","18":"virtual","19":"sold-individually","20":"purchasable","21":"product-type-simple"},"_links":{"self":[{"href":"https:\/\/gpl-love.com\/es\/wp-json\/wp\/v2\/product\/122234","targetHints":{"allow":["GET"]}}],"collection":[{"href":"https:\/\/gpl-love.com\/es\/wp-json\/wp\/v2\/product"}],"about":[{"href":"https:\/\/gpl-love.com\/es\/wp-json\/wp\/v2\/types\/product"}],"replies":[{"embeddable":true,"href":"https:\/\/gpl-love.com\/es\/wp-json\/wp\/v2\/comments?post=122234"}],"wp:featuredmedia":[{"embeddable":true,"href":"https:\/\/gpl-love.com\/es\/wp-json\/wp\/v2\/media\/166931"}],"wp:attachment":[{"href":"https:\/\/gpl-love.com\/es\/wp-json\/wp\/v2\/media?parent=122234"}],"wp:term":[{"taxonomy":"product_brand","embeddable":true,"href":"https:\/\/gpl-love.com\/es\/wp-json\/wp\/v2\/product_brand?post=122234"},{"taxonomy":"product_cat","embeddable":true,"href":"https:\/\/gpl-love.com\/es\/wp-json\/wp\/v2\/product_cat?post=122234"},{"taxonomy":"product_tag","embeddable":true,"href":"https:\/\/gpl-love.com\/es\/wp-json\/wp\/v2\/product_tag?post=122234"}],"curies":[{"name":"wp","href":"https:\/\/api.w.org\/{rel}","templated":true}]}}