{"id":122212,"date":"2021-12-28T00:00:00","date_gmt":"2021-12-28T05:00:00","guid":{"rendered":"https:\/\/gpl-love.com\/es\/producto\/mythemeshop-reactor-wordpress-theme\/"},"modified":"2026-03-13T17:25:44","modified_gmt":"2026-03-13T22:25:44","slug":"mythemeshop-reactor-wordpress-theme","status":"publish","type":"product","link":"https:\/\/gpl-love.com\/es\/producto\/mythemeshop-reactor-wordpress-theme\/","title":{"rendered":"MyThemeShop Reactor WordPress Theme 1.1.3"},"content":{"rendered":"<h3>MyThemeShop Reactor WordPress Theme Caracteristicas<\/h3>\n<p>El tema del reactor WordPress, desarrollado por Mythemeshop, es un ejemplo de una plantilla de sitio web contempor\u00e1nea y elegante que atiende a las necesidades de blogueros, empresas y tiendas en l\u00ednea por igual. Su caracter\u00edstica de vanguardia es su dise\u00f1o receptivo, que permite una accesibilidad suave en una gran cantidad de dispositivos. Adem\u00e1s, este tema ofrece una variedad de opciones de personalizaci\u00f3n, que abarca una selecci\u00f3n ilimitada de esquemas de color, widgets personalizables y diversas opciones de fuentes. Sorprendentemente, el tema del reactor tambi\u00e9n se ha optimizado para los motores de b\u00fasqueda, asegurando una mayor visibilidad y alcanzar su contenido. Adem\u00e1s, cuenta con botones de intercambio social incorporados, facilitando la difusi\u00f3n de su contenido a un p\u00fablico m\u00e1s amplio. En particular, este tema es aclamado por su interfaz f\u00e1cil de usar, lo que la hace accesible incluso a los novatos. Adem\u00e1s, el tema est\u00e1 equipado con una variedad de dise\u00f1os de demostraci\u00f3n predise\u00f1ados, que ofrece a los usuarios la conveniencia de importar estos dise\u00f1os con solo unos pocos clics. Con el tema del reactor WordPress, la tarea de crear un sitio web de grado profesional se acelera significativamente.<\/p>\n<ul>\n<li>Dise\u00f1o moderno con dise\u00f1o limpio y receptivo<\/li>\n<li>Optimizado para la velocidad y el SEO para garantizar la clasificaci\u00f3n de los motores de b\u00fasqueda superiores y los tiempos de carga r\u00e1pidos<\/li>\n<li>Opciones de dise\u00f1o personalizables, que incluyen esquemas de color y fuentes ilimitados<\/li>\n<li>Opciones de dise\u00f1o m\u00faltiples para elegir para un control creativo completo<\/li>\n<li>Sistema de gesti\u00f3n de anuncios incorporado para una f\u00e1cil monetizaci\u00f3n<\/li>\n<li>Panel de opciones de temas avanzados para una f\u00e1cil configuraci\u00f3n y personalizaci\u00f3n<\/li>\n<li>Compatibilidad del navegador cruzado y dise\u00f1o totalmente receptivo para todos los dispositivos<\/li>\n<li>Integraci\u00f3n con complementos populares, incluidos WooCommerce y Yoast SEO<\/li>\n<li>Equipo de apoyo dedicado para ayudar con cualquier pregunta o problema<\/li>\n<li>Instalaci\u00f3n de un solo clic para configuraci\u00f3n y uso sin problemas.<\/li>\n<\/ul>\n","protected":false},"excerpt":{"rendered":"<p>El tema del reactor Mythemeshop WordPress, caracterizado por su naturaleza elegante y vers\u00e1til, se presenta como una elecci\u00f3n exquisita para las personas que buscan construir un sitio web contempor\u00e1neo y adaptable. El dise\u00f1o intuitivo de este tema, junto con su impresionante variedad de caracter\u00edsticas, facilita la personalizaci\u00f3n sin esfuerzo de su sitio, lo que le permite exhibir su contenido de una manera pulida y sofisticada. Independientemente de si su objetivo implica establecer un blog, una plataforma de comercio electr\u00f3nico o cualquier otro esfuerzo basado en la web, el tema del reactor ofrece un arsenal de herramientas que sin duda elevar\u00e1 la apariencia y la funcionalidad de su sitio web a alturas sin precedentes. Por lo tanto, \u00bfpor qu\u00e9 retrasar? Aproveche la oportunidad de explorar las posibilidades ilimitadas presentadas por Mythemeshop Reactor y, por lo tanto, impulsar su presencia en l\u00ednea a un escal\u00f3n completamente nuevo.<\/p>\n","protected":false},"featured_media":166925,"comment_status":"open","ping_status":"open","template":"","meta":[],"product_brand":[2505],"product_cat":[1267,1237,1238],"product_tag":[1334],"class_list":{"0":"post-122212","1":"product","2":"type-product","3":"status-publish","4":"has-post-thumbnail","6":"product_brand-my-theme-shop","7":"product_cat-creativo","8":"product_cat-temas","9":"product_cat-wordpress-temas","10":"product_tag-my-theme-shop","11":"member-discount","12":"discount-restricted","14":"first","15":"instock","16":"sale","17":"downloadable","18":"virtual","19":"sold-individually","20":"purchasable","21":"product-type-simple"},"_links":{"self":[{"href":"https:\/\/gpl-love.com\/es\/wp-json\/wp\/v2\/product\/122212","targetHints":{"allow":["GET"]}}],"collection":[{"href":"https:\/\/gpl-love.com\/es\/wp-json\/wp\/v2\/product"}],"about":[{"href":"https:\/\/gpl-love.com\/es\/wp-json\/wp\/v2\/types\/product"}],"replies":[{"embeddable":true,"href":"https:\/\/gpl-love.com\/es\/wp-json\/wp\/v2\/comments?post=122212"}],"wp:featuredmedia":[{"embeddable":true,"href":"https:\/\/gpl-love.com\/es\/wp-json\/wp\/v2\/media\/166925"}],"wp:attachment":[{"href":"https:\/\/gpl-love.com\/es\/wp-json\/wp\/v2\/media?parent=122212"}],"wp:term":[{"taxonomy":"product_brand","embeddable":true,"href":"https:\/\/gpl-love.com\/es\/wp-json\/wp\/v2\/product_brand?post=122212"},{"taxonomy":"product_cat","embeddable":true,"href":"https:\/\/gpl-love.com\/es\/wp-json\/wp\/v2\/product_cat?post=122212"},{"taxonomy":"product_tag","embeddable":true,"href":"https:\/\/gpl-love.com\/es\/wp-json\/wp\/v2\/product_tag?post=122212"}],"curies":[{"name":"wp","href":"https:\/\/api.w.org\/{rel}","templated":true}]}}