{"id":122210,"date":"2021-12-28T00:00:00","date_gmt":"2021-12-28T05:00:00","guid":{"rendered":"https:\/\/gpl-love.com\/es\/producto\/mythemeshop-fresh-wordpress-theme\/"},"modified":"2026-03-13T17:25:25","modified_gmt":"2026-03-13T22:25:25","slug":"mythemeshop-fresh-wordpress-theme","status":"publish","type":"product","link":"https:\/\/gpl-love.com\/es\/producto\/mythemeshop-fresh-wordpress-theme\/","title":{"rendered":"MyThemeShop Fresh WordPress Theme 1.1.1"},"content":{"rendered":"<h3>MyThemeShop Fresh WordPress Theme Caracteristicas<\/h3>\n<p>El tema Mythemeshop Fresh WordPress cuenta con un dise\u00f1o elegante y moderno, que exuda un aura de frescura y limpieza que seguramente cautivar\u00e1 y cautivar\u00e1 a cualquier visitante de su sitio web. No solo ofrece una variedad de opciones de personalizaci\u00f3n para satisfacer sus preferencias y requisitos \u00fanicos sin esfuerzo, sino que tambi\u00e9n pone un fuerte \u00e9nfasis en la velocidad y la optimizaci\u00f3n de motores de b\u00fasqueda, garantizando tiempos de carga r\u00e1pidos y clasificaciones favorables en los motores de b\u00fasqueda populares. Adem\u00e1s, este notable tema exhibe una capacidad de respuesta completa, garantizando su notable atractivo visual en cualquier dispositivo concebible, ya sea un escritorio convencional o un tel\u00e9fono m\u00f3vil de vanguardia. En virtud de su interfaz intuitiva y f\u00e1cil de usar junto con su innumerable caracter\u00edsticas poderosas, el tema Mythemeshop Fresh WordPress representa una opci\u00f3n excepcional para las personas que buscan crear un sitio web profesional y est\u00e9ticamente agradable.<\/p>\n<ul>\n<li>Dise\u00f1o altamente personalizable y totalmente receptivo<\/li>\n<li>Incluye m\u00faltiples opciones de dise\u00f1o de la p\u00e1gina de inicio<\/li>\n<li>Sistema de gesti\u00f3n de anuncios incorporado para monetizar su sitio web<\/li>\n<li>Caracter\u00edsticas avanzadas para mejorar la velocidad del sitio web y el SEO<\/li>\n<li>Botones integrados de intercambio de redes sociales<\/li>\n<li>Widgets y c\u00f3digos cortos personalizados para una f\u00e1cil creaci\u00f3n de contenido<\/li>\n<li>Importaci\u00f3n de demostraci\u00f3n de un solo clic para comenzar r\u00e1pidamente<\/li>\n<li>Equipo de soporte dedicado disponible 24\/7<\/li>\n<li>Compatible con todos los principales navegadores y complementos de WordPress<\/li>\n<li>Acceso de por vida a todas las actualizaciones de temas y nuevas caracter\u00edsticas<\/li>\n<\/ul>\n","protected":false},"excerpt":{"rendered":"<p>El tema de WordPress fresco de Mythemeshop, haciendo alarde de su elegancia y modernidad, surge como una elecci\u00f3n exquisita para cada sitio web, independientemente de su naturaleza. Su capacidad de respuesta permite una adaptabilidad perfecta en varios dispositivos, mientras que la gran cantidad de opciones personalizables permite a los usuarios adaptar su sitio a la perfecci\u00f3n. El c\u00f3digo meticulosamente elaborado garantiza un rendimiento \u00f3ptimo, lo que resulta en una experiencia de navegaci\u00f3n perfecta. Al deleitar a los usuarios con su variedad de secciones y dise\u00f1os preconstruidos, este tema permite sin esfuerzo la creaci\u00f3n de una est\u00e9tica distinta y personalizada sin la necesidad de ninguna experiencia de codificaci\u00f3n. Al mejorar a\u00fan m\u00e1s su funcionalidad, el tema integra perfectamente el intercambio de redes sociales, la optimizaci\u00f3n de SEO de los bolsadores y garantiza velocidades de carga r\u00e1pida, todas las cuales culminan en una experiencia de usuario mejorada. Eleve su sitio web a nuevas alturas de sofisticaci\u00f3n y usabilidad con el tema de WordPress de Mythemesshop fresco de Mythemesshop m\u00e1s elegante y f\u00e1cil de usar.<\/p>\n","protected":false},"featured_media":166902,"comment_status":"open","ping_status":"open","template":"","meta":[],"product_brand":[2505],"product_cat":[1646,1237,1238],"product_tag":[1334],"class_list":{"0":"post-122210","1":"product","2":"type-product","3":"status-publish","4":"has-post-thumbnail","6":"product_brand-my-theme-shop","7":"product_cat-alimentacion-y-restaurante","8":"product_cat-temas","9":"product_cat-wordpress-temas","10":"product_tag-my-theme-shop","11":"member-discount","12":"discount-restricted","14":"first","15":"instock","16":"sale","17":"downloadable","18":"virtual","19":"sold-individually","20":"purchasable","21":"product-type-simple"},"_links":{"self":[{"href":"https:\/\/gpl-love.com\/es\/wp-json\/wp\/v2\/product\/122210","targetHints":{"allow":["GET"]}}],"collection":[{"href":"https:\/\/gpl-love.com\/es\/wp-json\/wp\/v2\/product"}],"about":[{"href":"https:\/\/gpl-love.com\/es\/wp-json\/wp\/v2\/types\/product"}],"replies":[{"embeddable":true,"href":"https:\/\/gpl-love.com\/es\/wp-json\/wp\/v2\/comments?post=122210"}],"wp:featuredmedia":[{"embeddable":true,"href":"https:\/\/gpl-love.com\/es\/wp-json\/wp\/v2\/media\/166902"}],"wp:attachment":[{"href":"https:\/\/gpl-love.com\/es\/wp-json\/wp\/v2\/media?parent=122210"}],"wp:term":[{"taxonomy":"product_brand","embeddable":true,"href":"https:\/\/gpl-love.com\/es\/wp-json\/wp\/v2\/product_brand?post=122210"},{"taxonomy":"product_cat","embeddable":true,"href":"https:\/\/gpl-love.com\/es\/wp-json\/wp\/v2\/product_cat?post=122210"},{"taxonomy":"product_tag","embeddable":true,"href":"https:\/\/gpl-love.com\/es\/wp-json\/wp\/v2\/product_tag?post=122210"}],"curies":[{"name":"wp","href":"https:\/\/api.w.org\/{rel}","templated":true}]}}