{"id":122145,"date":"2024-11-28T00:00:00","date_gmt":"2024-11-28T05:00:00","guid":{"rendered":"https:\/\/gpl-love.com\/es\/producto\/ultimate-member-private-messages\/"},"modified":"2026-03-09T08:16:13","modified_gmt":"2026-03-09T13:16:13","slug":"ultimate-member-private-messages","status":"publish","type":"product","link":"https:\/\/gpl-love.com\/es\/producto\/ultimate-member-private-messages\/","title":{"rendered":"Ultimate Member Private Messages 2.4.2"},"content":{"rendered":"<h3>Ultimate Member Private Messages Caracteristicas<\/h3>\n<p>Ultimate Member Mensajes privados sirve como un complemento altamente sofisticado que tiene como objetivo elevar la experiencia de comunicaci\u00f3n en su sitio web, fomentando una interacci\u00f3n sin problemas entre los miembros. Al permitir que las personas intercambien mensajes de manera privada y segura, establece efectivamente un canal que garantiza la m\u00e1xima confidencialidad. Con una interfaz f\u00e1cil de usar, este complemento ofrece una facilidad de uso incomparable, lo que le permite navegar sin esfuerzo sus diversas caracter\u00edsticas. Adem\u00e1s, ofrece amplias opciones de personalizaci\u00f3n, lo que le otorga una autonom\u00eda completa sobre el sistema de mensajer\u00eda. Con Ultimate Member Mensajes privados a su disposici\u00f3n, tiene el poder de determinar qui\u00e9n tiene la capacidad de enviar mensajes y qui\u00e9n. Al incorporar este complemento en su sitio web, puede enriquecer significativamente la dimensi\u00f3n social y, en \u00faltima instancia, proporcionar a sus miembros estimados una experiencia que sea cautivadora e inmersiva.<\/p>\n<ul>\n<li>Sistema de mensajer\u00eda privada f\u00e1cil y simplificado para usuarios de miembros Ultimate<\/li>\n<li>Permite a los usuarios enviar y recibir mensajes privados dentro del mismo sitio web<\/li>\n<li>No es necesario usar servicios de correo electr\u00f3nico externos o plataformas de comunicaci\u00f3n<\/li>\n<li>Se puede utilizar para conversaciones individuales privadas o chat grupal<\/li>\n<li>Admite formato de texto enriquecido, incluidos enlaces, im\u00e1genes y videos<\/li>\n<li>Sistema de notificaci\u00f3n para alertar a los usuarios de los nuevos mensajes recibidos<\/li>\n<li>Los administradores pueden moderar y administrar mensajes privados para el sitio web<\/li>\n<li>Se puede personalizar para adaptarse a la marca y el dise\u00f1o del sitio web<\/li>\n<li>Compatible con los complementos y extensiones de Ultimate Miembro.<\/li>\n<\/ul>\n","protected":false},"excerpt":{"rendered":"<p>El mejor complemento de mensajes privados de miembros es una herramienta incre\u00edblemente robusta que se integra perfectamente con la comunidad de miembros definitivos, lo que permite a los miembros participar en una comunicaci\u00f3n directa y altamente segura. Con una interfaz elegante e intuitiva dise\u00f1ada, permite a los usuarios iniciar sin esfuerzo conversaciones privadas, intercambiar archivos adjuntos y acceder sin esfuerzo a sus archivos de mensajes. Este complemento rico en caracter\u00edsticas sirve como una v\u00eda salvaguardada para que los miembros establezcan conexiones significativas y se comuniquen efectivamente entre s\u00ed dentro de los l\u00edmites de su comunidad en l\u00ednea.<\/p>\n","protected":false},"featured_media":167878,"comment_status":"open","ping_status":"open","template":"","meta":[],"product_brand":[2583],"product_cat":[1325,1206,1211],"product_tag":[2245],"class_list":{"0":"post-122145","1":"product","2":"type-product","3":"status-publish","4":"has-post-thumbnail","6":"product_brand-ultimate-member","7":"product_cat-afiliacion","8":"product_cat-plugins","9":"product_cat-wordpress-plugins","10":"product_tag-ultimate-member","11":"member-discount","12":"discount-restricted","14":"first","15":"instock","16":"sale","17":"downloadable","18":"virtual","19":"sold-individually","20":"purchasable","21":"product-type-simple"},"_links":{"self":[{"href":"https:\/\/gpl-love.com\/es\/wp-json\/wp\/v2\/product\/122145","targetHints":{"allow":["GET"]}}],"collection":[{"href":"https:\/\/gpl-love.com\/es\/wp-json\/wp\/v2\/product"}],"about":[{"href":"https:\/\/gpl-love.com\/es\/wp-json\/wp\/v2\/types\/product"}],"replies":[{"embeddable":true,"href":"https:\/\/gpl-love.com\/es\/wp-json\/wp\/v2\/comments?post=122145"}],"wp:featuredmedia":[{"embeddable":true,"href":"https:\/\/gpl-love.com\/es\/wp-json\/wp\/v2\/media\/167878"}],"wp:attachment":[{"href":"https:\/\/gpl-love.com\/es\/wp-json\/wp\/v2\/media?parent=122145"}],"wp:term":[{"taxonomy":"product_brand","embeddable":true,"href":"https:\/\/gpl-love.com\/es\/wp-json\/wp\/v2\/product_brand?post=122145"},{"taxonomy":"product_cat","embeddable":true,"href":"https:\/\/gpl-love.com\/es\/wp-json\/wp\/v2\/product_cat?post=122145"},{"taxonomy":"product_tag","embeddable":true,"href":"https:\/\/gpl-love.com\/es\/wp-json\/wp\/v2\/product_tag?post=122145"}],"curies":[{"name":"wp","href":"https:\/\/api.w.org\/{rel}","templated":true}]}}